{"id":1007,"date":"2018-03-21T20:16:08","date_gmt":"2018-03-21T19:16:08","guid":{"rendered":"https:\/\/www.bemnutrir.com\/portal\/?page_id=1007"},"modified":"2018-03-23T18:04:43","modified_gmt":"2018-03-23T17:04:43","slug":"tabelas-de-percentis","status":"publish","type":"page","link":"https:\/\/www.bemnutrir.com\/portal\/?page_id=1007","title":{"rendered":"Tabelas de percentis"},"content":{"rendered":"<div class=\"supsystic-table-loader la-ball-spin-clockwise-fade-rotating la-2x\" style=\"color:#0000ff\"><div><\/div><div><\/div><div><\/div><div><\/div><div><\/div><div><\/div><div><\/div><div><\/div><\/div><div id=\"supsystic-table-10_68337\" class=\"supsystic-tables-wrap \" style=\" visibility: hidden; \" ><table id=\"supsystic-table-10\" class=\"supsystic-table compact border stripe lightboxImg cell-border\" data-id=\"10\" data-view-id=\"10_68337\" data-title=\"percentis ficheiros\" data-currency-format=\"$1,000.00\" data-percent-format=\"10.00%\" data-date-format=\"DD.MM.YYYY\" data-time-format=\"HH:mm\" data-features=\"[&quot;after_table_loaded_script&quot;,&quot;auto_width&quot;]\" data-search-value=\"\" data-lightbox-img=\"\" data-head=\"on\" data-head-rows-count=\"1\" data-pagination-length=\"50,100,All\" data-auto-index=\"off\" data-searching-settings=\"{&quot;minChars&quot;:&quot;0&quot;}\" data-lang=\"default\" data-override=\"{&quot;emptyTable&quot;:&quot;&quot;,&quot;info&quot;:&quot;&quot;,&quot;infoEmpty&quot;:&quot;&quot;,&quot;infoFiltered&quot;:&quot;&quot;,&quot;lengthMenu&quot;:&quot;&quot;,&quot;search&quot;:&quot;&quot;,&quot;zeroRecords&quot;:&quot;&quot;,&quot;exportLabel&quot;:&quot;&quot;,&quot;file&quot;:&quot;default&quot;}\" data-merged=\"[{&quot;row&quot;:0,&quot;col&quot;:0,&quot;rowspan&quot;:1,&quot;colspan&quot;:2},{&quot;row&quot;:0,&quot;col&quot;:0,&quot;rowspan&quot;:1,&quot;colspan&quot;:2},{&quot;row&quot;:0,&quot;col&quot;:2,&quot;rowspan&quot;:1,&quot;colspan&quot;:2},{&quot;row&quot;:0,&quot;col&quot;:2,&quot;rowspan&quot;:1,&quot;colspan&quot;:2},{&quot;row&quot;:0,&quot;col&quot;:4,&quot;rowspan&quot;:1,&quot;colspan&quot;:2},{&quot;row&quot;:0,&quot;col&quot;:4,&quot;rowspan&quot;:1,&quot;colspan&quot;:2},{&quot;row&quot;:0,&quot;col&quot;:6,&quot;rowspan&quot;:1,&quot;colspan&quot;:2},{&quot;row&quot;:0,&quot;col&quot;:6,&quot;rowspan&quot;:1,&quot;colspan&quot;:2},{&quot;row&quot;:1,&quot;col&quot;:0,&quot;rowspan&quot;:1,&quot;colspan&quot;:2},{&quot;row&quot;:1,&quot;col&quot;:0,&quot;rowspan&quot;:1,&quot;colspan&quot;:2},{&quot;row&quot;:1,&quot;col&quot;:2,&quot;rowspan&quot;:1,&quot;colspan&quot;:2},{&quot;row&quot;:1,&quot;col&quot;:2,&quot;rowspan&quot;:1,&quot;colspan&quot;:2},{&quot;row&quot;:1,&quot;col&quot;:4,&quot;rowspan&quot;:1,&quot;colspan&quot;:2},{&quot;row&quot;:1,&quot;col&quot;:4,&quot;rowspan&quot;:1,&quot;colspan&quot;:2},{&quot;row&quot;:1,&quot;col&quot;:6,&quot;rowspan&quot;:1,&quot;colspan&quot;:2},{&quot;row&quot;:1,&quot;col&quot;:6,&quot;rowspan&quot;:1,&quot;colspan&quot;:2},{&quot;row&quot;:3,&quot;col&quot;:0,&quot;rowspan&quot;:1,&quot;colspan&quot;:2},{&quot;row&quot;:3,&quot;col&quot;:0,&quot;rowspan&quot;:1,&quot;colspan&quot;:2},{&quot;row&quot;:3,&quot;col&quot;:2,&quot;rowspan&quot;:1,&quot;colspan&quot;:2},{&quot;row&quot;:3,&quot;col&quot;:2,&quot;rowspan&quot;:1,&quot;colspan&quot;:2},{&quot;row&quot;:3,&quot;col&quot;:4,&quot;rowspan&quot;:1,&quot;colspan&quot;:2},{&quot;row&quot;:3,&quot;col&quot;:4,&quot;rowspan&quot;:1,&quot;colspan&quot;:2},{&quot;row&quot;:3,&quot;col&quot;:6,&quot;rowspan&quot;:1,&quot;colspan&quot;:2},{&quot;row&quot;:3,&quot;col&quot;:6,&quot;rowspan&quot;:1,&quot;colspan&quot;:2}]\" data-responsive-mode=\"0\" data-from-history=\"0\" ><thead><tr><th data-cell-id=\"A1\" data-x=\"0\" data-y=\"1\" data-db-index=\"1\" class=\"bold htCenter htMiddle fsize-14\" data-cell-type=\"text\" data-original-value=\"Idade\/Peso\/Altura\" data-order=\"Idade\/Peso\/Altura\" data-colspan=\"2\" data-rowspan=\"1\" >Idade\/Peso\/Altura <\/th><th data-cell-id=\"B1\" data-x=\"1\" data-y=\"1\" data-db-index=\"1\" class=\"bold htCenter htMiddle fsize-14\" data-cell-type=\"text\" data-original-value=\"\" data-order=\"\" data-hide=\"true\" ><\/th><th data-cell-id=\"C1\" data-x=\"2\" data-y=\"1\" data-db-index=\"1\" class=\"bold htCenter htMiddle fsize-14\" data-cell-type=\"text\" data-original-value=\"Perimetro Cef\u00e1lico\/Idade\/Peso\/Altura\" data-order=\"Perimetro Cef\u00e1lico\/Idade\/Peso\/Altura\" data-colspan=\"2\" data-rowspan=\"1\" >Perimetro Cef\u00e1lico\/Idade\/Peso\/Altura <\/th><th data-cell-id=\"D1\" data-x=\"3\" data-y=\"1\" data-db-index=\"1\" class=\"bold htCenter htMiddle fsize-14\" data-cell-type=\"text\" data-original-value=\"\" data-order=\"\" data-hide=\"true\" ><\/th><th data-cell-id=\"E1\" data-x=\"4\" data-y=\"1\" data-db-index=\"1\" class=\"bold htCenter htMiddle fsize-14\" data-cell-type=\"text\" data-original-value=\"Idade\/IMC*\" data-order=\"Idade\/IMC*\" data-colspan=\"2\" data-rowspan=\"1\" >Idade\/IMC* <\/th><th data-cell-id=\"F1\" data-x=\"5\" data-y=\"1\" data-db-index=\"1\" class=\"bold htCenter htMiddle fsize-14\" data-cell-type=\"text\" data-original-value=\"\" data-order=\"\" data-hide=\"true\" ><\/th><th data-cell-id=\"G1\" data-x=\"6\" data-y=\"1\" data-db-index=\"1\" class=\"bold htCenter htMiddle fsize-14\" data-cell-type=\"text\" data-original-value=\"Peso\/Altura\" data-order=\"Peso\/Altura\" data-colspan=\"2\" data-rowspan=\"1\" >Peso\/Altura <\/th><th data-cell-id=\"H1\" data-x=\"7\" data-y=\"1\" data-db-index=\"1\" class=\"bold htCenter htMiddle fsize-14\" data-cell-type=\"text\" data-original-value=\"\" data-order=\"\" data-hide=\"true\" ><\/th><\/tr><\/thead><tbody><tr style=\"height:px\" ><td data-cell-id=\"A2\" data-x=\"0\" data-y=\"2\" data-db-index=\"2\" class=\"htCenter htMiddle fsize-13\" data-cell-type=\"text\" data-original-value=\"0 a 36 meses\" data-order=\"0 a 36 meses\" data-colspan=\"2\" data-rowspan=\"1\" >0 a 36 meses <\/td><td data-cell-id=\"B2\" data-x=\"1\" data-y=\"2\" data-db-index=\"2\" class=\"htCenter htMiddle fsize-13\" data-cell-type=\"text\" data-original-value=\"\" data-order=\"\" data-hide=\"true\" ><\/td><td data-cell-id=\"C2\" data-x=\"2\" data-y=\"2\" data-db-index=\"2\" class=\"htCenter htMiddle fsize-13\" data-cell-type=\"text\" data-original-value=\"0 a 36 meses\" data-order=\"0 a 36 meses\" data-colspan=\"2\" data-rowspan=\"1\" >0 a 36 meses <\/td><td data-cell-id=\"D2\" data-x=\"3\" data-y=\"2\" data-db-index=\"2\" class=\"htCenter htMiddle fsize-13\" data-cell-type=\"text\" data-original-value=\"\" data-order=\"\" data-hide=\"true\" ><\/td><td data-cell-id=\"E2\" data-x=\"4\" data-y=\"2\" data-db-index=\"2\" class=\"htCenter htMiddle fsize-13\" data-cell-type=\"text\" data-original-value=\"\" data-order=\"\" data-colspan=\"2\" data-rowspan=\"1\" ><\/td><td data-cell-id=\"F2\" data-x=\"5\" data-y=\"2\" data-db-index=\"2\" class=\"htCenter htMiddle fsize-13\" data-cell-type=\"text\" data-original-value=\"\" data-order=\"\" data-hide=\"true\" ><\/td><td data-cell-id=\"G2\" data-x=\"6\" data-y=\"2\" data-db-index=\"2\" class=\"htCenter htMiddle fsize-13\" data-cell-type=\"text\" data-original-value=\"0 a 36 meses\" data-order=\"0 a 36 meses\" data-colspan=\"2\" data-rowspan=\"1\" >0 a 36 meses <\/td><td data-cell-id=\"H2\" data-x=\"7\" data-y=\"2\" data-db-index=\"2\" class=\"htCenter htMiddle fsize-13\" data-cell-type=\"text\" data-original-value=\"\" data-order=\"\" data-hide=\"true\" ><\/td><\/tr><tr style=\"height:px\" ><td data-cell-id=\"A3\" data-x=\"0\" data-y=\"3\" data-db-index=\"3\" class=\"htCenter htMiddle fsize-13 color-0000ff\" data-cell-type=\"text\" data-original-value=\"&lt;a href=&quot;http:\/\/www.bemnutrir.com\/download\/per_0a36_meninos.pdf&quot; target=&quot;_blank&quot;&gt;Meninos&lt;\/a&gt;\" data-order=\"&lt;a href=&quot;http:\/\/www.bemnutrir.com\/download\/per_0a36_meninos.pdf&quot; target=&quot;_blank&quot;&gt;Meninos&lt;\/a&gt;\" ><a href=\"http:\/\/www.bemnutrir.com\/download\/per_0a36_meninos.pdf\" target=\"_blank\">Meninos<\/a><\/td><td data-cell-id=\"B3\" data-x=\"1\" data-y=\"3\" data-db-index=\"3\" class=\"htCenter htMiddle fsize-13 color-e336e3\" data-cell-type=\"text\" data-original-value=\"&lt;a href=&quot;http:\/\/www.bemnutrir.com\/download\/per_0a36_meninas.pdf&quot; target=&quot;_blank&quot;&gt;Meninas&lt;\/a&gt;\" data-order=\"&lt;a href=&quot;http:\/\/www.bemnutrir.com\/download\/per_0a36_meninas.pdf&quot; target=&quot;_blank&quot;&gt;Meninas&lt;\/a&gt;\" ><a href=\"http:\/\/www.bemnutrir.com\/download\/per_0a36_meninas.pdf\" target=\"_blank\">Meninas<\/a><\/td><td data-cell-id=\"C3\" data-x=\"2\" data-y=\"3\" data-db-index=\"3\" class=\"htCenter htMiddle fsize-13 color-0000ff\" data-cell-type=\"text\" data-original-value=\"&lt;a href=&quot;http:\/\/www.bemnutrir.com\/download\/pcipa_0a36_meninos.pdf&quot; target=&quot;_blank&quot;&gt;Meninos&lt;\/a&gt;\" data-order=\"&lt;a href=&quot;http:\/\/www.bemnutrir.com\/download\/pcipa_0a36_meninos.pdf&quot; target=&quot;_blank&quot;&gt;Meninos&lt;\/a&gt;\" ><a href=\"http:\/\/www.bemnutrir.com\/download\/pcipa_0a36_meninos.pdf\" target=\"_blank\">Meninos<\/a><\/td><td data-cell-id=\"D3\" data-x=\"3\" data-y=\"3\" data-db-index=\"3\" class=\"htCenter htMiddle fsize-13 color-e336e3\" data-cell-type=\"text\" data-original-value=\"&lt;a href=&quot;http:\/\/www.bemnutrir.com\/download\/pcipa_0a36_meninas.pdf&quot; target=&quot;_blank&quot;&gt;Meninas&lt;\/a&gt;\" data-order=\"&lt;a href=&quot;http:\/\/www.bemnutrir.com\/download\/pcipa_0a36_meninas.pdf&quot; target=&quot;_blank&quot;&gt;Meninas&lt;\/a&gt;\" ><a href=\"http:\/\/www.bemnutrir.com\/download\/pcipa_0a36_meninas.pdf\" target=\"_blank\">Meninas<\/a><\/td><td data-cell-id=\"E3\" data-x=\"4\" data-y=\"3\" data-db-index=\"3\" class=\"htCenter htMiddle fsize-13\" data-cell-type=\"text\" data-original-value=\"\" data-order=\"\" ><\/td><td data-cell-id=\"F3\" data-x=\"5\" data-y=\"3\" data-db-index=\"3\" class=\"htCenter htMiddle fsize-13\" data-cell-type=\"text\" data-original-value=\"\" data-order=\"\" ><\/td><td data-cell-id=\"G3\" data-x=\"6\" data-y=\"3\" data-db-index=\"3\" class=\"htCenter htMiddle fsize-13 color-0000ff\" data-cell-type=\"text\" data-original-value=\"&lt;a href=&quot;http:\/\/www.bemnutrir.com\/download\/ppa_meninos.pdf&quot; target=&quot;_blank&quot;&gt;Meninos&lt;\/a&gt;\" data-order=\"&lt;a href=&quot;http:\/\/www.bemnutrir.com\/download\/ppa_meninos.pdf&quot; target=&quot;_blank&quot;&gt;Meninos&lt;\/a&gt;\" ><a href=\"http:\/\/www.bemnutrir.com\/download\/ppa_meninos.pdf\" target=\"_blank\">Meninos<\/a><\/td><td data-cell-id=\"H3\" data-x=\"7\" data-y=\"3\" data-db-index=\"3\" class=\"htCenter htMiddle fsize-13 color-e336e3\" data-cell-type=\"text\" data-original-value=\"&lt;a href=&quot;http:\/\/www.bemnutrir.com\/download\/ppa_meninas.pdf&quot; target=&quot;_blank&quot;&gt;Meninas&lt;\/a&gt;\" data-order=\"&lt;a href=&quot;http:\/\/www.bemnutrir.com\/download\/ppa_meninas.pdf&quot; target=&quot;_blank&quot;&gt;Meninas&lt;\/a&gt;\" ><a href=\"http:\/\/www.bemnutrir.com\/download\/ppa_meninas.pdf\" target=\"_blank\">Meninas<\/a><\/td><\/tr><tr style=\"height:px\" ><td data-cell-id=\"A4\" data-x=\"0\" data-y=\"4\" data-db-index=\"4\" class=\"htCenter htMiddle fsize-13\" data-cell-type=\"text\" data-original-value=\"2 a 20 anos\" data-order=\"2 a 20 anos\" data-colspan=\"2\" data-rowspan=\"1\" >2 a 20 anos <\/td><td data-cell-id=\"B4\" data-x=\"1\" data-y=\"4\" data-db-index=\"4\" class=\"htCenter htMiddle fsize-13\" data-cell-type=\"text\" data-original-value=\"\" data-order=\"\" data-hide=\"true\" ><\/td><td data-cell-id=\"C4\" data-x=\"2\" data-y=\"4\" data-db-index=\"4\" class=\"htCenter htMiddle fsize-13\" data-cell-type=\"text\" data-original-value=\"\" data-order=\"\" data-colspan=\"2\" data-rowspan=\"1\" ><\/td><td data-cell-id=\"D4\" data-x=\"3\" data-y=\"4\" data-db-index=\"4\" class=\"htCenter htMiddle fsize-13\" data-cell-type=\"text\" data-original-value=\"\" data-order=\"\" data-hide=\"true\" ><\/td><td data-cell-id=\"E4\" data-x=\"4\" data-y=\"4\" data-db-index=\"4\" class=\"htCenter htMiddle fsize-13\" data-cell-type=\"text\" data-original-value=\"2 a 20 anos\" data-order=\"2 a 20 anos\" data-colspan=\"2\" data-rowspan=\"1\" >2 a 20 anos <\/td><td data-cell-id=\"F4\" data-x=\"5\" data-y=\"4\" data-db-index=\"4\" class=\"htCenter htMiddle fsize-13\" data-cell-type=\"text\" data-original-value=\"\" data-order=\"\" data-hide=\"true\" ><\/td><td data-cell-id=\"G4\" data-x=\"6\" data-y=\"4\" data-db-index=\"4\" class=\"htCenter htMiddle fsize-13\" data-cell-type=\"text\" data-original-value=\"\" data-order=\"\" data-colspan=\"2\" data-rowspan=\"1\" ><\/td><td data-cell-id=\"H4\" data-x=\"7\" data-y=\"4\" data-db-index=\"4\" class=\"htCenter htMiddle fsize-13\" data-cell-type=\"text\" data-original-value=\"\" data-order=\"\" data-hide=\"true\" ><\/td><\/tr><tr style=\"height:px\" ><td data-cell-id=\"A5\" data-x=\"0\" data-y=\"5\" data-db-index=\"5\" class=\"htCenter htMiddle fsize-13 color-0000ff\" data-cell-type=\"text\" data-original-value=\"&lt;a href=&quot;http:\/\/www.bemnutrir.com\/download\/per_2a20_meninos.pdf&quot; target=&quot;_blank&quot;&gt;Meninos&lt;\/a&gt;\" data-order=\"&lt;a href=&quot;http:\/\/www.bemnutrir.com\/download\/per_2a20_meninos.pdf&quot; target=&quot;_blank&quot;&gt;Meninos&lt;\/a&gt;\" ><a href=\"http:\/\/www.bemnutrir.com\/download\/per_2a20_meninos.pdf\" target=\"_blank\">Meninos<\/a><\/td><td data-cell-id=\"B5\" data-x=\"1\" data-y=\"5\" data-db-index=\"5\" class=\"htCenter htMiddle fsize-13 color-e336e3\" data-cell-type=\"text\" data-original-value=\"&lt;a href=&quot;http:\/\/www.bemnutrir.com\/download\/per_2a20_meninas.pdf&quot; target=&quot;_blank&quot;&gt;Meninas&lt;\/a&gt;\" data-order=\"&lt;a href=&quot;http:\/\/www.bemnutrir.com\/download\/per_2a20_meninas.pdf&quot; target=&quot;_blank&quot;&gt;Meninas&lt;\/a&gt;\" ><a href=\"http:\/\/www.bemnutrir.com\/download\/per_2a20_meninas.pdf\" target=\"_blank\">Meninas<\/a><\/td><td data-cell-id=\"C5\" data-x=\"2\" data-y=\"5\" data-db-index=\"5\" class=\"htCenter htMiddle fsize-13\" data-cell-type=\"text\" data-original-value=\"\" data-order=\"\" ><\/td><td data-cell-id=\"D5\" data-x=\"3\" data-y=\"5\" data-db-index=\"5\" class=\"htCenter htMiddle fsize-13\" data-cell-type=\"text\" data-original-value=\"\" data-order=\"\" ><\/td><td data-cell-id=\"E5\" data-x=\"4\" data-y=\"5\" data-db-index=\"5\" class=\"htCenter htMiddle fsize-13 color-0000ff\" data-cell-type=\"text\" data-original-value=\"&lt;a href=&quot;http:\/\/www.bemnutrir.com\/download\/pii_2a20_meninos.pdf&quot; target=&quot;_blank&quot;&gt;Meninos&lt;\/a&gt;\" data-order=\"&lt;a href=&quot;http:\/\/www.bemnutrir.com\/download\/pii_2a20_meninos.pdf&quot; target=&quot;_blank&quot;&gt;Meninos&lt;\/a&gt;\" ><a href=\"http:\/\/www.bemnutrir.com\/download\/pii_2a20_meninos.pdf\" target=\"_blank\">Meninos<\/a><\/td><td data-cell-id=\"F5\" data-x=\"5\" data-y=\"5\" data-db-index=\"5\" class=\"htCenter htMiddle fsize-13 color-e336e3\" data-cell-type=\"text\" data-original-value=\"&lt;a href=&quot;http:\/\/www.bemnutrir.com\/download\/pii_2a20_meninas.pdf&quot; target=&quot;_blank&quot;&gt;Meninas&lt;\/a&gt;\" data-order=\"&lt;a href=&quot;http:\/\/www.bemnutrir.com\/download\/pii_2a20_meninas.pdf&quot; target=&quot;_blank&quot;&gt;Meninas&lt;\/a&gt;\" ><a href=\"http:\/\/www.bemnutrir.com\/download\/pii_2a20_meninas.pdf\" target=\"_blank\">Meninas<\/a><\/td><td data-cell-id=\"G5\" data-x=\"6\" data-y=\"5\" data-db-index=\"5\" class=\"htCenter htMiddle fsize-13\" data-cell-type=\"text\" data-original-value=\"\" data-order=\"\" ><\/td><td data-cell-id=\"H5\" data-x=\"7\" data-y=\"5\" data-db-index=\"5\" class=\"htCenter htMiddle fsize-13\" data-cell-type=\"text\" data-original-value=\"\" data-order=\"\" ><\/td><\/tr><\/tbody><\/table><!-- \/#supsystic-table-10.supsystic-table --><\/div><!-- \/.supsystic-tables-wrap --><!-- Tables Generator by Supsystic --><!-- Version:1.10.48 --><!-- http:\/\/supsystic.com\/ --><a title=\"WordPress Data Table\" style=\"display:none;\" href=\"https:\/\/supsystic.com\/plugins\/wordpress-data-table-plugin\/?utm_medium=love_link\" target=\"_blank\">WordPress Data Table<\/a>\n<p><strong>*Nota:<\/strong>&nbsp;<span style=\"font-size: 12.0pt;\">O <strong>Centro de Controlo e Preven\u00e7\u00e3o de Doen\u00e7as<\/strong> dos EUA (Center for Disease Control and Prevention &#8211; CDC) estabeleceu o \u00edndice de massa corporal (IMC) ideal para crian\u00e7as entre os 2 e os 20 anos de idade. Veja a interpreta\u00e7\u00e3o do resultado no quadro abaixo:<\/span><\/p>\n<div class=\"supsystic-table-loader la-ball-spin-clockwise-fade-rotating la-2x\" style=\"color:#0000ff\"><div><\/div><div><\/div><div><\/div><div><\/div><div><\/div><div><\/div><div><\/div><div><\/div><\/div><div id=\"supsystic-table-7_28284\" class=\"supsystic-tables-wrap \" style=\" width:100%; visibility: hidden; \" data-table-width-fixed=\"100%\" ><table id=\"supsystic-table-7\" class=\"supsystic-table compact border stripe hover lightboxImg cell-border\" data-id=\"7\" data-view-id=\"7_28284\" data-title=\"percentis\" data-currency-format=\"$1,000.00\" data-percent-format=\"10.00%\" data-date-format=\"DD.MM.YYYY\" data-time-format=\"HH:mm\" data-features=\"[&quot;after_table_loaded_script&quot;]\" data-search-value=\"\" data-lightbox-img=\"\" data-head-rows-count=\"1\" data-pagination-length=\"50,100,All\" data-auto-index=\"off\" data-searching-settings=\"{&quot;minChars&quot;:&quot;0&quot;}\" data-lang=\"default\" data-override=\"{&quot;emptyTable&quot;:&quot;&quot;,&quot;info&quot;:&quot;&quot;,&quot;infoEmpty&quot;:&quot;&quot;,&quot;infoFiltered&quot;:&quot;&quot;,&quot;lengthMenu&quot;:&quot;&quot;,&quot;search&quot;:&quot;&quot;,&quot;zeroRecords&quot;:&quot;&quot;,&quot;exportLabel&quot;:&quot;&quot;,&quot;file&quot;:&quot;default&quot;}\" data-merged=\"[]\" data-responsive-mode=\"0\" data-from-history=\"0\" ><thead><tr><th class=\"\" style=\"width:50%; padding: 0 !important;\"><\/th><th class=\"\" style=\"width:50%; padding: 0 !important;\"><\/th><\/tr><\/thead><tbody><tr style=\"height:px\" ><td data-cell-id=\"A1\" data-x=\"0\" data-y=\"1\" data-db-index=\"1\" class=\"bold fsize-15 color-000000\" data-cell-type=\"text\" data-original-value=\"Percentil \u226595\" data-order=\"Percentil \u226595\" style=\"min-width:50%; width:50%;\" >Percentil \u226595 <\/td><td data-cell-id=\"B1\" data-x=\"1\" data-y=\"1\" data-db-index=\"1\" class=\"fsize-15 color-000000\" data-cell-type=\"text\" data-original-value=\"Excesso de peso\" data-order=\"Excesso de peso\" style=\"min-width:50%; width:50%;\" >Excesso de peso <\/td><\/tr><tr style=\"height:px\" ><td data-cell-id=\"A2\" data-x=\"0\" data-y=\"2\" data-db-index=\"2\" class=\"bold fsize-15 color-000000\" data-cell-type=\"text\" data-original-value=\"Percentil de 85 a &lt;95\" data-order=\"Percentil de 85 a &lt;95\" >Percentil de 85 a <95 <\/td><td data-cell-id=\"B2\" data-x=\"1\" data-y=\"2\" data-db-index=\"2\" class=\"fsize-15 color-000000\" data-cell-type=\"text\" data-original-value=\"Risco de excesso de peso\" data-order=\"Risco de excesso de peso\" >Risco de excesso de peso <\/td><\/tr><tr style=\"height:px\" ><td data-cell-id=\"A3\" data-x=\"0\" data-y=\"3\" data-db-index=\"3\" class=\"bold fsize-15 color-000000\" data-cell-type=\"text\" data-original-value=\"Percentil de 5 a &lt;85\" data-order=\"Percentil de 5 a &lt;85\" >Percentil de 5 a <85 <\/td><td data-cell-id=\"B3\" data-x=\"1\" data-y=\"3\" data-db-index=\"3\" class=\"fsize-15 color-000000\" data-cell-type=\"text\" data-original-value=\"Peso normal\" data-order=\"Peso normal\" >Peso normal <\/td><\/tr><tr style=\"height:px\" ><td data-cell-id=\"A4\" data-x=\"0\" data-y=\"4\" data-db-index=\"4\" class=\"bold fsize-15 color-000000\" data-cell-type=\"text\" data-original-value=\"Percentil &lt;5\" data-order=\"Percentil &lt;5\" >Percentil <5 <\/td><td data-cell-id=\"B4\" data-x=\"1\" data-y=\"4\" data-db-index=\"4\" class=\"fsize-15 color-000000\" data-cell-type=\"text\" data-original-value=\"Baixo peso\" data-order=\"Baixo peso\" >Baixo peso <\/td><\/tr><\/tbody><\/table><!-- \/#supsystic-table-7.supsystic-table --><\/div><!-- \/.supsystic-tables-wrap --><!-- Tables Generator by Supsystic --><!-- Version:1.10.48 --><!-- http:\/\/supsystic.com\/ --><a title=\"WordPress Data Table\" style=\"display:none;\" href=\"https:\/\/supsystic.com\/plugins\/wordpress-data-table-plugin\/?utm_medium=love_link\" target=\"_blank\">WordPress Data Table<\/a>\n<p><a href=\"https:\/\/www.bemnutrir.com\/portal\/?page_id=988\">\u2190 Controlo do peso<\/a><\/p>\n","protected":false},"excerpt":{"rendered":"<p>*Nota:&nbsp;O Centro de Controlo e Preven\u00e7\u00e3o de Doen\u00e7as dos EUA (Center for Disease Control and Prevention &#8211; CDC) estabeleceu o \u00edndice de massa corporal (IMC) ideal para crian\u00e7as entre os 2 e os 20 anos de idade. Veja a interpreta\u00e7\u00e3o do resultado no quadro abaixo: \u2190 Controlo do peso<\/p>\n","protected":false},"author":1,"featured_media":722,"parent":0,"menu_order":0,"comment_status":"closed","ping_status":"closed","template":"","meta":{"footnotes":""},"class_list":["post-1007","page","type-page","status-publish","has-post-thumbnail","hentry"],"_links":{"self":[{"href":"https:\/\/www.bemnutrir.com\/portal\/index.php?rest_route=\/wp\/v2\/pages\/1007","targetHints":{"allow":["GET"]}}],"collection":[{"href":"https:\/\/www.bemnutrir.com\/portal\/index.php?rest_route=\/wp\/v2\/pages"}],"about":[{"href":"https:\/\/www.bemnutrir.com\/portal\/index.php?rest_route=\/wp\/v2\/types\/page"}],"author":[{"embeddable":true,"href":"https:\/\/www.bemnutrir.com\/portal\/index.php?rest_route=\/wp\/v2\/users\/1"}],"replies":[{"embeddable":true,"href":"https:\/\/www.bemnutrir.com\/portal\/index.php?rest_route=%2Fwp%2Fv2%2Fcomments&post=1007"}],"version-history":[{"count":0,"href":"https:\/\/www.bemnutrir.com\/portal\/index.php?rest_route=\/wp\/v2\/pages\/1007\/revisions"}],"wp:featuredmedia":[{"embeddable":true,"href":"https:\/\/www.bemnutrir.com\/portal\/index.php?rest_route=\/wp\/v2\/media\/722"}],"wp:attachment":[{"href":"https:\/\/www.bemnutrir.com\/portal\/index.php?rest_route=%2Fwp%2Fv2%2Fmedia&parent=1007"}],"curies":[{"name":"wp","href":"https:\/\/api.w.org\/{rel}","templated":true}]}}