{"id":1066,"date":"2018-03-22T13:32:25","date_gmt":"2018-03-22T12:32:25","guid":{"rendered":"https:\/\/www.bemnutrir.com\/portal\/?page_id=1066"},"modified":"2018-03-23T16:36:34","modified_gmt":"2018-03-23T15:36:34","slug":"perimetro-da-cintura-2","status":"publish","type":"page","link":"https:\/\/www.bemnutrir.com\/portal\/?page_id=1066","title":{"rendered":"Per\u00edmetro da cintura"},"content":{"rendered":"<div class=\"supsystic-table-loader la-ball-spin-clockwise-fade-rotating la-2x\" style=\"color:#0000ff\"><div><\/div><div><\/div><div><\/div><div><\/div><div><\/div><div><\/div><div><\/div><div><\/div><\/div><div id=\"supsystic-table-3_67959\" class=\"supsystic-tables-wrap \" style=\" width:100%; visibility: hidden; \" data-table-width-fixed=\"100%\" ><table id=\"supsystic-table-3\" class=\"supsystic-table compact border lightboxImg cell-border\" data-id=\"3\" data-view-id=\"3_67959\" data-title=\"perimetro_cintura\" data-currency-format=\"$1,000.00\" data-percent-format=\"10.00%\" data-date-format=\"DD.MM.YYYY\" data-time-format=\"HH:mm\" data-features=\"[&quot;after_table_loaded_script&quot;]\" data-search-value=\"\" data-lightbox-img=\"\" data-head=\"on\" data-head-rows-count=\"1\" data-pagination-length=\"50,100,All\" data-auto-index=\"off\" data-searching-settings=\"{&quot;minChars&quot;:&quot;0&quot;}\" data-lang=\"default\" data-override=\"{&quot;emptyTable&quot;:&quot;&quot;,&quot;info&quot;:&quot;&quot;,&quot;infoEmpty&quot;:&quot;&quot;,&quot;infoFiltered&quot;:&quot;&quot;,&quot;lengthMenu&quot;:&quot;&quot;,&quot;search&quot;:&quot;&quot;,&quot;zeroRecords&quot;:&quot;&quot;,&quot;exportLabel&quot;:&quot;&quot;,&quot;file&quot;:&quot;default&quot;}\" data-merged=\"[]\" data-responsive-mode=\"0\" data-from-history=\"0\" ><thead><tr><th data-cell-id=\"A1\" data-x=\"0\" data-y=\"1\" data-db-index=\"1\" class=\"bold htCenter htMiddle bg-fcfcfc color-0000ff\" data-cell-type=\"text\" data-original-value=\"Tipo de ma\u00e7\u00e3\" data-order=\"Tipo de ma\u00e7\u00e3\" style=\"min-width:50%; \" >Tipo de ma\u00e7\u00e3 <\/th><th data-cell-id=\"B1\" data-x=\"1\" data-y=\"1\" data-db-index=\"1\" class=\"bold htCenter htMiddle bg-fcfcfc color-0000ff\" data-cell-type=\"text\" data-original-value=\"Tipo de p\u00eara\" data-order=\"Tipo de p\u00eara\" style=\"min-width:50%; \" >Tipo de p\u00eara <\/th><\/tr><\/thead><tbody><tr style=\"height:px\" ><td data-cell-id=\"A2\" data-x=\"0\" data-y=\"2\" data-db-index=\"2\" class=\"htCenter htMiddle\" data-cell-type=\"text\" data-original-value=\"&lt;img src=&quot;https:\/\/www.bemnutrir.com\/portal\/wp-content\/uploads\/2018\/03\/maca_perim..png&quot; \/&gt;\" data-order=\"&lt;img src=&quot;https:\/\/www.bemnutrir.com\/portal\/wp-content\/uploads\/2018\/03\/maca_perim..png&quot; \/&gt;\" ><img decoding=\"async\" data-src=\"https:\/\/www.bemnutrir.com\/portal\/wp-content\/uploads\/2018\/03\/maca_perim..png\" src=\"data:image\/svg+xml;base64,PHN2ZyB3aWR0aD0iMSIgaGVpZ2h0PSIxIiB4bWxucz0iaHR0cDovL3d3dy53My5vcmcvMjAwMC9zdmciPjwvc3ZnPg==\" class=\"lazyload\" style=\"--smush-placeholder-width: 136px; --smush-placeholder-aspect-ratio: 136\/149;\" \/><\/td><td data-cell-id=\"B2\" data-x=\"1\" data-y=\"2\" data-db-index=\"2\" class=\"htCenter htMiddle\" data-cell-type=\"text\" data-original-value=\"&lt;img src=&quot;https:\/\/www.bemnutrir.com\/portal\/wp-content\/uploads\/2018\/03\/pera_perim.png&quot; \/&gt;\" data-order=\"&lt;img src=&quot;https:\/\/www.bemnutrir.com\/portal\/wp-content\/uploads\/2018\/03\/pera_perim.png&quot; \/&gt;\" ><img decoding=\"async\" data-src=\"https:\/\/www.bemnutrir.com\/portal\/wp-content\/uploads\/2018\/03\/pera_perim.png\" src=\"data:image\/svg+xml;base64,PHN2ZyB3aWR0aD0iMSIgaGVpZ2h0PSIxIiB4bWxucz0iaHR0cDovL3d3dy53My5vcmcvMjAwMC9zdmciPjwvc3ZnPg==\" class=\"lazyload\" style=\"--smush-placeholder-width: 102px; --smush-placeholder-aspect-ratio: 102\/149;\" \/><\/td><\/tr><tr style=\"height:px\" ><td data-cell-id=\"A3\" data-x=\"0\" data-y=\"3\" data-db-index=\"3\" class=\"htMiddle htCenter color-0000ff\" data-cell-type=\"text\" data-original-value=\"A gordura est\u00e1 acumulada principalmente na zona abdominal. \u00c9 mais frequente no g\u00e9nero masculino.\" data-order=\"A gordura est\u00e1 acumulada principalmente na zona abdominal. \u00c9 mais frequente no g\u00e9nero masculino.\" >A gordura est\u00e1 acumulada principalmente na zona abdominal. \u00c9 mais frequente no g\u00e9nero masculino. <\/td><td data-cell-id=\"B3\" data-x=\"1\" data-y=\"3\" data-db-index=\"3\" class=\"htMiddle htCenter color-0000ff\" data-cell-type=\"text\" data-original-value=\"A gordura est\u00e1 acumulada principalmente na zona da anca e dos gl\u00fateos. \u00c9 mais frequente no g\u00e9nero feminino.\" data-order=\"A gordura est\u00e1 acumulada principalmente na zona da anca e dos gl\u00fateos. \u00c9 mais frequente no g\u00e9nero feminino.\" >A gordura est\u00e1 acumulada principalmente na zona da anca e dos gl\u00fateos. \u00c9 mais frequente no g\u00e9nero feminino. <\/td><\/tr><tr style=\"height:px\" ><td data-cell-id=\"A4\" data-x=\"0\" data-y=\"4\" data-db-index=\"4\" class=\"htCenter htMiddle\" data-cell-type=\"text\" data-original-value=\"&lt;img src=&quot;https:\/\/www.bemnutrir.com\/portal\/wp-content\/uploads\/2018\/03\/perim_maca.png&quot; \/&gt;\" data-order=\"&lt;img src=&quot;https:\/\/www.bemnutrir.com\/portal\/wp-content\/uploads\/2018\/03\/perim_maca.png&quot; \/&gt;\" ><img decoding=\"async\" data-src=\"https:\/\/www.bemnutrir.com\/portal\/wp-content\/uploads\/2018\/03\/perim_maca.png\" src=\"data:image\/svg+xml;base64,PHN2ZyB3aWR0aD0iMSIgaGVpZ2h0PSIxIiB4bWxucz0iaHR0cDovL3d3dy53My5vcmcvMjAwMC9zdmciPjwvc3ZnPg==\" class=\"lazyload\" style=\"--smush-placeholder-width: 200px; --smush-placeholder-aspect-ratio: 200\/272;\" \/><\/td><td data-cell-id=\"B4\" data-x=\"1\" data-y=\"4\" data-db-index=\"4\" class=\"htCenter htMiddle\" data-cell-type=\"text\" data-original-value=\"&lt;img src=&quot;https:\/\/www.bemnutrir.com\/portal\/wp-content\/uploads\/2018\/03\/perim_pera.png&quot; \/&gt;\" data-order=\"&lt;img src=&quot;https:\/\/www.bemnutrir.com\/portal\/wp-content\/uploads\/2018\/03\/perim_pera.png&quot; \/&gt;\" ><img decoding=\"async\" data-src=\"https:\/\/www.bemnutrir.com\/portal\/wp-content\/uploads\/2018\/03\/perim_pera.png\" src=\"data:image\/svg+xml;base64,PHN2ZyB3aWR0aD0iMSIgaGVpZ2h0PSIxIiB4bWxucz0iaHR0cDovL3d3dy53My5vcmcvMjAwMC9zdmciPjwvc3ZnPg==\" class=\"lazyload\" style=\"--smush-placeholder-width: 200px; --smush-placeholder-aspect-ratio: 200\/272;\" \/><\/td><\/tr><\/tbody><\/table><!-- \/#supsystic-table-3.supsystic-table --><\/div><!-- \/.supsystic-tables-wrap --><!-- Tables Generator by Supsystic --><!-- Version:1.10.48 --><!-- http:\/\/supsystic.com\/ --><a title=\"WordPress Data Table\" style=\"display:none;\" href=\"https:\/\/supsystic.com\/plugins\/wordpress-data-table-plugin\/?utm_medium=love_link\" target=\"_blank\">WordPress Data Table<\/a>\n<p><span style=\"color: #0000ff;\">A forma mais perigosa de obesidade \u00e9 a do tipo ma\u00e7\u00e3. Para diferenciar estes dois tipos de obesidade existe uma simples medi\u00e7\u00e3o do per\u00edmetro da cintura que nos informa a deposi\u00e7\u00e3o da gordura e o risco de se sofrer de algum tipo de patologias.<\/span><\/p>\n<div class=\"supsystic-table-loader la-ball-spin-clockwise-fade-rotating la-2x\" style=\"color:#0000ff\"><div><\/div><div><\/div><div><\/div><div><\/div><div><\/div><div><\/div><div><\/div><div><\/div><\/div><div id=\"supsystic-table-4_63184\" class=\"supsystic-tables-wrap \" style=\" width:100%; visibility: hidden; \" data-table-width-fixed=\"100%\" ><table id=\"supsystic-table-4\" class=\"supsystic-table compact border lightboxImg cell-border\" data-id=\"4\" data-view-id=\"4_63184\" data-title=\"perimetro_cintura_2\" data-currency-format=\"$1,000.00\" data-percent-format=\"10.00%\" data-date-format=\"DD.MM.YYYY\" data-time-format=\"HH:mm\" data-features=\"[&quot;after_table_loaded_script&quot;]\" data-search-value=\"\" data-lightbox-img=\"\" data-head=\"on\" data-head-rows-count=\"2\" data-pagination-length=\"50,100,All\" data-auto-index=\"off\" data-searching-settings=\"{&quot;minChars&quot;:&quot;0&quot;}\" data-lang=\"default\" data-override=\"{&quot;emptyTable&quot;:&quot;&quot;,&quot;info&quot;:&quot;&quot;,&quot;infoEmpty&quot;:&quot;&quot;,&quot;infoFiltered&quot;:&quot;&quot;,&quot;lengthMenu&quot;:&quot;&quot;,&quot;search&quot;:&quot;&quot;,&quot;zeroRecords&quot;:&quot;&quot;,&quot;exportLabel&quot;:&quot;&quot;,&quot;file&quot;:&quot;default&quot;}\" data-merged=\"[{&quot;row&quot;:0,&quot;col&quot;:0,&quot;rowspan&quot;:2,&quot;colspan&quot;:1},{&quot;row&quot;:0,&quot;col&quot;:1,&quot;rowspan&quot;:2,&quot;colspan&quot;:1},{&quot;row&quot;:0,&quot;col&quot;:2,&quot;rowspan&quot;:1,&quot;colspan&quot;:2},{&quot;row&quot;:0,&quot;col&quot;:2,&quot;rowspan&quot;:1,&quot;colspan&quot;:2},{&quot;row&quot;:0,&quot;col&quot;:0,&quot;rowspan&quot;:2,&quot;colspan&quot;:1},{&quot;row&quot;:0,&quot;col&quot;:1,&quot;rowspan&quot;:2,&quot;colspan&quot;:1},{&quot;row&quot;:2,&quot;col&quot;:0,&quot;rowspan&quot;:2,&quot;colspan&quot;:1},{&quot;row&quot;:2,&quot;col&quot;:0,&quot;rowspan&quot;:2,&quot;colspan&quot;:1}]\" data-responsive-mode=\"0\" data-from-history=\"0\" ><thead><tr><th data-cell-id=\"A1\" data-x=\"0\" data-y=\"1\" data-db-index=\"1\" class=\"htMiddle htCenter bg-45995e color-ffffff bold\" data-cell-type=\"text\" data-original-value=\"Medi\u00e7\u00e3o\" data-order=\"Medi\u00e7\u00e3o\" style=\"min-width:26.3815%; \" data-colspan=\"1\" data-rowspan=\"2\" >Medi\u00e7\u00e3o <\/th><th data-cell-id=\"B1\" data-x=\"1\" data-y=\"1\" data-db-index=\"1\" class=\"htMiddle htCenter bg-45995e color-ffffff bold\" data-cell-type=\"text\" data-original-value=\"G\u00e9nero\" data-order=\"G\u00e9nero\" style=\"min-width:11.4082%; \" data-colspan=\"1\" data-rowspan=\"2\" >G\u00e9nero <\/th><th data-cell-id=\"C1\" data-x=\"2\" data-y=\"1\" data-db-index=\"1\" class=\"htMiddle htCenter bg-45995e color-ffffff bold\" data-cell-type=\"text\" data-original-value=\"N\u00edvel de Risco de Patologias\" data-order=\"N\u00edvel de Risco de Patologias\" style=\"min-width:37.2549%; \" data-colspan=\"2\" data-rowspan=\"1\" >N\u00edvel de Risco de Patologias <\/th><th data-cell-id=\"D1\" data-x=\"3\" data-y=\"1\" data-db-index=\"1\" class=\"htMiddle htCenter bg-45995e color-ffffff bold\" data-cell-type=\"text\" data-original-value=\"\" data-order=\"\" style=\"min-width:24.9554%; \" data-hide=\"true\" ><\/th><\/tr><tr><th data-cell-id=\"A2\" data-x=\"0\" data-y=\"2\" data-db-index=\"2\" class=\"htMiddle htCenter bg-45995e color-ffffff bold\" data-cell-type=\"text\" data-original-value=\"\" data-order=\"\" data-hide=\"true\" ><\/th><th data-cell-id=\"B2\" data-x=\"1\" data-y=\"2\" data-db-index=\"2\" class=\"htMiddle htCenter bg-45995e color-ffffff bold\" data-cell-type=\"text\" data-original-value=\"\" data-order=\"\" data-hide=\"true\" ><\/th><th data-cell-id=\"C2\" data-x=\"2\" data-y=\"2\" data-db-index=\"2\" class=\"htMiddle htCenter bg-62e086 bold\" data-cell-type=\"text\" data-original-value=\"Aumentado\" data-order=\"Aumentado\" >Aumentado <\/th><th data-cell-id=\"D2\" data-x=\"3\" data-y=\"2\" data-db-index=\"2\" class=\"htMiddle htCenter bg-62e086 bold\" data-cell-type=\"text\" data-original-value=\"Muito Aumentado\" data-order=\"Muito Aumentado\" >Muito Aumentado <\/th><\/tr><\/thead><tbody><tr style=\"height:px\" ><td data-cell-id=\"A3\" data-x=\"0\" data-y=\"3\" data-db-index=\"3\" class=\"htMiddle htCenter bg-9ae1e3\" data-cell-type=\"text\" data-original-value=\"Per\u00edmetro de Cintura\" data-order=\"Per\u00edmetro de Cintura\" data-colspan=\"1\" data-rowspan=\"2\" >Per\u00edmetro de Cintura <\/td><td data-cell-id=\"B3\" data-x=\"1\" data-y=\"3\" data-db-index=\"3\" class=\"htMiddle htCenter bg-9ae1e3\" data-cell-type=\"text\" data-original-value=\"Homem\" data-order=\"Homem\" >Homem <\/td><td data-cell-id=\"C3\" data-x=\"2\" data-y=\"3\" data-db-index=\"3\" class=\"htMiddle htCenter bg-9ae1e3\" data-cell-type=\"text\" data-original-value=\"&gt; ou = 94 cm\" data-order=\"&gt; ou = 94 cm\" >> ou = 94 cm <\/td><td data-cell-id=\"D3\" data-x=\"3\" data-y=\"3\" data-db-index=\"3\" class=\"htMiddle htCenter bg-9ae1e3\" data-cell-type=\"text\" data-original-value=\"&gt; ou = 102 cm\" data-order=\"&gt; ou = 102 cm\" >> ou = 102 cm <\/td><\/tr><tr style=\"height:px\" ><td data-cell-id=\"A4\" data-x=\"0\" data-y=\"4\" data-db-index=\"4\" class=\"htMiddle htCenter bg-9ae1e3\" data-cell-type=\"text\" data-original-value=\"\" data-order=\"\" data-hide=\"true\" ><\/td><td data-cell-id=\"B4\" data-x=\"1\" data-y=\"4\" data-db-index=\"4\" class=\"htMiddle htCenter bg-9ae1e3\" data-cell-type=\"text\" data-original-value=\"Mulher\" data-order=\"Mulher\" >Mulher <\/td><td data-cell-id=\"C4\" data-x=\"2\" data-y=\"4\" data-db-index=\"4\" class=\"htMiddle htCenter bg-9ae1e3\" data-cell-type=\"text\" data-original-value=\"&gt; ou = 80 cm\" data-order=\"&gt; ou = 80 cm\" >> ou = 80 cm <\/td><td data-cell-id=\"D4\" data-x=\"3\" data-y=\"4\" data-db-index=\"4\" class=\"htMiddle htCenter bg-9ae1e3\" data-cell-type=\"text\" data-original-value=\"&gt; ou = 88 cm\" data-order=\"&gt; ou = 88 cm\" >> ou = 88 cm <\/td><\/tr><\/tbody><\/table><!-- \/#supsystic-table-4.supsystic-table --><\/div><!-- \/.supsystic-tables-wrap --><!-- Tables Generator by Supsystic --><!-- Version:1.10.48 --><!-- http:\/\/supsystic.com\/ --><a title=\"WordPress Data Table\" style=\"display:none;\" href=\"https:\/\/supsystic.com\/plugins\/wordpress-data-table-plugin\/?utm_medium=love_link\" target=\"_blank\">WordPress Data Table<\/a>\n<p><a href=\"https:\/\/www.bemnutrir.com\/portal\/?page_id=988\">\u2190 Controlo do peso<\/a><\/p>\n","protected":false},"excerpt":{"rendered":"<p>A forma mais perigosa de obesidade \u00e9 a do tipo ma\u00e7\u00e3. Para diferenciar estes dois tipos de obesidade existe uma simples medi\u00e7\u00e3o do per\u00edmetro da cintura que nos informa a deposi\u00e7\u00e3o da gordura e o risco de se sofrer de algum tipo de patologias. \u2190 Controlo do peso<\/p>\n","protected":false},"author":1,"featured_media":722,"parent":0,"menu_order":0,"comment_status":"closed","ping_status":"closed","template":"","meta":{"footnotes":""},"class_list":["post-1066","page","type-page","status-publish","has-post-thumbnail","hentry"],"_links":{"self":[{"href":"https:\/\/www.bemnutrir.com\/portal\/index.php?rest_route=\/wp\/v2\/pages\/1066","targetHints":{"allow":["GET"]}}],"collection":[{"href":"https:\/\/www.bemnutrir.com\/portal\/index.php?rest_route=\/wp\/v2\/pages"}],"about":[{"href":"https:\/\/www.bemnutrir.com\/portal\/index.php?rest_route=\/wp\/v2\/types\/page"}],"author":[{"embeddable":true,"href":"https:\/\/www.bemnutrir.com\/portal\/index.php?rest_route=\/wp\/v2\/users\/1"}],"replies":[{"embeddable":true,"href":"https:\/\/www.bemnutrir.com\/portal\/index.php?rest_route=%2Fwp%2Fv2%2Fcomments&post=1066"}],"version-history":[{"count":0,"href":"https:\/\/www.bemnutrir.com\/portal\/index.php?rest_route=\/wp\/v2\/pages\/1066\/revisions"}],"wp:featuredmedia":[{"embeddable":true,"href":"https:\/\/www.bemnutrir.com\/portal\/index.php?rest_route=\/wp\/v2\/media\/722"}],"wp:attachment":[{"href":"https:\/\/www.bemnutrir.com\/portal\/index.php?rest_route=%2Fwp%2Fv2%2Fmedia&parent=1066"}],"curies":[{"name":"wp","href":"https:\/\/api.w.org\/{rel}","templated":true}]}}