{"id":1116,"date":"2018-03-29T21:14:49","date_gmt":"2018-03-29T20:14:49","guid":{"rendered":"https:\/\/www.bemnutrir.com\/portal\/?page_id=1116"},"modified":"2018-03-29T22:17:45","modified_gmt":"2018-03-29T21:17:45","slug":"gasto-energetico-basal","status":"publish","type":"page","link":"https:\/\/www.bemnutrir.com\/portal\/?page_id=1116","title":{"rendered":"Gasto energ\u00e9tico basal (GEB)"},"content":{"rendered":"<script data-category=\"functional\" type=\"text\/javascript\" src=\"https:\/\/www.bemnutrir.com\/portal\/wp-includes\/js\/jquery\/jquery.js\"><\/script><script data-category=\"functional\" type=\"text\/javascript\" src=\"https:\/\/www.bemnutrir.com\/portal\/wp-includes\/js\/jquery\/ui\/core.min.js\"><\/script><script data-category=\"functional\" type=\"text\/javascript\" src=\"https:\/\/www.bemnutrir.com\/portal\/wp-includes\/js\/jquery\/ui\/datepicker.min.js\"><\/script><script data-category=\"functional\" type=\"text\/javascript\" src=\"https:\/\/www.bemnutrir.com\/portal\/wp-includes\/js\/jquery\/ui\/tooltip.min.js\"><\/script><script data-category=\"functional\" type=\"text\/javascript\" src=\"https:\/\/www.bemnutrir.com\/portal\/wp-includes\/js\/jquery\/ui\/mouse.min.js\"><\/script><script data-category=\"functional\" type=\"text\/javascript\" src=\"https:\/\/www.bemnutrir.com\/portal\/wp-includes\/js\/jquery\/ui\/slider.min.js\"><\/script>\t\t\t\t\t<script data-category=\"functional\" type='text\/javascript'> if( typeof fbuilderjQuery == 'undefined' && typeof jQuery != 'undefined' ) fbuilderjQuery = jQuery;<\/script>\n\t\t\t\t\t<script data-category=\"functional\" type='text\/javascript' src='https:\/\/www.bemnutrir.com\/portal\/wp-content\/plugins\/calculated-fields-form\/vendors\/jquery.validate.js'><\/script>\n\t\t\t\t\t<script data-category=\"functional\" type='text\/javascript' src='https:\/\/www.bemnutrir.com\/portal\/wp-content\/plugins\/calculated-fields-form\/vendors\/purify.min.js'><\/script>\n\t\t\t\t\t<script data-category=\"functional\" type='text\/javascript' src='https:\/\/www.bemnutrir.com\/portal\/wp-content\/plugins\/calculated-fields-form\/js\/cache\/all.js?ver=5.4.5.5'><\/script>\n\t\t\t\t\t\t\t\t\t<pre style=\"display:none !important;\"><script data-category=\"functional\" type='text\/javascript'>cp_calculatedfieldsf_fbuilder_config_1={\"obj\":{\"pub\":true,\"form\":\"12\",\"identifier\":\"_1\",\"messages\":{\"required\":\"Campo obrigat\\u00f3rio!\",\"email\":\"Please enter a valid email address.\",\"datemmddyyyy\":\"Please enter a valid date with this format(mm\\\/dd\\\/yyyy)\",\"dateddmmyyyy\":\"Please enter a valid date with this format(dd\\\/mm\\\/yyyy)\",\"number\":\"Please enter a valid number.\",\"digits\":\"Please enter only digits.\",\"max\":\"Please enter a value less than or equal to {0}.\",\"min\":\"Please enter a value greater than or equal to {0}.\",\"previous\":\"Previous\",\"next\":\"Next\",\"pageof\":\"Page {0} of {0}\",\"audio_tutorial\":\"Help\",\"ai_assistant_button\":\"Apply suggestion\",\"ai_assistant_generating\":\"Generating suggestion...\",\"minlength\":\"Please enter at least {0} characters.\",\"maxlength\":\"Please enter no more than {0} characters.\",\"equalTo\":\"Please enter the same value again.\",\"accept\":\"Please enter a value with a valid extension.\",\"upload_size\":\"The file you've chosen is too big, maximum is {0} kB.\",\"phone\":\"Invalid phone number.\",\"currency\":\"Please enter a valid currency value.\"}}};<\/script><\/pre>\n\t\t\t\t<link href=\"https:\/\/www.bemnutrir.com\/portal\/wp-content\/plugins\/calculated-fields-form\/templates\/12\/style.css?ver=5.4.5.5\" type=\"text\/css\" rel=\"stylesheet\" property=\"stylesheet\" \/><script data-category=\"functional\" src=\"https:\/\/www.bemnutrir.com\/portal\/wp-content\/plugins\/calculated-fields-form\/templates\/12\/js.js?ver=5.4.5.5\"><\/script><style>@media (max-width:480px){#cp_calculatedfieldsf_pform_1{min-height:892px;}}@media (max-width:1024px){#cp_calculatedfieldsf_pform_1{min-height:607px;}}@media (min-width:1024px){#cp_calculatedfieldsf_pform_1{min-height:614px;}}<\/style><form name=\"cp_calculatedfieldsf_pform_1\" id=\"cp_calculatedfieldsf_pform_1\" action=\"https:\/\/www.bemnutrir.com\/portal\/?page_id=1116\" method=\"post\" enctype=\"multipart\/form-data\" onsubmit=\"return fbuilderjQuery.fbuilder.doValidate(this);\" class=\"cff-form no-prefetch  cff-form-12 cp_cff_12\"  data-nonce=\"1c2f11542f\">\n<input type=\"hidden\" name=\"cp_calculatedfieldsf_pform_psequence\" value=\"_1\" \/>\n<input type=\"hidden\" name=\"cp_calculatedfieldsf_id\" value=\"12\" \/>\n<input type=\"hidden\" name=\"cp_ref_page\" value=\"https:\/\/www.bemnutrir.com\/portal\" \/>\n<pre style=\"display:none !important;\"><script data-category=\"functional\" type=\"text\/javascript\">form_structure_1=[[{\"form_identifier\":\"\",\"name\":\"fieldname2\",\"shortlabel\":\"\",\"index\":0,\"ftype\":\"fnumber\",\"userhelp\":\"\",\"userhelpTooltip\":false,\"csslayout\":\"\",\"title\":\"A sua altura em centimetros\",\"predefined\":\"150\",\"predefinedClick\":false,\"required\":true,\"readonly\":false,\"size\":\"small\",\"thousandSeparator\":\"\",\"decimalSymbol\":\".\",\"min\":\"\",\"max\":\"\",\"formatDynamically\":false,\"dformat\":\"number\",\"formats\":[\"digits\",\"number\"],\"fBuild\":{},\"parent\":\"\"},{\"form_identifier\":\"\",\"name\":\"fieldname4\",\"shortlabel\":\"\",\"index\":1,\"ftype\":\"fnumber\",\"userhelp\":\"\",\"userhelpTooltip\":false,\"csslayout\":\"\",\"title\":\"A sua idade\",\"predefined\":\"20\",\"predefinedClick\":false,\"required\":true,\"readonly\":false,\"size\":\"small\",\"thousandSeparator\":\"\",\"decimalSymbol\":\".\",\"min\":\"\",\"max\":\"\",\"formatDynamically\":false,\"dformat\":\"number\",\"formats\":[\"digits\",\"number\"],\"fBuild\":{},\"parent\":\"\"},{\"form_identifier\":\"\",\"name\":\"fieldname3\",\"shortlabel\":\"\",\"index\":2,\"ftype\":\"fnumber\",\"userhelp\":\"\",\"userhelpTooltip\":false,\"csslayout\":\"\",\"title\":\"O seu peso em quilogramas\",\"predefined\":\"50\",\"predefinedClick\":false,\"required\":true,\"readonly\":false,\"size\":\"small\",\"thousandSeparator\":\"\",\"decimalSymbol\":\".\",\"min\":\"\",\"max\":\"\",\"formatDynamically\":false,\"dformat\":\"number\",\"formats\":[\"digits\",\"number\"],\"fBuild\":{},\"parent\":\"\"},{\"form_identifier\":\"\",\"name\":\"separator1\",\"shortlabel\":\"\",\"index\":3,\"ftype\":\"fSectionBreak\",\"userhelp\":\"\",\"userhelpTooltip\":false,\"csslayout\":\"\",\"title\":\"Gasto energ\\u00e9tico basal \",\"fBuild\":{},\"parent\":\"\"},{\"form_identifier\":\"\",\"name\":\"fieldname1\",\"shortlabel\":\"\",\"index\":4,\"ftype\":\"fCalculated\",\"userhelp\":\"\",\"userhelpTooltip\":false,\"csslayout\":\"\",\"title\":\"Homens\",\"predefined\":\"\",\"required\":false,\"size\":\"small\",\"toolbar\":\"default|mathematical\",\"eq\":\"PREC(66.47+(fieldname3*13.75)+(fieldname2*5)-(fieldname4*6.76),1)\",\"suffix\":\"\",\"prefix\":\"\",\"decimalsymbol\":\".\",\"groupingsymbol\":\"\",\"dependencies\":[{\"rule\":\"\",\"complex\":false,\"fields\":[\"\"]}],\"readonly\":true,\"hidefield\":false,\"fBuild\":{},\"parent\":\"\"},{\"form_identifier\":\"\",\"name\":\"fieldname5\",\"shortlabel\":\"\",\"index\":5,\"ftype\":\"fCalculated\",\"userhelp\":\"\",\"userhelpTooltip\":false,\"csslayout\":\"\",\"title\":\"Mulheres\",\"predefined\":\"\",\"required\":false,\"size\":\"small\",\"toolbar\":\"default|mathematical\",\"eq\":\"PREC(665.1+(fieldname3*9.56)+(fieldname2*1.85)-(fieldname4*4.68),1)\",\"suffix\":\"\",\"prefix\":\"\",\"decimalsymbol\":\".\",\"groupingsymbol\":\"\",\"dependencies\":[{\"rule\":\"\",\"complex\":false,\"fields\":[\"\"]}],\"readonly\":true,\"hidefield\":false,\"fBuild\":{},\"parent\":\"\"}],{\"0\":{\"title\":\"\",\"description\":\"O gasto energ\\u00e9tico basal (GEB) \\u00e9 uma f\\u00f3rmula desenvolvida por Harris e Benedict, em 1919, que estima a quantidade de energia necess\\u00e1ria para a manuten\\u00e7\\u00e3o das fun\\u00e7\\u00f5es vitais do organismo em repouso e em jejum de 10 a 12 horas. \\u00c9 expresso em quilocalorias (kcal). Esta f\\u00f3rmula pode ser utilizada em crian\\u00e7as e adultos de todas as idades.\",\"formlayout\":\"top_aligned\",\"formtemplate\":\"cp_cff_12\",\"evalequations\":1,\"autocomplete\":1,\"persistence\":0,\"customstyles\":\"\"},\"formid\":\"cp_calculatedfieldsf_pform_1\"}];<\/script><\/pre>\n<div id=\"fbuilder\">\n\t\t<div id=\"fbuilder_1\">\n\t\t<div id=\"formheader_1\"><\/div>\n\t\t<div id=\"fieldlist_1\"><\/div>\n\t\t<div class=\"clearer\"><\/div>\n\t<\/div>\n<\/div>\n\t<div id=\"cp_subbtn_1\" class=\"cp_subbtn\" style=\"display:none;\"><\/div><div class=\"clearer\"><\/div>\n\t<input type=\"hidden\" id=\"_cpcff_public_nonce\" name=\"_cpcff_public_nonce\" value=\"f6e0da4683\" \/><input type=\"hidden\" name=\"_wp_http_referer\" value=\"\/portal\/index.php?rest_route=%2Fwp%2Fv2%2Fpages%2F1116\" \/><input type=\"hidden\" name=\"cff_form_start_time\" value=\"UWLysw5wQZaK2\/gjIbDXZg==\"><\/form>\n\t\n<p>&nbsp;<\/p>\n<p><strong>Refer\u00eancias:<\/strong><br \/>\n<em>Harris JA, Benedict FG. A biometric study of basal metabolism in man. Washington, Carnegie Institute of Washington, 1919.<br \/>\n<\/em><br \/>\n<em> Silva SRJ e Waitzberg DL. Gasto Energ\u00e9tico. In: Waitzberg DL. Nutri\u00e7\u00e3o Oral, Enteral e Parenteral na Pr\u00e1tica Cl\u00ednica. S\u00e3o Paulo: Atheneu; 2000. p327-42.<\/em><\/p>\n<p><a href=\"https:\/\/www.bemnutrir.com\/portal\/?page_id=1119\"><span style=\"color: #000000;\">\u2190&nbsp;Gasto energ\u00e9tico basal di\u00e1rio<\/span><\/a><\/p>\n","protected":false},"excerpt":{"rendered":"<p>&nbsp; Refer\u00eancias: Harris JA, Benedict FG. A biometric study of basal metabolism in man. Washington, Carnegie Institute of Washington, 1919. Silva SRJ e Waitzberg DL. Gasto Energ\u00e9tico. In: Waitzberg DL. Nutri\u00e7\u00e3o Oral, Enteral e Parenteral na Pr\u00e1tica Cl\u00ednica. S\u00e3o Paulo: Atheneu; 2000. p327-42. \u2190&nbsp;Gasto energ\u00e9tico basal di\u00e1rio<\/p>\n","protected":false},"author":1,"featured_media":722,"parent":0,"menu_order":0,"comment_status":"closed","ping_status":"closed","template":"","meta":{"footnotes":""},"class_list":["post-1116","page","type-page","status-publish","has-post-thumbnail","hentry"],"_links":{"self":[{"href":"https:\/\/www.bemnutrir.com\/portal\/index.php?rest_route=\/wp\/v2\/pages\/1116","targetHints":{"allow":["GET"]}}],"collection":[{"href":"https:\/\/www.bemnutrir.com\/portal\/index.php?rest_route=\/wp\/v2\/pages"}],"about":[{"href":"https:\/\/www.bemnutrir.com\/portal\/index.php?rest_route=\/wp\/v2\/types\/page"}],"author":[{"embeddable":true,"href":"https:\/\/www.bemnutrir.com\/portal\/index.php?rest_route=\/wp\/v2\/users\/1"}],"replies":[{"embeddable":true,"href":"https:\/\/www.bemnutrir.com\/portal\/index.php?rest_route=%2Fwp%2Fv2%2Fcomments&post=1116"}],"version-history":[{"count":0,"href":"https:\/\/www.bemnutrir.com\/portal\/index.php?rest_route=\/wp\/v2\/pages\/1116\/revisions"}],"wp:featuredmedia":[{"embeddable":true,"href":"https:\/\/www.bemnutrir.com\/portal\/index.php?rest_route=\/wp\/v2\/media\/722"}],"wp:attachment":[{"href":"https:\/\/www.bemnutrir.com\/portal\/index.php?rest_route=%2Fwp%2Fv2%2Fmedia&parent=1116"}],"curies":[{"name":"wp","href":"https:\/\/api.w.org\/{rel}","templated":true}]}}