{"id":1119,"date":"2018-03-29T21:39:18","date_gmt":"2018-03-29T20:39:18","guid":{"rendered":"https:\/\/www.bemnutrir.com\/portal\/?page_id=1119"},"modified":"2018-03-29T22:11:03","modified_gmt":"2018-03-29T21:11:03","slug":"gasto-energetico-basal-diario","status":"publish","type":"page","link":"https:\/\/www.bemnutrir.com\/portal\/?page_id=1119","title":{"rendered":"Gasto energ\u00e9tico basal di\u00e1rio"},"content":{"rendered":"<p><span style=\"color: #0000ff;\">Nesta p\u00e1gina vai poder calcular o gasto di\u00e1rio do organismo. Escolha uma das op\u00e7\u00f5es:<\/span><\/p>\n<ul>\n<li><a href=\"https:\/\/www.bemnutrir.com\/portal\/?page_id=1116\"><span style=\"color: #0000ff;\">Gasto energ\u00e9tico basal (GEB)<\/span><\/a><\/li>\n<li><a href=\"https:\/\/www.bemnutrir.com\/portal\/?page_id=1120\"><span style=\"color: #0000ff;\">Gasto energ\u00e9tico total (GET) dos doentes<\/span><\/a><\/li>\n<\/ul>\n","protected":false},"excerpt":{"rendered":"<p>Nesta p\u00e1gina vai poder calcular o gasto di\u00e1rio do organismo. Escolha uma das op\u00e7\u00f5es: Gasto energ\u00e9tico basal (GEB) Gasto energ\u00e9tico total (GET) dos doentes<\/p>\n","protected":false},"author":1,"featured_media":722,"parent":0,"menu_order":0,"comment_status":"closed","ping_status":"closed","template":"","meta":{"footnotes":""},"class_list":["post-1119","page","type-page","status-publish","has-post-thumbnail","hentry"],"_links":{"self":[{"href":"https:\/\/www.bemnutrir.com\/portal\/index.php?rest_route=\/wp\/v2\/pages\/1119","targetHints":{"allow":["GET"]}}],"collection":[{"href":"https:\/\/www.bemnutrir.com\/portal\/index.php?rest_route=\/wp\/v2\/pages"}],"about":[{"href":"https:\/\/www.bemnutrir.com\/portal\/index.php?rest_route=\/wp\/v2\/types\/page"}],"author":[{"embeddable":true,"href":"https:\/\/www.bemnutrir.com\/portal\/index.php?rest_route=\/wp\/v2\/users\/1"}],"replies":[{"embeddable":true,"href":"https:\/\/www.bemnutrir.com\/portal\/index.php?rest_route=%2Fwp%2Fv2%2Fcomments&post=1119"}],"version-history":[{"count":0,"href":"https:\/\/www.bemnutrir.com\/portal\/index.php?rest_route=\/wp\/v2\/pages\/1119\/revisions"}],"wp:featuredmedia":[{"embeddable":true,"href":"https:\/\/www.bemnutrir.com\/portal\/index.php?rest_route=\/wp\/v2\/media\/722"}],"wp:attachment":[{"href":"https:\/\/www.bemnutrir.com\/portal\/index.php?rest_route=%2Fwp%2Fv2%2Fmedia&parent=1119"}],"curies":[{"name":"wp","href":"https:\/\/api.w.org\/{rel}","templated":true}]}}