{"id":1120,"date":"2018-03-29T21:39:40","date_gmt":"2018-03-29T20:39:40","guid":{"rendered":"https:\/\/www.bemnutrir.com\/portal\/?page_id=1120"},"modified":"2018-03-29T22:17:40","modified_gmt":"2018-03-29T21:17:40","slug":"gasto-energetico-total-get-dos-doentes","status":"publish","type":"page","link":"https:\/\/www.bemnutrir.com\/portal\/?page_id=1120","title":{"rendered":"Gasto energ\u00e9tico total (GET) dos doentes"},"content":{"rendered":"<p>O gasto energ\u00e9tico total corresponde \u00e0 energia requerida pelo indiv\u00edduo durante o per\u00edodo de 24 horas.<br \/>\nObtenha <a href=\"https:\/\/www.bemnutrir.com\/portal\/?page_id=1116\">aqui<\/a> o valor para o gasto energ\u00e9tico basal (GEB).<br \/>\nPara estimar os factores de actividade f\u00edsica, stress e temperatura corporal utilize os valores abaixo:<\/p>\n<script data-category=\"functional\" type=\"text\/javascript\" src=\"https:\/\/www.bemnutrir.com\/portal\/wp-includes\/js\/jquery\/jquery.js\"><\/script><script data-category=\"functional\" type=\"text\/javascript\" src=\"https:\/\/www.bemnutrir.com\/portal\/wp-includes\/js\/jquery\/ui\/core.min.js\"><\/script><script data-category=\"functional\" type=\"text\/javascript\" src=\"https:\/\/www.bemnutrir.com\/portal\/wp-includes\/js\/jquery\/ui\/datepicker.min.js\"><\/script><script data-category=\"functional\" type=\"text\/javascript\" src=\"https:\/\/www.bemnutrir.com\/portal\/wp-includes\/js\/jquery\/ui\/tooltip.min.js\"><\/script><script data-category=\"functional\" type=\"text\/javascript\" src=\"https:\/\/www.bemnutrir.com\/portal\/wp-includes\/js\/jquery\/ui\/mouse.min.js\"><\/script><script data-category=\"functional\" type=\"text\/javascript\" src=\"https:\/\/www.bemnutrir.com\/portal\/wp-includes\/js\/jquery\/ui\/slider.min.js\"><\/script>\t\t\t\t\t<script data-category=\"functional\" type='text\/javascript'> if( typeof fbuilderjQuery == 'undefined' && typeof jQuery != 'undefined' ) fbuilderjQuery = jQuery;<\/script>\n\t\t\t\t\t<script data-category=\"functional\" type='text\/javascript' src='https:\/\/www.bemnutrir.com\/portal\/wp-content\/plugins\/calculated-fields-form\/vendors\/jquery.validate.js'><\/script>\n\t\t\t\t\t<script data-category=\"functional\" type='text\/javascript' src='https:\/\/www.bemnutrir.com\/portal\/wp-content\/plugins\/calculated-fields-form\/vendors\/purify.min.js'><\/script>\n\t\t\t\t\t<script data-category=\"functional\" type='text\/javascript' src='https:\/\/www.bemnutrir.com\/portal\/wp-content\/plugins\/calculated-fields-form\/js\/cache\/all.js?ver=5.4.5.5'><\/script>\n\t\t\t\t\t\t\t\t\t<pre style=\"display:none !important;\"><script data-category=\"functional\" type='text\/javascript'>cp_calculatedfieldsf_fbuilder_config_1={\"obj\":{\"pub\":true,\"form\":\"13\",\"identifier\":\"_1\",\"messages\":{\"required\":\"Campo obrigat\\u00f3rio!\",\"email\":\"Please enter a valid email address.\",\"datemmddyyyy\":\"Please enter a valid date with this format(mm\\\/dd\\\/yyyy)\",\"dateddmmyyyy\":\"Please enter a valid date with this format(dd\\\/mm\\\/yyyy)\",\"number\":\"Please enter a valid number.\",\"digits\":\"Please enter only digits.\",\"max\":\"Please enter a value less than or equal to {0}.\",\"min\":\"Please enter a value greater than or equal to {0}.\",\"previous\":\"Previous\",\"next\":\"Next\",\"pageof\":\"Page {0} of {0}\",\"audio_tutorial\":\"Help\",\"ai_assistant_button\":\"Apply suggestion\",\"ai_assistant_generating\":\"Generating suggestion...\",\"minlength\":\"Please enter at least {0} characters.\",\"maxlength\":\"Please enter no more than {0} characters.\",\"equalTo\":\"Please enter the same value again.\",\"accept\":\"Please enter a value with a valid extension.\",\"upload_size\":\"The file you've chosen is too big, maximum is {0} kB.\",\"phone\":\"Invalid phone number.\",\"currency\":\"Please enter a valid currency value.\"}}};<\/script><\/pre>\n\t\t\t\t<link href=\"https:\/\/www.bemnutrir.com\/portal\/wp-content\/plugins\/calculated-fields-form\/templates\/12\/style.css?ver=5.4.5.5\" type=\"text\/css\" rel=\"stylesheet\" property=\"stylesheet\" \/><script data-category=\"functional\" src=\"https:\/\/www.bemnutrir.com\/portal\/wp-content\/plugins\/calculated-fields-form\/templates\/12\/js.js?ver=5.4.5.5\"><\/script><style>@media (max-width:480px){#cp_calculatedfieldsf_pform_1{min-height:1342px;}}@media (max-width:1024px){#cp_calculatedfieldsf_pform_1{min-height:1050px;}}@media (min-width:1024px){#cp_calculatedfieldsf_pform_1{min-height:1052px;}}<\/style><form name=\"cp_calculatedfieldsf_pform_1\" id=\"cp_calculatedfieldsf_pform_1\" action=\"https:\/\/www.bemnutrir.com\/portal\/?page_id=1120\" method=\"post\" enctype=\"multipart\/form-data\" onsubmit=\"return fbuilderjQuery.fbuilder.doValidate(this);\" class=\"cff-form no-prefetch  cff-form-13 cp_cff_12\"  data-nonce=\"1c2f11542f\">\n<input type=\"hidden\" name=\"cp_calculatedfieldsf_pform_psequence\" value=\"_1\" \/>\n<input type=\"hidden\" name=\"cp_calculatedfieldsf_id\" value=\"13\" \/>\n<input type=\"hidden\" name=\"cp_ref_page\" value=\"https:\/\/www.bemnutrir.com\/portal\" \/>\n<pre style=\"display:none !important;\"><script data-category=\"functional\" type=\"text\/javascript\">form_structure_1=[[{\"form_identifier\":\"\",\"name\":\"fieldname7\",\"shortlabel\":\"\",\"index\":0,\"ftype\":\"fradio\",\"userhelp\":\"\",\"userhelpTooltip\":false,\"csslayout\":\"\",\"title\":\"\\u00cdndice Actividade F\\u00edsica (IAF)\",\"layout\":\"one_column\",\"required\":false,\"toSubmit\":\"value\",\"choiceSelected\":\"\",\"showDep\":false,\"choices\":[\"Sedent\\u00e1ria\",\"Pouco ativa\",\"Ativa\"],\"choicesVal\":[\"1.2\",\"1.25\",\"1.3\"],\"choicesDep\":[[],[],[]],\"fBuild\":{},\"parent\":\"\"},{\"fBuild\":{},\"name\":\"fieldname11\",\"index\":1,\"parent\":\"\",\"title\":\"\",\"userhelp\":\"\",\"form_identifier\":\"\",\"shortlabel\":\"\",\"ftype\":\"fSectionBreak\",\"userhelpTooltip\":false,\"csslayout\":\"\"},{\"form_identifier\":\"\",\"name\":\"fieldname9\",\"shortlabel\":\"\",\"index\":2,\"ftype\":\"fradio\",\"userhelp\":\"\",\"userhelpTooltip\":false,\"csslayout\":\"\",\"title\":\"Fator Stress (FS)\",\"layout\":\"two_column\",\"required\":false,\"toSubmit\":\"value\",\"choiceSelected\":\"\",\"showDep\":false,\"choices\":[\"Doente sem complica\\u00e7\\u00f5es \",\"P\\u00f3s-operat\\u00f3rio de cancro\",\"Fratura \",\"Sepsis\",\"Peritonite\",\"Multitrauma Reabilita\\u00e7\\u00e3o \",\"Multitrauma +Sepsis \",\"Queimadura 30-50%\",\"Queimadura 50-70% \",\"Queimadura 70-90% \"],\"choicesVal\":[\"1\",\"1.1\",\"1.2\",\"1.3\",\"1.4\",\"1.5\",\"1.6\",\"1.7\",\"1.8\",\"2\"],\"choicesDep\":[[],[],[],[],[],[],[],[],[],[]],\"fBuild\":{},\"parent\":\"\"},{\"fBuild\":{},\"name\":\"fieldname12\",\"index\":3,\"parent\":\"\",\"title\":\"\",\"userhelp\":\"\",\"form_identifier\":\"\",\"shortlabel\":\"\",\"ftype\":\"fSectionBreak\",\"userhelpTooltip\":false,\"csslayout\":\"\"},{\"form_identifier\":\"\",\"name\":\"fieldname8\",\"shortlabel\":\"\",\"index\":4,\"ftype\":\"fradio\",\"userhelp\":\"\",\"userhelpTooltip\":false,\"csslayout\":\"\",\"title\":\"Fator T\\u00e9rmico (FT)\",\"layout\":\"two_column\",\"required\":false,\"toSubmit\":\"value\",\"choiceSelected\":\"\",\"showDep\":false,\"choices\":[\"37\\u00b0 C\",\"38\\u00b0 C\",\"39\\u00b0 C\",\"40\\u00b0 C\",\"41\\u00b0 C\"],\"choicesVal\":[\"1\",\"1.1\",\"1.2\",\"1.3\",\"1.4\"],\"choicesDep\":[[],[],[],[],[]],\"fBuild\":{},\"parent\":\"\"},{\"fBuild\":{},\"name\":\"fieldname10\",\"index\":5,\"parent\":\"\",\"title\":\"\",\"userhelp\":\"\",\"form_identifier\":\"\",\"shortlabel\":\"\",\"ftype\":\"fSectionBreak\",\"userhelpTooltip\":false,\"csslayout\":\"\"},{\"form_identifier\":\"\",\"name\":\"fieldname3\",\"shortlabel\":\"\",\"index\":6,\"ftype\":\"fCalculated\",\"userhelp\":\"\",\"userhelpTooltip\":false,\"csslayout\":\"\",\"title\":\"\\u00cdndice Actividade F\\u00edsica (IAF)\",\"predefined\":\"\",\"required\":true,\"size\":\"small\",\"toolbar\":\"default|mathematical\",\"eq\":\"fieldname7\",\"suffix\":\"\",\"prefix\":\"\",\"decimalsymbol\":\".\",\"groupingsymbol\":\"\",\"dependencies\":[{\"rule\":\"\",\"complex\":false,\"fields\":[\"\"]}],\"readonly\":true,\"hidefield\":false,\"fBuild\":{},\"parent\":\"\"},{\"form_identifier\":\"\",\"name\":\"fieldname5\",\"shortlabel\":\"\",\"index\":7,\"ftype\":\"fCalculated\",\"userhelp\":\"\",\"userhelpTooltip\":false,\"csslayout\":\"\",\"title\":\"Fator Stress (FS)\",\"predefined\":\"\",\"required\":true,\"size\":\"small\",\"toolbar\":\"default|mathematical\",\"eq\":\"fieldname9\",\"suffix\":\"\",\"prefix\":\"\",\"decimalsymbol\":\".\",\"groupingsymbol\":\"\",\"dependencies\":[{\"rule\":\"\",\"complex\":false,\"fields\":[\"\"]}],\"readonly\":true,\"hidefield\":false,\"fBuild\":{},\"parent\":\"\"},{\"form_identifier\":\"\",\"name\":\"fieldname4\",\"shortlabel\":\"\",\"index\":8,\"ftype\":\"fCalculated\",\"userhelp\":\"\",\"userhelpTooltip\":false,\"csslayout\":\"\",\"title\":\"Fator T\\u00e9rmico (FT)\",\"predefined\":\"\",\"required\":true,\"size\":\"small\",\"toolbar\":\"default|mathematical\",\"eq\":\"fieldname8\",\"suffix\":\"\",\"prefix\":\"\",\"decimalsymbol\":\".\",\"groupingsymbol\":\"\",\"dependencies\":[{\"rule\":\"\",\"complex\":false,\"fields\":[\"\"]}],\"readonly\":true,\"hidefield\":false,\"fBuild\":{},\"parent\":\"\"},{\"form_identifier\":\"\",\"name\":\"fieldname2\",\"shortlabel\":\"\",\"index\":9,\"ftype\":\"fnumber\",\"userhelp\":\"\",\"userhelpTooltip\":false,\"csslayout\":\"\",\"title\":\"GEB\",\"predefined\":\"1000\",\"predefinedClick\":false,\"required\":true,\"readonly\":false,\"size\":\"small\",\"thousandSeparator\":\"\",\"decimalSymbol\":\".\",\"min\":\"\",\"max\":\"\",\"formatDynamically\":false,\"dformat\":\"number\",\"formats\":[\"digits\",\"number\"],\"fBuild\":{},\"parent\":\"\"},{\"form_identifier\":\"\",\"name\":\"separator1\",\"shortlabel\":\"\",\"index\":10,\"ftype\":\"fSectionBreak\",\"userhelp\":\"\",\"userhelpTooltip\":false,\"csslayout\":\"\",\"title\":\"Gasto energ\\u00e9tico total\",\"fBuild\":{},\"parent\":\"\"},{\"form_identifier\":\"\",\"name\":\"fieldname1\",\"shortlabel\":\"\",\"index\":11,\"ftype\":\"fCalculated\",\"userhelp\":\"\",\"userhelpTooltip\":false,\"csslayout\":\"\",\"title\":\"\",\"predefined\":\"\",\"required\":false,\"size\":\"small\",\"toolbar\":\"default|mathematical\",\"eq\":\"PREC(fieldname3*fieldname5*fieldname4*fieldname2,2)\",\"suffix\":\"\",\"prefix\":\"\",\"decimalsymbol\":\".\",\"groupingsymbol\":\"\",\"dependencies\":[{\"rule\":\"\",\"complex\":false,\"fields\":[\"\"]}],\"readonly\":true,\"hidefield\":false,\"fBuild\":{},\"parent\":\"\"}],{\"0\":{\"title\":\"\",\"description\":\"\",\"formlayout\":\"top_aligned\",\"formtemplate\":\"cp_cff_12\",\"evalequations\":1,\"autocomplete\":1,\"persistence\":0,\"customstyles\":\"\"},\"formid\":\"cp_calculatedfieldsf_pform_1\"}];<\/script><\/pre>\n<div id=\"fbuilder\">\n\t\t<div id=\"fbuilder_1\">\n\t\t<div id=\"formheader_1\"><\/div>\n\t\t<div id=\"fieldlist_1\"><\/div>\n\t\t<div class=\"clearer\"><\/div>\n\t<\/div>\n<\/div>\n\t<div id=\"cp_subbtn_1\" class=\"cp_subbtn\" style=\"display:none;\"><\/div><div class=\"clearer\"><\/div>\n\t<input type=\"hidden\" id=\"_cpcff_public_nonce\" name=\"_cpcff_public_nonce\" value=\"a1122f653a\" \/><input type=\"hidden\" name=\"_wp_http_referer\" value=\"\/portal\/index.php?rest_route=%2Fwp%2Fv2%2Fpages%2F1120\" \/><input type=\"hidden\" name=\"cff_form_start_time\" value=\"Zq47rTNL2pHXGBaMDTNq6Q==\"><\/form>\n\t\n<p>&nbsp;<\/p>\n<p><span style=\"font-size: 12.0pt; font-family: 'Times New Roman',serif; display: none;\">o gasto energ\u00e9tico basal (GEB)<\/span><span style=\"font-size: 12.0pt; font-family: 'Times New Roman',serif; display: none;\">o gasto energ\u00e9tico basal (GEB)<\/span><span style=\"font-size: 12.0pt; font-family: 'Times New Roman',serif; display: none;\">o gasto energ\u00e9tico basal (GEB)<\/span><\/p>\n<p><strong>Refer\u00eancia: <\/strong><br \/>\n<em>Kinney, 1966, 1970, 1976; Wilmore, 1977; Long, 1979; Elwin, 1980<br \/>\n<\/em><\/p>\n<p><a href=\"https:\/\/www.bemnutrir.com\/portal\/?page_id=1119\"><span style=\"color: #000000;\">\u2190&nbsp;Gasto energ\u00e9tico basal di\u00e1rio<\/span><\/a><\/p>\n","protected":false},"excerpt":{"rendered":"<p>O gasto energ\u00e9tico total corresponde \u00e0 energia requerida pelo indiv\u00edduo durante o per\u00edodo de 24 horas. Obtenha aqui o valor para o gasto energ\u00e9tico basal (GEB). Para estimar os factores de actividade f\u00edsica, stress e temperatura corporal utilize os valores abaixo: &nbsp; o gasto energ\u00e9tico basal (GEB)o gasto energ\u00e9tico basal (GEB)o gasto energ\u00e9tico basal (GEB) &hellip; <\/p>\n<p class=\"link-more\"><a href=\"https:\/\/www.bemnutrir.com\/portal\/?page_id=1120\" class=\"more-link\">Continuar a ler <span class=\"screen-reader-text\">&#8220;Gasto energ\u00e9tico total (GET) dos doentes&#8221;<\/span><\/a><\/p>\n","protected":false},"author":1,"featured_media":673,"parent":0,"menu_order":0,"comment_status":"closed","ping_status":"closed","template":"","meta":{"footnotes":""},"class_list":["post-1120","page","type-page","status-publish","has-post-thumbnail","hentry"],"_links":{"self":[{"href":"https:\/\/www.bemnutrir.com\/portal\/index.php?rest_route=\/wp\/v2\/pages\/1120","targetHints":{"allow":["GET"]}}],"collection":[{"href":"https:\/\/www.bemnutrir.com\/portal\/index.php?rest_route=\/wp\/v2\/pages"}],"about":[{"href":"https:\/\/www.bemnutrir.com\/portal\/index.php?rest_route=\/wp\/v2\/types\/page"}],"author":[{"embeddable":true,"href":"https:\/\/www.bemnutrir.com\/portal\/index.php?rest_route=\/wp\/v2\/users\/1"}],"replies":[{"embeddable":true,"href":"https:\/\/www.bemnutrir.com\/portal\/index.php?rest_route=%2Fwp%2Fv2%2Fcomments&post=1120"}],"version-history":[{"count":0,"href":"https:\/\/www.bemnutrir.com\/portal\/index.php?rest_route=\/wp\/v2\/pages\/1120\/revisions"}],"wp:featuredmedia":[{"embeddable":true,"href":"https:\/\/www.bemnutrir.com\/portal\/index.php?rest_route=\/wp\/v2\/media\/673"}],"wp:attachment":[{"href":"https:\/\/www.bemnutrir.com\/portal\/index.php?rest_route=%2Fwp%2Fv2%2Fmedia&parent=1120"}],"curies":[{"name":"wp","href":"https:\/\/api.w.org\/{rel}","templated":true}]}}