{"id":1139,"date":"2018-04-07T22:11:41","date_gmt":"2018-04-07T21:11:41","guid":{"rendered":"https:\/\/www.bemnutrir.com\/portal\/?page_id=1139"},"modified":"2018-04-07T22:11:41","modified_gmt":"2018-04-07T21:11:41","slug":"hipnose","status":"publish","type":"page","link":"https:\/\/www.bemnutrir.com\/portal\/?page_id=1139","title":{"rendered":"Hipnose"},"content":{"rendered":"<p style=\"text-align: justify;\"><span style=\"color: #0000ff;\">A hipnose \u00e9 mais uma t\u00e9cnica (ferramenta) que existe para ajudar a combater o excesso de peso. Atrav\u00e9s da hipnose, o cliente entra num estado de consci\u00eancia de um puro e agrad\u00e1vel relaxamento &#8211; em momento algum a pessoa adormece ou fica inconsciente. Muito pelo contr\u00e1rio, o estado de relaxamento permite que o cliente esteja inteiramente consciente (sabendo o que est\u00e1 a acontecer \u00e0 sua volta), com a possibilidade de trabalhar com a regi\u00e3o do c\u00e9rebro respons\u00e1vel pela criatividade e a imagina\u00e7\u00e3o, bem como aceder-se com mais facilidade ao subconsciente.<\/span><br \/>\n<span style=\"color: #0000ff;\">E \u00e9 atrav\u00e9s desta forma que se torna mais f\u00e1cil<span style=\"background: white;\"> identificar a origem do excesso de peso, trat\u00e1-la desde a sua raiz e eliminando-a de maneira muito mais efectiva.<\/span><\/span><\/p>\n<p style=\"text-align: justify;\"><span style=\"color: #0000ff;\">Exemplo: <span style=\"background: white;\">por meio da hipnose \u00e9 poss\u00edvel \u201ctrabalhar\u201d as compuls\u00f5es alimentares na sua origem. Guiado pelo profissional, o cliente regressa (volta) ao momento no qual a situa\u00e7\u00e3o ou o trauma causador da compuls\u00e3o ocorreu e, desta forma, pode ressignific\u00e1-lo e\/ou desvaloriz\u00e1-lo, fazendo com que essa compuls\u00e3o alimentar desapare\u00e7a.<\/span><\/span><\/p>\n<p style=\"text-align: justify;\"><span style=\"color: #0000ff;\">Nestas consultas podem-se trabalhar com as seguintes tem\u00e1ticas:<\/span><br \/>\n<span style=\"color: #0000ff;\">&#8211; Compuls\u00e3o alimentar,<\/span><br \/>\n<span style=\"color: #0000ff;\">&#8211; Rela\u00e7\u00e3o com a comida\/alimentos,<\/span><br \/>\n<span style=\"color: #0000ff;\">&#8211; Cria\u00e7\u00e3o de h\u00e1bitos alimentares saud\u00e1veis,<\/span><br \/>\n<span style=\"color: #0000ff;\">&#8211; Regress\u00e3o a vidas passadas (em situa\u00e7\u00f5es graves de car\u00eancia e fomes),<\/span><br \/>\n<span style=\"color: #0000ff;\">&#8211; Banda g\u00e1strica ou bal\u00e3o intrag\u00e1strico imagin\u00e1rio.<\/span><\/p>\n<p style=\"text-align: justify;\"><span style=\"background: white; color: #0000ff;\">Concluindo\u2026 \u00e9 importante referir que cada caso \u00e9 um caso, e que cada pessoa \u00e9 \u00fanica, logo os resultados n\u00e3o podem ser compar\u00e1veis. E \u00e9 por esse motivo que a hipnose funciona melhor para algumas pessoas do que para outras. Tudo vai depender da capacidade de receptividade \u00e0 t\u00e9cnica e na cren\u00e7a de que a t\u00e9cnica poder\u00e1, efectivamente, ajudar. Vale a pena (re)lembrar que todas as pessoas s\u00e3o hipnotiz\u00e1veis, porque estar num estado relaxamento profundo \u00e9 algo comum para todos.<\/span><\/p>\n<p style=\"text-align: justify;\"><span style=\"color: #0000ff;\">Notas:<\/span><br \/>\n<span style=\"color: #0000ff;\">&#8211; Esta t\u00e9cnica pode ser utilizada para qualquer tipo de pessoa, de qualquer idade.<\/span><br \/>\n<span style=\"color: #0000ff;\">&#8211; Esta t\u00e9cnica n\u00e3o deve ser utilizada por pessoas que estejam sob o efeito de algum tipo de drogas que interfiram com a mente.<\/span><br \/>\n<span style=\"color: #0000ff;\">&#8211; Em momento algum ningu\u00e9m poder\u00e1 obrigar o cliente a fazer algo contra a sua pr\u00f3pria vontade.<\/span><\/p>\n<p><span style=\"color: #0000ff;\">Para mais informa\u00e7\u00f5es escreva um email para: <a style=\"color: #0000ff;\" href=\"mailto:bemnutrir@bemnutrir.com\">bemnutrir@bemnutrir.com<\/a><\/span><\/p>\n","protected":false},"excerpt":{"rendered":"<p>A hipnose \u00e9 mais uma t\u00e9cnica (ferramenta) que existe para ajudar a combater o excesso de peso. Atrav\u00e9s da hipnose, o cliente entra num estado de consci\u00eancia de um puro e agrad\u00e1vel relaxamento &#8211; em momento algum a pessoa adormece ou fica inconsciente. Muito pelo contr\u00e1rio, o estado de relaxamento permite que o cliente esteja &hellip; <\/p>\n<p class=\"link-more\"><a href=\"https:\/\/www.bemnutrir.com\/portal\/?page_id=1139\" class=\"more-link\">Continuar a ler <span class=\"screen-reader-text\">&#8220;Hipnose&#8221;<\/span><\/a><\/p>\n","protected":false},"author":1,"featured_media":0,"parent":0,"menu_order":0,"comment_status":"closed","ping_status":"closed","template":"","meta":{"footnotes":""},"class_list":["post-1139","page","type-page","status-publish","hentry"],"_links":{"self":[{"href":"https:\/\/www.bemnutrir.com\/portal\/index.php?rest_route=\/wp\/v2\/pages\/1139","targetHints":{"allow":["GET"]}}],"collection":[{"href":"https:\/\/www.bemnutrir.com\/portal\/index.php?rest_route=\/wp\/v2\/pages"}],"about":[{"href":"https:\/\/www.bemnutrir.com\/portal\/index.php?rest_route=\/wp\/v2\/types\/page"}],"author":[{"embeddable":true,"href":"https:\/\/www.bemnutrir.com\/portal\/index.php?rest_route=\/wp\/v2\/users\/1"}],"replies":[{"embeddable":true,"href":"https:\/\/www.bemnutrir.com\/portal\/index.php?rest_route=%2Fwp%2Fv2%2Fcomments&post=1139"}],"version-history":[{"count":0,"href":"https:\/\/www.bemnutrir.com\/portal\/index.php?rest_route=\/wp\/v2\/pages\/1139\/revisions"}],"wp:attachment":[{"href":"https:\/\/www.bemnutrir.com\/portal\/index.php?rest_route=%2Fwp%2Fv2%2Fmedia&parent=1139"}],"curies":[{"name":"wp","href":"https:\/\/api.w.org\/{rel}","templated":true}]}}