{"id":1145,"date":"2018-04-07T22:35:21","date_gmt":"2018-04-07T21:35:21","guid":{"rendered":"https:\/\/www.bemnutrir.com\/portal\/?page_id=1145"},"modified":"2025-02-11T11:24:57","modified_gmt":"2025-02-11T10:24:57","slug":"dietas-exemplo","status":"publish","type":"page","link":"https:\/\/www.bemnutrir.com\/portal\/?page_id=1145","title":{"rendered":"Dietas exemplo"},"content":{"rendered":"\t\t<div data-elementor-type=\"wp-page\" data-elementor-id=\"1145\" class=\"elementor elementor-1145\">\n\t\t\t\t\t\t<section class=\"elementor-section elementor-top-section elementor-element elementor-element-db0f81b elementor-section-boxed elementor-section-height-default elementor-section-height-default\" data-id=\"db0f81b\" data-element_type=\"section\" data-e-type=\"section\">\n\t\t\t\t\t\t<div class=\"elementor-container elementor-column-gap-default\">\n\t\t\t\t\t<div class=\"elementor-column elementor-col-100 elementor-top-column elementor-element elementor-element-57582694\" data-id=\"57582694\" data-element_type=\"column\" data-e-type=\"column\">\n\t\t\t<div class=\"elementor-widget-wrap elementor-element-populated\">\n\t\t\t\t\t\t<div class=\"elementor-element elementor-element-4497000c elementor-widget elementor-widget-text-editor\" data-id=\"4497000c\" data-element_type=\"widget\" data-e-type=\"widget\" data-widget_type=\"text-editor.default\">\n\t\t\t\t<div class=\"elementor-widget-container\">\n\t\t\t\t\t\t\t\t\t<p><span style=\"color: #0000ff;\">Nesta p\u00e1gina vai puder seleccionar uma das seguintes op\u00e7\u00f5es para obter um Plano Alimentar Exemplo, seja para aumentar, manter ou perder peso.<\/span><\/p><ul><li><a href=\"https:\/\/www.bemnutrir.com\/portal\/?page_id=1717\"><span style=\"color: #0000ff;\">Plano Alimentar baseado na pr\u00e1tica de exerc\u00edcio f\u00edsico.<\/span><\/a><\/li><li><span style=\"color: #0000ff;\">Plano Alimentar baseado no tipo de fisionomia. (brevemente)<\/span><br \/><span style=\"color: #0000ff;\">(f\u00f3rmula do peso ideal consoante a altura, a idade e o per\u00edmetro do pulso, segundo o Metropolitan Life Insurance, 1983)<\/span><\/li><\/ul><p><span style=\"color: #0000ff;\"><strong>Aten\u00e7\u00e3o:<\/strong> O tipo mais completo de avalia\u00e7\u00e3o s\u00f3 pode ser obtido atrav\u00e9s de um teste de bioimped\u00e2ncia, que \u00e9 realizado presencilamente nas consultas de nutri\u00e7\u00e3o. Mas seguindo os passos dados, poderemos ter uma boa avalia\u00e7\u00e3o do nosso peso.<\/span><\/p>\t\t\t\t\t\t\t\t<\/div>\n\t\t\t\t<\/div>\n\t\t\t\t\t<\/div>\n\t\t<\/div>\n\t\t\t\t\t<\/div>\n\t\t<\/section>\n\t\t\t\t<\/div>\n\t\t","protected":false},"excerpt":{"rendered":"<p>Nesta p\u00e1gina vai puder seleccionar uma das seguintes op\u00e7\u00f5es para obter um Plano Alimentar Exemplo, seja para aumentar, manter ou perder peso. Plano Alimentar baseado na pr\u00e1tica de exerc\u00edcio f\u00edsico. Plano Alimentar baseado no tipo de fisionomia. (brevemente)(f\u00f3rmula do peso ideal consoante a altura, a idade e o per\u00edmetro do pulso, segundo o Metropolitan Life &hellip; <\/p>\n<p class=\"link-more\"><a href=\"https:\/\/www.bemnutrir.com\/portal\/?page_id=1145\" class=\"more-link\">Continuar a ler <span class=\"screen-reader-text\">&#8220;Dietas exemplo&#8221;<\/span><\/a><\/p>\n","protected":false},"author":1,"featured_media":664,"parent":0,"menu_order":0,"comment_status":"closed","ping_status":"closed","template":"","meta":{"footnotes":""},"class_list":["post-1145","page","type-page","status-publish","has-post-thumbnail","hentry"],"_links":{"self":[{"href":"https:\/\/www.bemnutrir.com\/portal\/index.php?rest_route=\/wp\/v2\/pages\/1145","targetHints":{"allow":["GET"]}}],"collection":[{"href":"https:\/\/www.bemnutrir.com\/portal\/index.php?rest_route=\/wp\/v2\/pages"}],"about":[{"href":"https:\/\/www.bemnutrir.com\/portal\/index.php?rest_route=\/wp\/v2\/types\/page"}],"author":[{"embeddable":true,"href":"https:\/\/www.bemnutrir.com\/portal\/index.php?rest_route=\/wp\/v2\/users\/1"}],"replies":[{"embeddable":true,"href":"https:\/\/www.bemnutrir.com\/portal\/index.php?rest_route=%2Fwp%2Fv2%2Fcomments&post=1145"}],"version-history":[{"count":6,"href":"https:\/\/www.bemnutrir.com\/portal\/index.php?rest_route=\/wp\/v2\/pages\/1145\/revisions"}],"predecessor-version":[{"id":1735,"href":"https:\/\/www.bemnutrir.com\/portal\/index.php?rest_route=\/wp\/v2\/pages\/1145\/revisions\/1735"}],"wp:featuredmedia":[{"embeddable":true,"href":"https:\/\/www.bemnutrir.com\/portal\/index.php?rest_route=\/wp\/v2\/media\/664"}],"wp:attachment":[{"href":"https:\/\/www.bemnutrir.com\/portal\/index.php?rest_route=%2Fwp%2Fv2%2Fmedia&parent=1145"}],"curies":[{"name":"wp","href":"https:\/\/api.w.org\/{rel}","templated":true}]}}