{"id":1167,"date":"2018-04-11T11:39:27","date_gmt":"2018-04-11T10:39:27","guid":{"rendered":"https:\/\/www.bemnutrir.com\/portal\/?page_id=1167"},"modified":"2019-06-17T16:30:27","modified_gmt":"2019-06-17T15:30:27","slug":"calorias-diarias-necessarias","status":"publish","type":"page","link":"https:\/\/www.bemnutrir.com\/portal\/?page_id=1167","title":{"rendered":"Calorias di\u00e1rias necess\u00e1rias"},"content":{"rendered":"<p><span style=\"color: #0000ff;\">Quantidade de calorias necess\u00e1rias por dia para manter o peso\u00a0<\/span><\/p>\n<ul>\n<li><span style=\"color: #0000ff;\"><a style=\"color: #0000ff;\" href=\"https:\/\/www.bemnutrir.com\/portal\/?page_id=1186\"> Crian\u00e7as<\/a><\/span><\/li>\n<li><span style=\"color: #0000ff;\"><a style=\"color: #0000ff;\" href=\"https:\/\/www.bemnutrir.com\/portal\/?page_id=1189\">Adolescentes<\/a><\/span><\/li>\n<li><span style=\"color: #0000ff;\"><a style=\"color: #0000ff;\" href=\"https:\/\/www.bemnutrir.com\/portal\/?page_id=1197\">Adultos<\/a><\/span><\/li>\n<\/ul>\n<p><span style=\"color: #0000ff;\">Necessidades cal\u00f3ricas di\u00e1rias, segundo as DRI (Dietary Reference Intakes)<\/span><\/p>\n<ul>\n<li><span style=\"color: #0000ff;\">Crian\u00e7as<\/span>\n<ul>\n<li><span style=\"color: #0000ff;\"><a style=\"color: #0000ff;\" href=\"https:\/\/www.bemnutrir.com\/portal\/necessidades-caloricas-diarias-segundo-as-dri-dietary-reference-intakes-meninos\/\">Meninos<\/a><\/span><\/li>\n<li><span style=\"color: #0000ff;\"><a style=\"color: #0000ff;\" href=\"https:\/\/www.bemnutrir.com\/portal\/necessidades-caloricas-diarias-segundo-as-dri-dietary-reference-intakes-meninas\/\">Meninas<\/a><\/span><\/li>\n<\/ul>\n<\/li>\n<li><span style=\"color: #0000ff;\">Adultos<\/span>\n<ul>\n<li><span style=\"color: #0000ff;\"><a style=\"color: #0000ff;\" href=\"https:\/\/www.bemnutrir.com\/portal\/necessidades-caloricas-diarias-segundo-as-dri-homens-adultos\/\">Homens<\/a><\/span><\/li>\n<li><span style=\"color: #0000ff;\"><a style=\"color: #0000ff;\" href=\"https:\/\/www.bemnutrir.com\/portal\/necessidades-caloricas-diarias-segundo-as-dri-mulheres-adultas\/\">Mulheres<\/a><\/span><\/li>\n<\/ul>\n<\/li>\n<li><span style=\"color: #0000ff;\">Gestantes <\/span>\n<ul>\n<li><span style=\"color: #0000ff;\"><a style=\"color: #0000ff;\" href=\"https:\/\/www.bemnutrir.com\/portal\/necessidades-caloricas-diarias-segundo-as-dri-dietary-reference-intakes-gestantes-entre-os-14-e-os-18-anos-de-idade\/\">Adolescentes<\/a><\/span><\/li>\n<li><span style=\"color: #0000ff;\"><a style=\"color: #0000ff;\" href=\"https:\/\/www.bemnutrir.com\/portal\/necessidades-caloricas-diarias-segundo-as-dri-dietary-reference-intakes-gestantes-entre-os-19-e-os-50-anos-de-idade\/\">Adultas<\/a><\/span><\/li>\n<\/ul>\n<\/li>\n<\/ul>\n\n\n<p><\/p>\n","protected":false},"excerpt":{"rendered":"<p>Quantidade de calorias necess\u00e1rias por dia para manter o peso\u00a0 Crian\u00e7as Adolescentes Adultos Necessidades cal\u00f3ricas di\u00e1rias, segundo as DRI (Dietary Reference Intakes) Crian\u00e7as Meninos Meninas Adultos Homens Mulheres Gestantes Adolescentes Adultas<\/p>\n","protected":false},"author":1,"featured_media":722,"parent":0,"menu_order":0,"comment_status":"closed","ping_status":"closed","template":"","meta":{"footnotes":""},"class_list":["post-1167","page","type-page","status-publish","has-post-thumbnail","hentry"],"_links":{"self":[{"href":"https:\/\/www.bemnutrir.com\/portal\/index.php?rest_route=\/wp\/v2\/pages\/1167","targetHints":{"allow":["GET"]}}],"collection":[{"href":"https:\/\/www.bemnutrir.com\/portal\/index.php?rest_route=\/wp\/v2\/pages"}],"about":[{"href":"https:\/\/www.bemnutrir.com\/portal\/index.php?rest_route=\/wp\/v2\/types\/page"}],"author":[{"embeddable":true,"href":"https:\/\/www.bemnutrir.com\/portal\/index.php?rest_route=\/wp\/v2\/users\/1"}],"replies":[{"embeddable":true,"href":"https:\/\/www.bemnutrir.com\/portal\/index.php?rest_route=%2Fwp%2Fv2%2Fcomments&post=1167"}],"version-history":[{"count":5,"href":"https:\/\/www.bemnutrir.com\/portal\/index.php?rest_route=\/wp\/v2\/pages\/1167\/revisions"}],"predecessor-version":[{"id":1273,"href":"https:\/\/www.bemnutrir.com\/portal\/index.php?rest_route=\/wp\/v2\/pages\/1167\/revisions\/1273"}],"wp:featuredmedia":[{"embeddable":true,"href":"https:\/\/www.bemnutrir.com\/portal\/index.php?rest_route=\/wp\/v2\/media\/722"}],"wp:attachment":[{"href":"https:\/\/www.bemnutrir.com\/portal\/index.php?rest_route=%2Fwp%2Fv2%2Fmedia&parent=1167"}],"curies":[{"name":"wp","href":"https:\/\/api.w.org\/{rel}","templated":true}]}}