{"id":189,"date":"2017-03-21T11:19:56","date_gmt":"2017-03-21T11:19:56","guid":{"rendered":"http:\/\/www.bemnutrir.com\/portal\/?page_id=189"},"modified":"2017-03-29T09:25:53","modified_gmt":"2017-03-29T09:25:53","slug":"outras-publicacoes","status":"publish","type":"page","link":"https:\/\/www.bemnutrir.com\/portal\/?page_id=189","title":{"rendered":"Outras publica\u00e7\u00f5es"},"content":{"rendered":"<p><strong><span style=\"color: #0000ff;\">BEB\u00c9 D&#8217;HOJE<\/span><\/strong><br \/>\n<span style=\"color: #0000ff;\">&#8220;Opini\u00e3o t\u00e9cnica&#8221;, publicada periodicamente.<\/span><\/p>\n<p><strong><span style=\"color: #0000ff;\">MEN&#8217;S HEALTH<\/span><\/strong><br \/>\n<span style=\"color: #0000ff;\">&#8220;Opini\u00e3o t\u00e9cnica&#8221;, publicada periodicamente.<\/span><\/p>\n<p><strong><span style=\"color: #0000ff;\">SA\u00daDE E BEM ESTAR<\/span><\/strong><br \/>\n<span style=\"color: #0000ff;\">&#8220;Artigos de Nutri\u00e7\u00e3o&#8221;, publicados mensalmente.<\/span><\/p>\n<p><strong><span style=\"color: #0000ff;\">FITNESS<\/span><\/strong><br \/>\n<span style=\"color: #0000ff;\">&#8220;Artigos de Nutri\u00e7\u00e3o&#8221;, publicados mensalmente.<\/span><\/p>\n<p><strong><span style=\"color: #0000ff;\">BEB\u00c9 SA\u00daDE<\/span><\/strong><br \/>\n<span style=\"color: #0000ff;\">&#8220;Opini\u00e3o t\u00e9cnica&#8221;, publicada periodicamente.<\/span><\/p>\n<p><strong><span style=\"color: #0000ff;\">M\u00c3E IDEAL<\/span><\/strong><br \/>\n<span style=\"color: #0000ff;\">&#8220;Opini\u00e3o t\u00e9cnica&#8221;, publicada periodicamente.<\/span><\/p>\n<p><strong><span style=\"color: #0000ff;\">COZINHA SAUD\u00c1VEL<\/span><\/strong><br \/>\n<span style=\"color: #0000ff;\">&#8220;Opini\u00e3o t\u00e9cnica&#8221;, publicada periodicamente.<\/span><\/p>\n<p><strong><span style=\"color: #0000ff;\">DESTAK<\/span><\/strong><br \/>\n<span style=\"color: #0000ff;\">&#8220;Opini\u00e3o t\u00e9cnica&#8221;, publicada periodicamente.<\/span><\/p>\n<p><strong><span style=\"color: #0000ff;\">O PRATICANTE<\/span><\/strong><br \/>\n<span style=\"color: #0000ff;\">&#8220;Artigos de Nutri\u00e7\u00e3o&#8221;, publicados mensalmente.<\/span><\/p>\n","protected":false},"excerpt":{"rendered":"<p>BEB\u00c9 D&#8217;HOJE &#8220;Opini\u00e3o t\u00e9cnica&#8221;, publicada periodicamente. MEN&#8217;S HEALTH &#8220;Opini\u00e3o t\u00e9cnica&#8221;, publicada periodicamente. SA\u00daDE E BEM ESTAR &#8220;Artigos de Nutri\u00e7\u00e3o&#8221;, publicados mensalmente. FITNESS &#8220;Artigos de Nutri\u00e7\u00e3o&#8221;, publicados mensalmente. BEB\u00c9 SA\u00daDE &#8220;Opini\u00e3o t\u00e9cnica&#8221;, publicada periodicamente. M\u00c3E IDEAL &#8220;Opini\u00e3o t\u00e9cnica&#8221;, publicada periodicamente. COZINHA SAUD\u00c1VEL &#8220;Opini\u00e3o t\u00e9cnica&#8221;, publicada periodicamente. DESTAK &#8220;Opini\u00e3o t\u00e9cnica&#8221;, publicada periodicamente. O PRATICANTE &#8220;Artigos de Nutri\u00e7\u00e3o&#8221;, &hellip; <\/p>\n<p class=\"link-more\"><a href=\"https:\/\/www.bemnutrir.com\/portal\/?page_id=189\" class=\"more-link\">Continuar a ler <span class=\"screen-reader-text\">&#8220;Outras publica\u00e7\u00f5es&#8221;<\/span><\/a><\/p>\n","protected":false},"author":1,"featured_media":481,"parent":0,"menu_order":0,"comment_status":"closed","ping_status":"closed","template":"","meta":{"footnotes":""},"class_list":["post-189","page","type-page","status-publish","has-post-thumbnail","hentry"],"_links":{"self":[{"href":"https:\/\/www.bemnutrir.com\/portal\/index.php?rest_route=\/wp\/v2\/pages\/189","targetHints":{"allow":["GET"]}}],"collection":[{"href":"https:\/\/www.bemnutrir.com\/portal\/index.php?rest_route=\/wp\/v2\/pages"}],"about":[{"href":"https:\/\/www.bemnutrir.com\/portal\/index.php?rest_route=\/wp\/v2\/types\/page"}],"author":[{"embeddable":true,"href":"https:\/\/www.bemnutrir.com\/portal\/index.php?rest_route=\/wp\/v2\/users\/1"}],"replies":[{"embeddable":true,"href":"https:\/\/www.bemnutrir.com\/portal\/index.php?rest_route=%2Fwp%2Fv2%2Fcomments&post=189"}],"version-history":[{"count":0,"href":"https:\/\/www.bemnutrir.com\/portal\/index.php?rest_route=\/wp\/v2\/pages\/189\/revisions"}],"wp:featuredmedia":[{"embeddable":true,"href":"https:\/\/www.bemnutrir.com\/portal\/index.php?rest_route=\/wp\/v2\/media\/481"}],"wp:attachment":[{"href":"https:\/\/www.bemnutrir.com\/portal\/index.php?rest_route=%2Fwp%2Fv2%2Fmedia&parent=189"}],"curies":[{"name":"wp","href":"https:\/\/api.w.org\/{rel}","templated":true}]}}