{"id":325,"date":"2017-03-21T13:57:25","date_gmt":"2017-03-21T13:57:25","guid":{"rendered":"http:\/\/www.bemnutrir.com\/portal\/?page_id=325"},"modified":"2017-04-12T09:07:08","modified_gmt":"2017-04-12T09:07:08","slug":"estilo-de-vida-a-dieta-que-resulta","status":"publish","type":"page","link":"https:\/\/www.bemnutrir.com\/portal\/?page_id=325","title":{"rendered":"Livro &#8211; Estilo de Vida &#8211; A Dieta que Resulta"},"content":{"rendered":"<div id=\"pl-325\"  class=\"panel-layout\" ><div id=\"pg-325-0\"  class=\"panel-grid panel-no-style\" ><div id=\"pgc-325-0-0\"  class=\"panel-grid-cell\" ><div id=\"panel-325-0-0-0\" class=\"so-panel widget widget_sow-image panel-first-child panel-last-child\" data-index=\"0\" ><div\n\t\t\t\n\t\t\tclass=\"so-widget-sow-image so-widget-sow-image-default-c67d20f9f743-325\"\n\t\t\t\n\t\t>\n<div class=\"sow-image-container\">\n\t\t<img fetchpriority=\"high\" \n\tsrc=\"https:\/\/www.bemnutrir.com\/portal\/wp-content\/uploads\/2017\/03\/book_15_main-208x300.png\" width=\"208\" height=\"300\" srcset=\"https:\/\/www.bemnutrir.com\/portal\/wp-content\/uploads\/2017\/03\/book_15_main-208x300.png 208w, https:\/\/www.bemnutrir.com\/portal\/wp-content\/uploads\/2017\/03\/book_15_main.png 377w\" sizes=\"(max-width: 208px) 100vw, 208px\" title=\"Estilo de Vida - A Dieta que Resulta\" alt=\"\" \t\tclass=\"so-widget-image\"\/>\n\t<\/div>\n\n<\/div><\/div><\/div><div id=\"pgc-325-0-1\"  class=\"panel-grid-cell\" ><div id=\"panel-325-0-1-0\" class=\"so-panel widget widget_sow-editor panel-first-child panel-last-child\" data-index=\"1\" ><div\n\t\t\t\n\t\t\tclass=\"so-widget-sow-editor so-widget-sow-editor-base\"\n\t\t\t\n\t\t>\n<div class=\"siteorigin-widget-tinymce textwidget\">\n\t<p>Apresentado por: Isabel Figueira, Rita Mendes e Ricardo Carri\u00e7o.<\/p>\n<p>Sem gl\u00faten, sem lactose e sem organismos geneticamente modificados, mais do que uma dieta, este \u00e9 um estilo de vida. Esta \u00e9 a solu\u00e7\u00e3o para quem est\u00e1 farto de dietas restritivas e de exerc\u00edcios desgastantes, que n\u00e3o consegue manter durante muito tempo, e que p\u00f5em em causa a sua sa\u00fade e o seu bem\u00ad-estar.<\/p>\n<p>Para ser fit para toda a vida, os autores conceberam e testaram um programa alimentar saud\u00e1vel e de f\u00e1cil manuten\u00e7\u00e3o e um plano de treino de for\u00e7a de alta intensidade para ser feito em movimentos lentos.<\/p>\n<p>O objectivo \u00e9 perder massa gorda, melhorar a sua sa\u00fade e a sua auto-estima e, o mais importante, manter os resultados!<\/p>\n<p>Este plano \u00e9 personaliz\u00e1vel: pode adapt\u00e1-lo \u00e0s suas necessidades e objectivos. E, para tornar a mudan\u00e7a mais f\u00e1cil, ainda lhe apresentamos 30 receitas simples e deliciosas!<\/p>\n<p>&nbsp;<\/p>\n<\/div>\n<\/div><\/div><\/div><\/div><\/div>","protected":false},"excerpt":{"rendered":"<p>Apresentado por: Isabel Figueira, Rita Mendes e Ricardo Carri\u00e7o.Sem gl\u00faten, sem lactose e sem organismos geneticamente modificados, mais do que uma dieta, este \u00e9 um estilo de vida. Esta \u00e9 a solu\u00e7\u00e3o para quem est\u00e1 farto de dietas restritivas e de exerc\u00edcios desgastantes, que n\u00e3o consegue manter durante muito tempo, e que p\u00f5em em causa &hellip; <\/p>\n<p class=\"link-more\"><a href=\"https:\/\/www.bemnutrir.com\/portal\/?page_id=325\" class=\"more-link\">Continuar a ler <span class=\"screen-reader-text\">&#8220;Livro &#8211; Estilo de Vida &#8211; A Dieta que Resulta&#8221;<\/span><\/a><\/p>\n","protected":false},"author":1,"featured_media":0,"parent":0,"menu_order":0,"comment_status":"closed","ping_status":"closed","template":"","meta":{"footnotes":""},"class_list":["post-325","page","type-page","status-publish","hentry"],"_links":{"self":[{"href":"https:\/\/www.bemnutrir.com\/portal\/index.php?rest_route=\/wp\/v2\/pages\/325","targetHints":{"allow":["GET"]}}],"collection":[{"href":"https:\/\/www.bemnutrir.com\/portal\/index.php?rest_route=\/wp\/v2\/pages"}],"about":[{"href":"https:\/\/www.bemnutrir.com\/portal\/index.php?rest_route=\/wp\/v2\/types\/page"}],"author":[{"embeddable":true,"href":"https:\/\/www.bemnutrir.com\/portal\/index.php?rest_route=\/wp\/v2\/users\/1"}],"replies":[{"embeddable":true,"href":"https:\/\/www.bemnutrir.com\/portal\/index.php?rest_route=%2Fwp%2Fv2%2Fcomments&post=325"}],"version-history":[{"count":0,"href":"https:\/\/www.bemnutrir.com\/portal\/index.php?rest_route=\/wp\/v2\/pages\/325\/revisions"}],"wp:attachment":[{"href":"https:\/\/www.bemnutrir.com\/portal\/index.php?rest_route=%2Fwp%2Fv2%2Fmedia&parent=325"}],"curies":[{"name":"wp","href":"https:\/\/api.w.org\/{rel}","templated":true}]}}