{"id":348,"date":"2017-03-21T15:55:35","date_gmt":"2017-03-21T15:55:35","guid":{"rendered":"http:\/\/www.bemnutrir.com\/portal\/?page_id=348"},"modified":"2018-03-03T13:56:48","modified_gmt":"2018-03-03T12:56:48","slug":"livro-14","status":"publish","type":"page","link":"https:\/\/www.bemnutrir.com\/portal\/?page_id=348","title":{"rendered":"Livro &#8211; A Dieta da Medita\u00e7\u00e3o"},"content":{"rendered":"<div id=\"pl-348\"  class=\"panel-layout\" ><div id=\"pg-348-0\"  class=\"panel-grid panel-no-style\" ><div id=\"pgc-348-0-0\"  class=\"panel-grid-cell\" ><div id=\"panel-348-0-0-0\" class=\"so-panel widget widget_sow-image panel-first-child panel-last-child\" data-index=\"0\" ><div\n\t\t\t\n\t\t\tclass=\"so-widget-sow-image so-widget-sow-image-default-c67d20f9f743-348\"\n\t\t\t\n\t\t>\n<div class=\"sow-image-container\">\n\t\t<img fetchpriority=\"high\" \n\tsrc=\"https:\/\/www.bemnutrir.com\/portal\/wp-content\/uploads\/2017\/03\/book_14_main.png\" width=\"377\" height=\"572\" srcset=\"https:\/\/www.bemnutrir.com\/portal\/wp-content\/uploads\/2017\/03\/book_14_main.png 377w, https:\/\/www.bemnutrir.com\/portal\/wp-content\/uploads\/2017\/03\/book_14_main-198x300.png 198w\" sizes=\"(max-width: 377px) 100vw, 377px\" title=\"A Dieta da Medita\u00e7\u00e3o\" alt=\"\" \t\tclass=\"so-widget-image\"\/>\n\t<\/div>\n\n<\/div><\/div><\/div><div id=\"pgc-348-0-1\"  class=\"panel-grid-cell\" ><div id=\"panel-348-0-1-0\" class=\"so-panel widget widget_sow-editor panel-first-child panel-last-child\" data-index=\"1\" ><div\n\t\t\t\n\t\t\tclass=\"so-widget-sow-editor so-widget-sow-editor-base\"\n\t\t\t\n\t\t>\n<div class=\"siteorigin-widget-tinymce textwidget\">\n\t<p>Data de publica\u00e7\u00e3o: Maio de 2016<\/p>\n<p>Apresentado por: Patr\u00edcia Matos, Paulo Cardoso e Pedro Barroso.<\/p>\n<p>Pref\u00e1cio do m\u00e9dico psiquiatra M\u00e1rio Sim\u00f5es.<\/p>\n<p>Esta \u00e9 a \u00fanica dieta que lhe permite perder peso usando a mente.<\/p>\n<p>Alexandre Fernandes explica como, na grande maioria dos casos, \u00e9 a mente que nos faz engordar \u2013 mas tamb\u00e9m \u00e9 ela que conduz a um emagrecimento de sucesso.<\/p>\n<p>\u00abUm livro que fornece as ferramentas essenciais e eficazes para o auto conhecimento e para que, atrav\u00e9s dele, o leitor alcance o que mais deseja: o peso ideal.\u00bb<\/p>\n<p>Os m\u00e9todos e t\u00e9cnicas transmitidos neste livro s\u00e3o bastante eficazes e est\u00e3o ao alcance de qualquer pessoa. Se nunca meditou, n\u00e3o se preocupe: aqui tem os princ\u00edpios b\u00e1sicos para praticar a concentra\u00e7\u00e3o, encontrar a serenidade e emagrecer sem sacrif\u00edcios.<\/p>\n<p>Compreenda o seu excesso de peso e saiba como libertar a mente dos traumas ou v\u00edcios que o originaram. Basta come\u00e7ar com 5 minutos de medita\u00e7\u00e3o di\u00e1rios. Junte-lhe os 21 dias de plano alimentar, complementado com 40 receitas simples, pr\u00e1ticas e saborosas, e perca entre 6 e 8 Kg em 3 semanas. O livro baseia-se no princ\u00edpio de que o excesso de peso tem sempre uma origem ps\u00edquica, por vezes subconsciente, e que essa causa est\u00e1 quase sempre relacionada com um acontecimento traum\u00e1tico na vida da pessoa. Uma vez descoberto esse trauma e a origem do excesso de peso, a \u00abdesprograma\u00e7\u00e3o\u00bb mental que o desencadeou \u00e9 poss\u00edvel e a perda de peso torna-se f\u00e1cil, uma quest\u00e3o de perseveran\u00e7a nos m\u00e9todos mentais ensinados no livro.<\/p>\n<p>A f\u00f3rmula para emagrecer com sucesso est\u00e1 dentro de si.<\/p>\n<p>H\u00e1 dois m\u00e9todos focados no livro:<\/p>\n<p>A medita\u00e7\u00e3o - o livro cont\u00e9m os ensinamentos necess\u00e1rios para que se aprenda a meditar, de forma direccionada para o emagrecimento;<\/p>\n<p>A \u00abdesprograma\u00e7\u00e3o biol\u00f3gica\u00bb - introspec\u00e7\u00e3o em busca das causas subconscientes do ganho de peso, consciencializa\u00e7\u00e3o e controlo da mente para que desfa\u00e7a essa programa\u00e7\u00e3o. Com base neste m\u00e9todo, o autor exemplifica com casos reais, testemunhos recolhidos na sua pr\u00e1tica em consult\u00f3rio.<\/p>\n<p>\u00abConhecendo os diferentes caminhos para o emagrecimento, mas tamb\u00e9m as diferentes t\u00e9cnicas de medita\u00e7\u00e3o, junta o melhor de todas para obter o sucesso.\u00bb<\/p>\n<p>M\u00e1rio Sim\u00f5es, m\u00e9dico psiquiatra, in Pref\u00e1cio.<\/p>\n<\/div>\n<\/div><\/div><\/div><\/div><\/div>","protected":false},"excerpt":{"rendered":"<p>Data de publica\u00e7\u00e3o: Maio de 2016 Apresentado por: Patr\u00edcia Matos, Paulo Cardoso e Pedro Barroso. Pref\u00e1cio do m\u00e9dico psiquiatra M\u00e1rio Sim\u00f5es. Esta \u00e9 a \u00fanica dieta que lhe permite perder peso usando a mente. Alexandre Fernandes explica como, na grande maioria dos casos, \u00e9 a mente que nos faz engordar \u2013 mas tamb\u00e9m \u00e9 ela &hellip; <\/p>\n<p class=\"link-more\"><a href=\"https:\/\/www.bemnutrir.com\/portal\/?page_id=348\" class=\"more-link\">Continuar a ler <span class=\"screen-reader-text\">&#8220;Livro &#8211; A Dieta da Medita\u00e7\u00e3o&#8221;<\/span><\/a><\/p>\n","protected":false},"author":1,"featured_media":0,"parent":0,"menu_order":0,"comment_status":"closed","ping_status":"closed","template":"","meta":{"footnotes":""},"class_list":["post-348","page","type-page","status-publish","hentry"],"_links":{"self":[{"href":"https:\/\/www.bemnutrir.com\/portal\/index.php?rest_route=\/wp\/v2\/pages\/348","targetHints":{"allow":["GET"]}}],"collection":[{"href":"https:\/\/www.bemnutrir.com\/portal\/index.php?rest_route=\/wp\/v2\/pages"}],"about":[{"href":"https:\/\/www.bemnutrir.com\/portal\/index.php?rest_route=\/wp\/v2\/types\/page"}],"author":[{"embeddable":true,"href":"https:\/\/www.bemnutrir.com\/portal\/index.php?rest_route=\/wp\/v2\/users\/1"}],"replies":[{"embeddable":true,"href":"https:\/\/www.bemnutrir.com\/portal\/index.php?rest_route=%2Fwp%2Fv2%2Fcomments&post=348"}],"version-history":[{"count":0,"href":"https:\/\/www.bemnutrir.com\/portal\/index.php?rest_route=\/wp\/v2\/pages\/348\/revisions"}],"wp:attachment":[{"href":"https:\/\/www.bemnutrir.com\/portal\/index.php?rest_route=%2Fwp%2Fv2%2Fmedia&parent=348"}],"curies":[{"name":"wp","href":"https:\/\/api.w.org\/{rel}","templated":true}]}}