{"id":351,"date":"2017-03-22T09:34:12","date_gmt":"2017-03-22T09:34:12","guid":{"rendered":"http:\/\/www.bemnutrir.com\/portal\/?page_id=351"},"modified":"2017-06-02T14:17:02","modified_gmt":"2017-06-02T14:17:02","slug":"consultoria","status":"publish","type":"page","link":"https:\/\/www.bemnutrir.com\/portal\/?page_id=351","title":{"rendered":"Servi\u00e7os"},"content":{"rendered":"<p><span style=\"color: #0000ff;\">Disponibilidade para intervir em qualquer das seguintes \u00e1reas:<\/span><\/p>\n<ul>\n<li><span style=\"color: #0000ff;\"><a style=\"color: #0000ff;\" href=\"http:\/\/www.bemnutrir.com\/portal\/?page_id=354\"><strong>Consultoria;<\/strong><\/a><\/span><\/li>\n<li><span style=\"color: #0000ff;\"><strong><a style=\"color: #0000ff;\" href=\"http:\/\/www.bemnutrir.com\/portal\/?page_id=371\">Aconselhamento t\u00e9cnico<\/a>;<\/strong><\/span><\/li>\n<li><span style=\"color: #0000ff;\"><strong><a style=\"color: #0000ff;\" href=\"http:\/\/www.bemnutrir.com\/portal\/?page_id=374\">Forma\u00e7\u00e3o<\/a>;<\/strong><\/span><\/li>\n<li><span style=\"color: #0000ff;\"><strong><a style=\"color: #0000ff;\" href=\"http:\/\/www.bemnutrir.com\/portal\/?page_id=377\">Implementa\u00e7\u00e3o de Programas\/Cursos\/Ementas<\/a>;<\/strong><\/span><\/li>\n<li><span style=\"color: #0000ff;\"><strong><a style=\"color: #0000ff;\" href=\"http:\/\/www.bemnutrir.com\/portal\/?page_id=380\">Marketing\/Publicidade.<\/a><\/strong><\/span><\/li>\n<\/ul>\n","protected":false},"excerpt":{"rendered":"<p>Disponibilidade para intervir em qualquer das seguintes \u00e1reas: Consultoria; Aconselhamento t\u00e9cnico; Forma\u00e7\u00e3o; Implementa\u00e7\u00e3o de Programas\/Cursos\/Ementas; Marketing\/Publicidade.<\/p>\n","protected":false},"author":1,"featured_media":667,"parent":0,"menu_order":0,"comment_status":"closed","ping_status":"closed","template":"","meta":{"footnotes":""},"class_list":["post-351","page","type-page","status-publish","has-post-thumbnail","hentry"],"_links":{"self":[{"href":"https:\/\/www.bemnutrir.com\/portal\/index.php?rest_route=\/wp\/v2\/pages\/351","targetHints":{"allow":["GET"]}}],"collection":[{"href":"https:\/\/www.bemnutrir.com\/portal\/index.php?rest_route=\/wp\/v2\/pages"}],"about":[{"href":"https:\/\/www.bemnutrir.com\/portal\/index.php?rest_route=\/wp\/v2\/types\/page"}],"author":[{"embeddable":true,"href":"https:\/\/www.bemnutrir.com\/portal\/index.php?rest_route=\/wp\/v2\/users\/1"}],"replies":[{"embeddable":true,"href":"https:\/\/www.bemnutrir.com\/portal\/index.php?rest_route=%2Fwp%2Fv2%2Fcomments&post=351"}],"version-history":[{"count":0,"href":"https:\/\/www.bemnutrir.com\/portal\/index.php?rest_route=\/wp\/v2\/pages\/351\/revisions"}],"wp:featuredmedia":[{"embeddable":true,"href":"https:\/\/www.bemnutrir.com\/portal\/index.php?rest_route=\/wp\/v2\/media\/667"}],"wp:attachment":[{"href":"https:\/\/www.bemnutrir.com\/portal\/index.php?rest_route=%2Fwp%2Fv2%2Fmedia&parent=351"}],"curies":[{"name":"wp","href":"https:\/\/api.w.org\/{rel}","templated":true}]}}