{"id":354,"date":"2017-03-22T09:34:54","date_gmt":"2017-03-22T09:34:54","guid":{"rendered":"http:\/\/www.bemnutrir.com\/portal\/?page_id=354"},"modified":"2017-05-05T08:22:06","modified_gmt":"2017-05-05T08:22:06","slug":"consultoria_","status":"publish","type":"page","link":"https:\/\/www.bemnutrir.com\/portal\/?page_id=354","title":{"rendered":"Consultoria"},"content":{"rendered":"<p><span style=\"color: #0000ff;\">Actividade desenvolvida na \u00e1rea da Alimenta\u00e7\u00e3o, da Nutri\u00e7\u00e3o Cl\u00ednica e da Higiene e da Seguran\u00e7a Alimentar, em geral, em colabora\u00e7\u00e3o com:<\/span><\/p>\n<ul>\n<li><span style=\"color: #0000ff;\">Os meios de comunica\u00e7\u00e3o social (televis\u00e3o, r\u00e1dio, jornais e revistas): para esclarecer, transmitir e dar a conhecer ao consumidor informa\u00e7\u00f5es, dicas e recomenda\u00e7\u00f5es referentes a estes temas e outros no \u00e2mbito desta tem\u00e1tica. <\/span><\/li>\n<li><span style=\"color: #0000ff;\">Institui\u00e7\u00f5es e empresas para elaborar pareceres cient\u00edficos. <\/span><\/li>\n<li><span style=\"color: #0000ff;\">Adequa\u00e7\u00e3o de Menus.<\/span><\/li>\n<\/ul>\n","protected":false},"excerpt":{"rendered":"<p>Actividade desenvolvida na \u00e1rea da Alimenta\u00e7\u00e3o, da Nutri\u00e7\u00e3o Cl\u00ednica e da Higiene e da Seguran\u00e7a Alimentar, em geral, em colabora\u00e7\u00e3o com: Os meios de comunica\u00e7\u00e3o social (televis\u00e3o, r\u00e1dio, jornais e revistas): para esclarecer, transmitir e dar a conhecer ao consumidor informa\u00e7\u00f5es, dicas e recomenda\u00e7\u00f5es referentes a estes temas e outros no \u00e2mbito desta tem\u00e1tica. Institui\u00e7\u00f5es &hellip; <\/p>\n<p class=\"link-more\"><a href=\"https:\/\/www.bemnutrir.com\/portal\/?page_id=354\" class=\"more-link\">Continuar a ler <span class=\"screen-reader-text\">&#8220;Consultoria&#8221;<\/span><\/a><\/p>\n","protected":false},"author":1,"featured_media":667,"parent":0,"menu_order":0,"comment_status":"closed","ping_status":"closed","template":"","meta":{"footnotes":""},"class_list":["post-354","page","type-page","status-publish","has-post-thumbnail","hentry"],"_links":{"self":[{"href":"https:\/\/www.bemnutrir.com\/portal\/index.php?rest_route=\/wp\/v2\/pages\/354","targetHints":{"allow":["GET"]}}],"collection":[{"href":"https:\/\/www.bemnutrir.com\/portal\/index.php?rest_route=\/wp\/v2\/pages"}],"about":[{"href":"https:\/\/www.bemnutrir.com\/portal\/index.php?rest_route=\/wp\/v2\/types\/page"}],"author":[{"embeddable":true,"href":"https:\/\/www.bemnutrir.com\/portal\/index.php?rest_route=\/wp\/v2\/users\/1"}],"replies":[{"embeddable":true,"href":"https:\/\/www.bemnutrir.com\/portal\/index.php?rest_route=%2Fwp%2Fv2%2Fcomments&post=354"}],"version-history":[{"count":0,"href":"https:\/\/www.bemnutrir.com\/portal\/index.php?rest_route=\/wp\/v2\/pages\/354\/revisions"}],"wp:featuredmedia":[{"embeddable":true,"href":"https:\/\/www.bemnutrir.com\/portal\/index.php?rest_route=\/wp\/v2\/media\/667"}],"wp:attachment":[{"href":"https:\/\/www.bemnutrir.com\/portal\/index.php?rest_route=%2Fwp%2Fv2%2Fmedia&parent=354"}],"curies":[{"name":"wp","href":"https:\/\/api.w.org\/{rel}","templated":true}]}}