{"id":371,"date":"2017-03-22T09:46:50","date_gmt":"2017-03-22T09:46:50","guid":{"rendered":"http:\/\/www.bemnutrir.com\/portal\/?page_id=371"},"modified":"2019-12-28T18:27:14","modified_gmt":"2019-12-28T17:27:14","slug":"aconselhamento-tecnico","status":"publish","type":"page","link":"https:\/\/www.bemnutrir.com\/portal\/?page_id=371","title":{"rendered":"Aconselhamento t\u00e9cnico"},"content":{"rendered":"<p><span style=\"color: #0000ff;\">Disponibilidade para realizar trabalhos \/ artigos de Nutri\u00e7\u00e3o e de Alimenta\u00e7\u00e3o, de Educa\u00e7\u00e3o Alimentar, de Culin\u00e1ria Saud\u00e1vel e temas afins, bem como tem\u00e1ticas relacionadas com a Ind\u00fastria Alimentar \u2013 Higiene e Seguran\u00e7a Alimentar e outros assuntos relacionados no \u00e2mbito do tema.<\/span><\/p>\n<p><span style=\"color: #0000ff;\">Ainda, d\u00e1-se apoio para tradu\u00e7\u00f5es t\u00e9cnicas e revis\u00f5es cient\u00edficas de obras relacionadas com as tem\u00e1ticas acima descritas \u2013 PROPOSTA V\u00c1LIDA PARA QUALQUER EDITORA OU EMPRESA.<\/span><\/p>\n","protected":false},"excerpt":{"rendered":"<p>Disponibilidade para realizar trabalhos \/ artigos de Nutri\u00e7\u00e3o e de Alimenta\u00e7\u00e3o, de Educa\u00e7\u00e3o Alimentar, de Culin\u00e1ria Saud\u00e1vel e temas afins, bem como tem\u00e1ticas relacionadas com a Ind\u00fastria Alimentar \u2013 Higiene e Seguran\u00e7a Alimentar e outros assuntos relacionados no \u00e2mbito do tema. Ainda, d\u00e1-se apoio para tradu\u00e7\u00f5es t\u00e9cnicas e revis\u00f5es cient\u00edficas de obras relacionadas com as &hellip; <\/p>\n<p class=\"link-more\"><a href=\"https:\/\/www.bemnutrir.com\/portal\/?page_id=371\" class=\"more-link\">Continuar a ler <span class=\"screen-reader-text\">&#8220;Aconselhamento t\u00e9cnico&#8221;<\/span><\/a><\/p>\n","protected":false},"author":1,"featured_media":667,"parent":0,"menu_order":0,"comment_status":"closed","ping_status":"closed","template":"","meta":{"footnotes":""},"class_list":["post-371","page","type-page","status-publish","has-post-thumbnail","hentry"],"_links":{"self":[{"href":"https:\/\/www.bemnutrir.com\/portal\/index.php?rest_route=\/wp\/v2\/pages\/371","targetHints":{"allow":["GET"]}}],"collection":[{"href":"https:\/\/www.bemnutrir.com\/portal\/index.php?rest_route=\/wp\/v2\/pages"}],"about":[{"href":"https:\/\/www.bemnutrir.com\/portal\/index.php?rest_route=\/wp\/v2\/types\/page"}],"author":[{"embeddable":true,"href":"https:\/\/www.bemnutrir.com\/portal\/index.php?rest_route=\/wp\/v2\/users\/1"}],"replies":[{"embeddable":true,"href":"https:\/\/www.bemnutrir.com\/portal\/index.php?rest_route=%2Fwp%2Fv2%2Fcomments&post=371"}],"version-history":[{"count":1,"href":"https:\/\/www.bemnutrir.com\/portal\/index.php?rest_route=\/wp\/v2\/pages\/371\/revisions"}],"predecessor-version":[{"id":1297,"href":"https:\/\/www.bemnutrir.com\/portal\/index.php?rest_route=\/wp\/v2\/pages\/371\/revisions\/1297"}],"wp:featuredmedia":[{"embeddable":true,"href":"https:\/\/www.bemnutrir.com\/portal\/index.php?rest_route=\/wp\/v2\/media\/667"}],"wp:attachment":[{"href":"https:\/\/www.bemnutrir.com\/portal\/index.php?rest_route=%2Fwp%2Fv2%2Fmedia&parent=371"}],"curies":[{"name":"wp","href":"https:\/\/api.w.org\/{rel}","templated":true}]}}