{"id":374,"date":"2017-03-22T09:47:13","date_gmt":"2017-03-22T09:47:13","guid":{"rendered":"http:\/\/www.bemnutrir.com\/portal\/?page_id=374"},"modified":"2017-06-01T19:37:09","modified_gmt":"2017-06-01T19:37:09","slug":"formacao-2","status":"publish","type":"page","link":"https:\/\/www.bemnutrir.com\/portal\/?page_id=374","title":{"rendered":"Forma\u00e7\u00e3o"},"content":{"rendered":"<p><span style=\"color: #0000ff;\">Nutricionista, com Certificado de Aptid\u00e3o Profissional (CAP), e com experi\u00eancia profissional na \u00e1rea da Nutri\u00e7\u00e3o Cl\u00ednica.<\/span><\/p>\n<p><span style=\"color: #0000ff;\">Forma\u00e7\u00e3o nas \u00e1reas:<\/span><\/p>\n<ul>\n<li><span style=\"color: #0000ff;\">Alimenta\u00e7\u00e3o Saud\u00e1vel. <\/span><\/li>\n<li><span style=\"color: #0000ff;\">Educa\u00e7\u00e3o Alimentar. <\/span><\/li>\n<li><span style=\"color: #0000ff;\">Alimenta\u00e7\u00e3o nas diferentes fases da vida \u2013 Gravidez, Amamenta\u00e7\u00e3o, Inf\u00e2ncia, Adolesc\u00eancia, Adulto, Idoso e Desportista. <\/span><\/li>\n<li><span style=\"color: #0000ff;\">Nutri\u00e7\u00e3o no Desporto. <\/span><\/li>\n<li><span style=\"color: #0000ff;\">Alimenta\u00e7\u00e3o na Doen\u00e7a. <\/span><\/li>\n<li><span style=\"color: #0000ff;\">Culin\u00e1ria Saud\u00e1vel. <\/span><\/li>\n<li><span style=\"color: #0000ff;\">Higiene e Seguran\u00e7a Alimentar. <\/span><\/li>\n<li><span style=\"color: #0000ff;\">E outros temas relacionados com a Nutri\u00e7\u00e3o, a Alimenta\u00e7\u00e3o e a Restaura\u00e7\u00e3o.<\/span><\/li>\n<\/ul>\n<p><span style=\"color: #0000ff;\">Estas Forma\u00e7\u00f5es \/ Palestras podem ser dadas em escolas p\u00fablicas ou privadas, infant\u00e1rios ou creches, lares da terceira idade, gin\u00e1sios ou health clubs, empresas de restaura\u00e7\u00e3o (como restaurantes, pastelarias, snack-bares, leitarias, \u2026) e em outros locais.<\/span><\/p>\n","protected":false},"excerpt":{"rendered":"<p>Nutricionista, com Certificado de Aptid\u00e3o Profissional (CAP), e com experi\u00eancia profissional na \u00e1rea da Nutri\u00e7\u00e3o Cl\u00ednica. Forma\u00e7\u00e3o nas \u00e1reas: Alimenta\u00e7\u00e3o Saud\u00e1vel. Educa\u00e7\u00e3o Alimentar. Alimenta\u00e7\u00e3o nas diferentes fases da vida \u2013 Gravidez, Amamenta\u00e7\u00e3o, Inf\u00e2ncia, Adolesc\u00eancia, Adulto, Idoso e Desportista. Nutri\u00e7\u00e3o no Desporto. Alimenta\u00e7\u00e3o na Doen\u00e7a. Culin\u00e1ria Saud\u00e1vel. Higiene e Seguran\u00e7a Alimentar. E outros temas relacionados com &hellip; <\/p>\n<p class=\"link-more\"><a href=\"https:\/\/www.bemnutrir.com\/portal\/?page_id=374\" class=\"more-link\">Continuar a ler <span class=\"screen-reader-text\">&#8220;Forma\u00e7\u00e3o&#8221;<\/span><\/a><\/p>\n","protected":false},"author":1,"featured_media":667,"parent":0,"menu_order":0,"comment_status":"closed","ping_status":"closed","template":"","meta":{"footnotes":""},"class_list":["post-374","page","type-page","status-publish","has-post-thumbnail","hentry"],"_links":{"self":[{"href":"https:\/\/www.bemnutrir.com\/portal\/index.php?rest_route=\/wp\/v2\/pages\/374","targetHints":{"allow":["GET"]}}],"collection":[{"href":"https:\/\/www.bemnutrir.com\/portal\/index.php?rest_route=\/wp\/v2\/pages"}],"about":[{"href":"https:\/\/www.bemnutrir.com\/portal\/index.php?rest_route=\/wp\/v2\/types\/page"}],"author":[{"embeddable":true,"href":"https:\/\/www.bemnutrir.com\/portal\/index.php?rest_route=\/wp\/v2\/users\/1"}],"replies":[{"embeddable":true,"href":"https:\/\/www.bemnutrir.com\/portal\/index.php?rest_route=%2Fwp%2Fv2%2Fcomments&post=374"}],"version-history":[{"count":0,"href":"https:\/\/www.bemnutrir.com\/portal\/index.php?rest_route=\/wp\/v2\/pages\/374\/revisions"}],"wp:featuredmedia":[{"embeddable":true,"href":"https:\/\/www.bemnutrir.com\/portal\/index.php?rest_route=\/wp\/v2\/media\/667"}],"wp:attachment":[{"href":"https:\/\/www.bemnutrir.com\/portal\/index.php?rest_route=%2Fwp%2Fv2%2Fmedia&parent=374"}],"curies":[{"name":"wp","href":"https:\/\/api.w.org\/{rel}","templated":true}]}}