{"id":377,"date":"2017-03-22T09:47:25","date_gmt":"2017-03-22T09:47:25","guid":{"rendered":"http:\/\/www.bemnutrir.com\/portal\/?page_id=377"},"modified":"2017-06-01T19:38:21","modified_gmt":"2017-06-01T19:38:21","slug":"implementacao-de-programascursosementas","status":"publish","type":"page","link":"https:\/\/www.bemnutrir.com\/portal\/?page_id=377","title":{"rendered":"Implementa\u00e7\u00e3o programas"},"content":{"rendered":"<p><span style=\"color: #0000ff;\">Implementa\u00e7\u00e3o e adequa\u00e7\u00e3o de projectos para a promo\u00e7\u00e3o da sa\u00fade e do bem-estar da comunidade, no \u00e2mbito da Alimenta\u00e7\u00e3o, da Nutri\u00e7\u00e3o e da Higiene e da Seguran\u00e7a Alimentar &#8211; Empresas, Juntas de Freguesia, C\u00e2maras Municipais, etc.<\/span><\/p>\n<p><span style=\"color: #0000ff;\">Realiza\u00e7\u00e3o de programas individualizados e de pequenos cursos interactivos sobre h\u00e1bitos alimentares saud\u00e1veis &#8211; Empresas, Gin\u00e1sios, Health Clubs, Colectividades, Associa\u00e7\u00f5es, Academias, Empresas de restaura\u00e7\u00e3o, etc.<\/span><\/p>\n<p><span style=\"color: #0000ff;\">Adapta\u00e7\u00e3o da capacidade dos restaurantes ou de outra empresa de restaura\u00e7\u00e3o e elabora\u00e7\u00e3o das ementas di\u00e1rias, segundo as necessidades e as solicita\u00e7\u00f5es do p\u00fablico-alvo (crian\u00e7as, adolescentes, adultos jovens, adultos, adultos com <\/span><span style=\"color: #0000ff;\">problemas de sa\u00fade ou de excesso de peso, idosos, desportistas, etc.).<\/span><\/p>\n","protected":false},"excerpt":{"rendered":"<p>Implementa\u00e7\u00e3o e adequa\u00e7\u00e3o de projectos para a promo\u00e7\u00e3o da sa\u00fade e do bem-estar da comunidade, no \u00e2mbito da Alimenta\u00e7\u00e3o, da Nutri\u00e7\u00e3o e da Higiene e da Seguran\u00e7a Alimentar &#8211; Empresas, Juntas de Freguesia, C\u00e2maras Municipais, etc. Realiza\u00e7\u00e3o de programas individualizados e de pequenos cursos interactivos sobre h\u00e1bitos alimentares saud\u00e1veis &#8211; Empresas, Gin\u00e1sios, Health Clubs, Colectividades, &hellip; <\/p>\n<p class=\"link-more\"><a href=\"https:\/\/www.bemnutrir.com\/portal\/?page_id=377\" class=\"more-link\">Continuar a ler <span class=\"screen-reader-text\">&#8220;Implementa\u00e7\u00e3o programas&#8221;<\/span><\/a><\/p>\n","protected":false},"author":1,"featured_media":667,"parent":0,"menu_order":0,"comment_status":"closed","ping_status":"closed","template":"","meta":{"footnotes":""},"class_list":["post-377","page","type-page","status-publish","has-post-thumbnail","hentry"],"_links":{"self":[{"href":"https:\/\/www.bemnutrir.com\/portal\/index.php?rest_route=\/wp\/v2\/pages\/377","targetHints":{"allow":["GET"]}}],"collection":[{"href":"https:\/\/www.bemnutrir.com\/portal\/index.php?rest_route=\/wp\/v2\/pages"}],"about":[{"href":"https:\/\/www.bemnutrir.com\/portal\/index.php?rest_route=\/wp\/v2\/types\/page"}],"author":[{"embeddable":true,"href":"https:\/\/www.bemnutrir.com\/portal\/index.php?rest_route=\/wp\/v2\/users\/1"}],"replies":[{"embeddable":true,"href":"https:\/\/www.bemnutrir.com\/portal\/index.php?rest_route=%2Fwp%2Fv2%2Fcomments&post=377"}],"version-history":[{"count":0,"href":"https:\/\/www.bemnutrir.com\/portal\/index.php?rest_route=\/wp\/v2\/pages\/377\/revisions"}],"wp:featuredmedia":[{"embeddable":true,"href":"https:\/\/www.bemnutrir.com\/portal\/index.php?rest_route=\/wp\/v2\/media\/667"}],"wp:attachment":[{"href":"https:\/\/www.bemnutrir.com\/portal\/index.php?rest_route=%2Fwp%2Fv2%2Fmedia&parent=377"}],"curies":[{"name":"wp","href":"https:\/\/api.w.org\/{rel}","templated":true}]}}