{"id":380,"date":"2017-03-22T09:47:31","date_gmt":"2017-03-22T09:47:31","guid":{"rendered":"http:\/\/www.bemnutrir.com\/portal\/?page_id=380"},"modified":"2017-06-01T19:39:08","modified_gmt":"2017-06-01T19:39:08","slug":"marketing","status":"publish","type":"page","link":"https:\/\/www.bemnutrir.com\/portal\/?page_id=380","title":{"rendered":"Marketing\/Publicidade"},"content":{"rendered":"<p><span style=\"color: #0000ff;\">Aceitam-se propostas para a elabora\u00e7\u00e3o de projectos de publicidade e de marketing para qualquer meio de comunica\u00e7\u00e3o social (r\u00e1dio, imprensa ou televis\u00e3o) de produtos alimentares que contribuam para a promo\u00e7\u00e3o da sa\u00fade e o bem-estar da comunidade.<\/span><\/p>\n<p><span style=\"color: #0000ff;\">Eu posso intervir em qualquer uma das fases da elabora\u00e7\u00e3o do projecto, da seguinte forma:<\/span><\/p>\n<ul>\n<li><span style=\"color: #0000ff;\">Adequar o produto alimentar ao bem-estar da comunidade.<\/span><\/li>\n<li><span style=\"color: #0000ff;\">Elaborar pareceres cient\u00edficos.<\/span><\/li>\n<li><span style=\"color: #0000ff;\">Apoiar a prepara\u00e7\u00e3o do r\u00f3tulo e da embalagem.<\/span><\/li>\n<li><span style=\"color: #0000ff;\">Produzir slogans atractivos.<\/span><\/li>\n<li><span style=\"color: #0000ff;\">Participar no an\u00fancio televisivo ou impresso, no outdoor e\/ou noutras difus\u00f5es.<\/span><\/li>\n<li><span style=\"color: #0000ff;\"><span style=\"color: #0000ff;\">Colaborar na divulga\u00e7\u00e3o \u2013 na participa\u00e7\u00e3o em eventos, em programas de televis\u00e3o e de r\u00e1dio, e nos media (em geral), \u2026.<\/span><\/span>&nbsp;<\/li>\n<\/ul>\n<p><span style=\"color: #0000ff;\"><strong>\u00c1reas de interven\u00e7\u00e3o numa Ag\u00eancia de Publicidade:<\/strong><\/span><\/p>\n<p><span style=\"color: #0000ff;\">Dentro de uma ag\u00eancia de publicidade existe uma divis\u00e3o das tarefas. Como numa empresa normal, h\u00e1 departamentos designados para determinadas fun\u00e7\u00f5es, por\u00e9m, por tratar-se de uma profiss\u00e3o &#8220;criativa&#8221; \u00e0s vezes esses departamentos, ou o modo operacional da empresa, podem diferenciar de empresas de outros segmentos. Os cargos mais comuns que encontramos nas ag\u00eancias s\u00e3o: Atendimento, Media, Projecto, Cria\u00e7\u00e3o, Finaliza\u00e7\u00e3o.<\/span><\/p>\n<ul>\n<li><span style=\"color: #0000ff;\"><strong>Atendimento<\/strong>: Respons\u00e1vel pela comunica\u00e7\u00e3o cliente-ag\u00eancia e ag\u00eancia-cliente. \u00c9 o profissional de atendimento que apresenta: pe\u00e7as e campanhas, projectos, etc.<\/span><\/li>\n<li><span style=\"color: #0000ff;\"><strong>Media<\/strong>: Elabora o projecto para os media, de modo a atingir o p\u00fablico-alvo esperado, com os menores custos poss\u00edveis.<\/span><\/li>\n<li><span style=\"color: #0000ff;\"><strong>Projecto<\/strong>: O designer \u00e9 o respons\u00e1vel pela cria\u00e7\u00e3o do plano de comunica\u00e7\u00e3o tendo conhecimentos dos estudos de mercado, da concorr\u00eancia, do p\u00fablico consumidor, dos factores macroambientais e microambientais, etc. Todos estes factores s\u00e3o essenciais para tra\u00e7ar com precis\u00e3o as metas e os objectivos do cliente a curto, m\u00e9dio ou longo prazo.<\/span><\/li>\n<li><span style=\"color: #0000ff;\"><strong>Cria\u00e7\u00e3o<\/strong>: Este departamento subdivide-se em: director de arte e redactor. \u00c9 deste departamento que saem as ideias para os comerciais e an\u00fancios impressos.<\/span><\/li>\n<li><span style=\"color: #0000ff;\"><span style=\"color: #0000ff;\"><strong>Finaliza\u00e7\u00e3o<\/strong>: Sector da ag\u00eancia ligado \u00e0 cria\u00e7\u00e3o, fazem a arte-finaliza\u00e7\u00e3o dos an\u00fancios, editam imagens e preparam os arquivos para mandar para a produ\u00e7\u00e3o.<\/span><\/span>&nbsp;<\/li>\n<\/ul>\n<p><span style=\"color: #0000ff;\"><strong><u>Exemplo de Publicidade<\/u>:<\/strong><\/span><br \/>\n<span style=\"color: #0000ff;\"> \u00c1guas, Leites, Iogurtes, Alimentos Funcionais, Cereais de pequeno-almo\u00e7o, Alimentos light, Alimentos para beb\u00e9s, Suplementos alimentares, \u2026<\/span><\/p>\n","protected":false},"excerpt":{"rendered":"<p>Aceitam-se propostas para a elabora\u00e7\u00e3o de projectos de publicidade e de marketing para qualquer meio de comunica\u00e7\u00e3o social (r\u00e1dio, imprensa ou televis\u00e3o) de produtos alimentares que contribuam para a promo\u00e7\u00e3o da sa\u00fade e o bem-estar da comunidade. Eu posso intervir em qualquer uma das fases da elabora\u00e7\u00e3o do projecto, da seguinte forma: Adequar o produto &hellip; <\/p>\n<p class=\"link-more\"><a href=\"https:\/\/www.bemnutrir.com\/portal\/?page_id=380\" class=\"more-link\">Continuar a ler <span class=\"screen-reader-text\">&#8220;Marketing\/Publicidade&#8221;<\/span><\/a><\/p>\n","protected":false},"author":1,"featured_media":667,"parent":0,"menu_order":0,"comment_status":"closed","ping_status":"closed","template":"","meta":{"footnotes":""},"class_list":["post-380","page","type-page","status-publish","has-post-thumbnail","hentry"],"_links":{"self":[{"href":"https:\/\/www.bemnutrir.com\/portal\/index.php?rest_route=\/wp\/v2\/pages\/380","targetHints":{"allow":["GET"]}}],"collection":[{"href":"https:\/\/www.bemnutrir.com\/portal\/index.php?rest_route=\/wp\/v2\/pages"}],"about":[{"href":"https:\/\/www.bemnutrir.com\/portal\/index.php?rest_route=\/wp\/v2\/types\/page"}],"author":[{"embeddable":true,"href":"https:\/\/www.bemnutrir.com\/portal\/index.php?rest_route=\/wp\/v2\/users\/1"}],"replies":[{"embeddable":true,"href":"https:\/\/www.bemnutrir.com\/portal\/index.php?rest_route=%2Fwp%2Fv2%2Fcomments&post=380"}],"version-history":[{"count":0,"href":"https:\/\/www.bemnutrir.com\/portal\/index.php?rest_route=\/wp\/v2\/pages\/380\/revisions"}],"wp:featuredmedia":[{"embeddable":true,"href":"https:\/\/www.bemnutrir.com\/portal\/index.php?rest_route=\/wp\/v2\/media\/667"}],"wp:attachment":[{"href":"https:\/\/www.bemnutrir.com\/portal\/index.php?rest_route=%2Fwp%2Fv2%2Fmedia&parent=380"}],"curies":[{"name":"wp","href":"https:\/\/api.w.org\/{rel}","templated":true}]}}