{"id":383,"date":"2017-03-22T09:47:40","date_gmt":"2017-03-22T09:47:40","guid":{"rendered":"http:\/\/www.bemnutrir.com\/portal\/?page_id=383"},"modified":"2025-01-09T12:43:02","modified_gmt":"2025-01-09T11:43:02","slug":"testes","status":"publish","type":"page","link":"https:\/\/www.bemnutrir.com\/portal\/?page_id=383","title":{"rendered":"Testes"},"content":{"rendered":"<p><span style=\"color: #0000ff;\">Quando faz dieta o seu comportamento muda? Normalmente a sua alimenta\u00e7\u00e3o \u00e9 equilibrada e nutritiva?<\/span><\/p>\n<p><span style=\"color: #0000ff;\">Responda aos testes seguintes para descobrir como andam os seus h\u00e1bitos:<\/span><\/p>\n<ul>\n<li><span style=\"color: #0000ff;\">Sofre de ortorexia? (brevemente)<\/span><\/li>\n<li><span style=\"color: #0000ff;\">Como \u00e9 a sua alimenta\u00e7\u00e3o? (brevemente)<\/span><\/li>\n<li><span style=\"color: #0000ff;\">Durante as dietas, como se comporta? (brevemente)<\/span><\/li>\n<li><span style=\"color: #0000ff;\">Anda muito &#8220;stressado&#8221;? (brevemente)<\/span><\/li>\n<li><span style=\"color: #0000ff;\">Sofre de doen\u00e7a cardiovascular? (brevemente)<\/span><\/li>\n<\/ul>\n\n\n<p><\/p>\n","protected":false},"excerpt":{"rendered":"<p>Quando faz dieta o seu comportamento muda? Normalmente a sua alimenta\u00e7\u00e3o \u00e9 equilibrada e nutritiva? Responda aos testes seguintes para descobrir como andam os seus h\u00e1bitos: Sofre de ortorexia? (brevemente) Como \u00e9 a sua alimenta\u00e7\u00e3o? (brevemente) Durante as dietas, como se comporta? (brevemente) Anda muito &#8220;stressado&#8221;? (brevemente) Sofre de doen\u00e7a cardiovascular? (brevemente)<\/p>\n","protected":false},"author":1,"featured_media":721,"parent":0,"menu_order":0,"comment_status":"closed","ping_status":"closed","template":"","meta":{"footnotes":""},"class_list":["post-383","page","type-page","status-publish","has-post-thumbnail","hentry"],"_links":{"self":[{"href":"https:\/\/www.bemnutrir.com\/portal\/index.php?rest_route=\/wp\/v2\/pages\/383","targetHints":{"allow":["GET"]}}],"collection":[{"href":"https:\/\/www.bemnutrir.com\/portal\/index.php?rest_route=\/wp\/v2\/pages"}],"about":[{"href":"https:\/\/www.bemnutrir.com\/portal\/index.php?rest_route=\/wp\/v2\/types\/page"}],"author":[{"embeddable":true,"href":"https:\/\/www.bemnutrir.com\/portal\/index.php?rest_route=\/wp\/v2\/users\/1"}],"replies":[{"embeddable":true,"href":"https:\/\/www.bemnutrir.com\/portal\/index.php?rest_route=%2Fwp%2Fv2%2Fcomments&post=383"}],"version-history":[{"count":2,"href":"https:\/\/www.bemnutrir.com\/portal\/index.php?rest_route=\/wp\/v2\/pages\/383\/revisions"}],"predecessor-version":[{"id":1691,"href":"https:\/\/www.bemnutrir.com\/portal\/index.php?rest_route=\/wp\/v2\/pages\/383\/revisions\/1691"}],"wp:featuredmedia":[{"embeddable":true,"href":"https:\/\/www.bemnutrir.com\/portal\/index.php?rest_route=\/wp\/v2\/media\/721"}],"wp:attachment":[{"href":"https:\/\/www.bemnutrir.com\/portal\/index.php?rest_route=%2Fwp%2Fv2%2Fmedia&parent=383"}],"curies":[{"name":"wp","href":"https:\/\/api.w.org\/{rel}","templated":true}]}}