{"id":386,"date":"2017-03-22T09:47:48","date_gmt":"2017-03-22T09:47:48","guid":{"rendered":"http:\/\/www.bemnutrir.com\/portal\/?page_id=386"},"modified":"2025-02-10T17:00:42","modified_gmt":"2025-02-10T16:00:42","slug":"tabelas","status":"publish","type":"page","link":"https:\/\/www.bemnutrir.com\/portal\/?page_id=386","title":{"rendered":"Tabelas"},"content":{"rendered":"<p><span style=\"color: #0000ff;\">Para visualizar as diversas tabelas que disponibilizamos, escolha uma categoria:<\/span><\/p>\n<ul>\n<li><span style=\"color: #0000ff;\"><a style=\"color: #0000ff;\" href=\"https:\/\/www.bemnutrir.com\/portal\/?page_id=988\">Controlo do peso<\/a><\/span><\/li>\n<li><span style=\"color: #0000ff;\"><a style=\"color: #0000ff;\" href=\"https:\/\/www.bemnutrir.com\/portal\/?page_id=1167\">Calorias di\u00e1rias necess\u00e1rias<\/a><\/span><\/li>\n<li><span style=\"color: #0000ff;\"><a style=\"color: #0000ff;\" href=\"https:\/\/www.bemnutrir.com\/portal\/?page_id=1119\">Gasto energ\u00e9tico basal di\u00e1rio<\/a><\/span><\/li>\n<li><span style=\"color: #0000ff;\"><a style=\"color: #0000ff;\" href=\"https:\/\/www.bemnutrir.com\/portal\/?page_id=1145\">Dietas exemplo<\/a><\/span><\/li>\n<li><span style=\"color: #0000ff;\"><a style=\"color: #0000ff;\" href=\"http:\/\/www.bemnutrir.com\/portal\/?page_id=613\">Actividade e exercicio f\u00edsico<\/a><\/span><\/li>\n<li><span style=\"color: #0000ff;\"><a style=\"color: #0000ff;\" href=\"http:\/\/www.bemnutrir.com\/portal\/?page_id=595\">Tabela dos nutrientes<\/a><\/span><\/li>\n<li><span style=\"color: #0000ff;\"><a style=\"color: #0000ff;\" href=\"http:\/\/www.bemnutrir.com\/portal\/?page_id=619\">Tabelas de substitui\u00e7\u00e3o<\/a><\/span><\/li>\n<li><span style=\"color: #0000ff;\"><a style=\"color: #0000ff;\" href=\"http:\/\/www.bemnutrir.com\/portal\/?page_id=601\">As calorias<\/a><\/span><\/li>\n<\/ul>\n","protected":false},"excerpt":{"rendered":"<p>Para visualizar as diversas tabelas que disponibilizamos, escolha uma categoria: Controlo do peso Calorias di\u00e1rias necess\u00e1rias Gasto energ\u00e9tico basal di\u00e1rio Dietas exemplo Actividade e exercicio f\u00edsico Tabela dos nutrientes Tabelas de substitui\u00e7\u00e3o As calorias<\/p>\n","protected":false},"author":1,"featured_media":673,"parent":0,"menu_order":0,"comment_status":"closed","ping_status":"closed","template":"","meta":{"footnotes":""},"class_list":["post-386","page","type-page","status-publish","has-post-thumbnail","hentry"],"_links":{"self":[{"href":"https:\/\/www.bemnutrir.com\/portal\/index.php?rest_route=\/wp\/v2\/pages\/386","targetHints":{"allow":["GET"]}}],"collection":[{"href":"https:\/\/www.bemnutrir.com\/portal\/index.php?rest_route=\/wp\/v2\/pages"}],"about":[{"href":"https:\/\/www.bemnutrir.com\/portal\/index.php?rest_route=\/wp\/v2\/types\/page"}],"author":[{"embeddable":true,"href":"https:\/\/www.bemnutrir.com\/portal\/index.php?rest_route=\/wp\/v2\/users\/1"}],"replies":[{"embeddable":true,"href":"https:\/\/www.bemnutrir.com\/portal\/index.php?rest_route=%2Fwp%2Fv2%2Fcomments&post=386"}],"version-history":[{"count":1,"href":"https:\/\/www.bemnutrir.com\/portal\/index.php?rest_route=\/wp\/v2\/pages\/386\/revisions"}],"predecessor-version":[{"id":1711,"href":"https:\/\/www.bemnutrir.com\/portal\/index.php?rest_route=\/wp\/v2\/pages\/386\/revisions\/1711"}],"wp:featuredmedia":[{"embeddable":true,"href":"https:\/\/www.bemnutrir.com\/portal\/index.php?rest_route=\/wp\/v2\/media\/673"}],"wp:attachment":[{"href":"https:\/\/www.bemnutrir.com\/portal\/index.php?rest_route=%2Fwp%2Fv2%2Fmedia&parent=386"}],"curies":[{"name":"wp","href":"https:\/\/api.w.org\/{rel}","templated":true}]}}