{"id":446,"date":"2017-03-22T15:53:58","date_gmt":"2017-03-22T15:53:58","guid":{"rendered":"http:\/\/www.bemnutrir.com\/portal\/?page_id=446"},"modified":"2018-03-03T13:22:08","modified_gmt":"2018-03-03T12:22:08","slug":"as-nossas-panelas","status":"publish","type":"page","link":"https:\/\/www.bemnutrir.com\/portal\/?page_id=446","title":{"rendered":"As nossas panelas!"},"content":{"rendered":"<p><span style=\"color: #0000ff;\"><strong>As nossas panelas!<\/strong><\/span><\/p>\n<p><span style=\"color: #0000ff;\">Al\u00e9m de contribuir para o sabor das receitas, estes utens\u00edlios podem interferir na sa\u00fade do consumidor, tanto positiva como negativamente, porque podem transferir para os alimentos algumas subst\u00e2ncias que est\u00e3o na sua composi\u00e7\u00e3o.<\/span><\/p>\n<p><span style=\"color: #0000ff;\">-Panela de cobre<\/span><\/p>\n<p><span style=\"color: #0000ff;\">Esta panela \u00e9 utilizada nas caldeiradas e nas cataplanas. Quando n\u00e3o \u00e9 revestido de outros materiais, o cobre pode ser transferido para os alimentos. Consumido em excesso, \u00e9 capaz de causar problemas nos rins.<\/span><\/p>\n<p><span style=\"color: #0000ff;\">-Panela de ferro<\/span><\/p>\n<p><span style=\"color: #0000ff;\">Os alimentos v\u00e3o ganhar uma quantidade extra de ferro. Para doen\u00e7as como anemia ferropriva, que aparecem devido \u00e0 defici\u00eancia deste mineral, a utiliza\u00e7\u00e3o \u00e9 boa. Mas, aten\u00e7\u00e3o! A panela de ferro n\u00e3o pode ser muito esfregada quando se lavar a lou\u00e7a ou vai soltar uma ferrugem que no organismo oxida as gorduras insaturadas.<\/span><\/p>\n<p><span style=\"color: #0000ff;\">-Panela de alum\u00ednio<\/span><\/p>\n<p><span style=\"color: #0000ff;\">\u00c9 a mais pol\u00e9mica. Existem ind\u00edcios de que os res\u00edduos deste metal estariam ligados a doen\u00e7as como por exemplo, a doen\u00e7a de <em>Alzheimer<\/em> \u2013 mas n\u00e3o est\u00e1 nada confirmado. N\u00e3o deve ser utilizada pelos indiv\u00edduos com insufici\u00eancia renal ou pelos hemodialis\u00e1dos. Evite esfreg\u00e1-la com as esponjas de a\u00e7o.<\/span><\/p>\n<p><span style=\"color: #0000ff;\">-Travessa de vidro<\/span><\/p>\n<p><span style=\"color: #0000ff;\">\u00c9 a preferida pelos nutricionistas porque n\u00e3o h\u00e1 transfer\u00eancia de subst\u00e2ncias qu\u00edmicas. No dia-a-dia s\u00f3 existe um sen\u00e3o, pode partir-se com facilidade. Aten\u00e7\u00e3o \u00e0 qualidade. Se o utens\u00edlio for de boa qualidade e se tiver bom acabamento, vai causar menos problemas.<\/span><\/p>\n<p><span style=\"color: #0000ff;\">-Panela de teflon<\/span><\/p>\n<p><span style=\"color: #0000ff;\">Fabricada com o politetrafluoretileno (nome do revestimento). Esta panela \u00e9 uma boa op\u00e7\u00e3o porque n\u00e3o requer muita gordura na prepara\u00e7\u00e3o dos alimentos, j\u00e1 que \u00e9 antiaderente. \u00c9 conveniente tomar cuidado para que ela n\u00e3o ganhe arranh\u00f5es, provocados pelas esponjas e at\u00e9 por colheres de metal. Arranhada, esta panela pode transferir para os alimentos, um pl\u00e1stico que n\u00e3o deve ser ingerido.<\/span><\/p>\n<p><span style=\"color: #0000ff;\">-Panela de inox<\/span><\/p>\n<p><span style=\"color: #0000ff;\">Ela distribui o calor de forma uniforme e tamb\u00e9m \u00e9 de f\u00e1cil limpeza, porque a comida n\u00e3o se agarra \u00e0 panela. Outra vantagem \u00e9 que tem boa dureza. Na quest\u00e3o da sa\u00fade, se for de p\u00e9ssima qualidade \u00e9 capaz de libertar n\u00edquel \u2013 que \u00e9 prejudicial ao organismo.<\/span><\/p>\n<p><span style=\"color: #0000ff;\">-Panela esmaltada<\/span><\/p>\n<p><span style=\"color: #0000ff;\">\u00c9 uma das mais bonitas. Pode ser uma bela pe\u00e7a de decora\u00e7\u00e3o na cozinha e, al\u00e9m disso, se utilizada correctamente, n\u00e3o traz nenhum preju\u00edzo \u00e0 sa\u00fade. Basta limp\u00e1-la com cuidado para n\u00e3o arranh\u00e1-la a ponto de o esmalte n\u00e3o se soltar. Utilize sempre uma esponja macia, \u00e1gua e sab\u00e3o.<\/span><\/p>\n<p style=\"text-align: right;\"><span style=\"color: #0000ff;\"><span class=\"im\">Alexandre Fernandes \u2013 Lic. em Nutri\u00e7\u00e3o e Eng\u00aa Alimentar \/ Terapeuta \/ Autor<br \/>\n<\/span>Consulte: <a style=\"color: #0000ff;\" href=\"http:\/\/www.bemnutrir.com\/\" target=\"_blank\" rel=\"noopener noreferrer\" data-saferedirecturl=\"https:\/\/www.google.com\/url?hl=en&amp;q=http:\/\/www.bemnutrir.com&amp;source=gmail&amp;ust=1496737048569000&amp;usg=AFQjCNGsiVWvafD-EtkumaFyjeVCJTa-Nw\">www.bemnutrir.com<\/a><\/span><\/p>\n","protected":false},"excerpt":{"rendered":"<p>As nossas panelas! Al\u00e9m de contribuir para o sabor das receitas, estes utens\u00edlios podem interferir na sa\u00fade do consumidor, tanto positiva como negativamente, porque podem transferir para os alimentos algumas subst\u00e2ncias que est\u00e3o na sua composi\u00e7\u00e3o. -Panela de cobre Esta panela \u00e9 utilizada nas caldeiradas e nas cataplanas. Quando n\u00e3o \u00e9 revestido de outros materiais, &hellip; <\/p>\n<p class=\"link-more\"><a href=\"https:\/\/www.bemnutrir.com\/portal\/?page_id=446\" class=\"more-link\">Continuar a ler <span class=\"screen-reader-text\">&#8220;As nossas panelas!&#8221;<\/span><\/a><\/p>\n","protected":false},"author":1,"featured_media":754,"parent":0,"menu_order":0,"comment_status":"closed","ping_status":"closed","template":"","meta":{"footnotes":""},"class_list":["post-446","page","type-page","status-publish","has-post-thumbnail","hentry"],"_links":{"self":[{"href":"https:\/\/www.bemnutrir.com\/portal\/index.php?rest_route=\/wp\/v2\/pages\/446","targetHints":{"allow":["GET"]}}],"collection":[{"href":"https:\/\/www.bemnutrir.com\/portal\/index.php?rest_route=\/wp\/v2\/pages"}],"about":[{"href":"https:\/\/www.bemnutrir.com\/portal\/index.php?rest_route=\/wp\/v2\/types\/page"}],"author":[{"embeddable":true,"href":"https:\/\/www.bemnutrir.com\/portal\/index.php?rest_route=\/wp\/v2\/users\/1"}],"replies":[{"embeddable":true,"href":"https:\/\/www.bemnutrir.com\/portal\/index.php?rest_route=%2Fwp%2Fv2%2Fcomments&post=446"}],"version-history":[{"count":0,"href":"https:\/\/www.bemnutrir.com\/portal\/index.php?rest_route=\/wp\/v2\/pages\/446\/revisions"}],"wp:featuredmedia":[{"embeddable":true,"href":"https:\/\/www.bemnutrir.com\/portal\/index.php?rest_route=\/wp\/v2\/media\/754"}],"wp:attachment":[{"href":"https:\/\/www.bemnutrir.com\/portal\/index.php?rest_route=%2Fwp%2Fv2%2Fmedia&parent=446"}],"curies":[{"name":"wp","href":"https:\/\/api.w.org\/{rel}","templated":true}]}}