{"id":521,"date":"2017-03-24T10:19:03","date_gmt":"2017-03-24T10:19:03","guid":{"rendered":"http:\/\/www.bemnutrir.com\/portal\/?page_id=521"},"modified":"2017-06-05T09:16:47","modified_gmt":"2017-06-05T09:16:47","slug":"alimentacao-saudavel","status":"publish","type":"page","link":"https:\/\/www.bemnutrir.com\/portal\/?page_id=521","title":{"rendered":"Alimenta\u00e7\u00e3o saud\u00e1vel"},"content":{"rendered":"<p><strong><span style=\"color: #0000ff;\">Alimenta\u00e7\u00e3o saud\u00e1vel &#8211; Aprenda a alimentar-se<\/span><\/strong><\/p>\n<p><span style=\"color: #0000ff;\">A Alimenta\u00e7\u00e3o saud\u00e1vel \u00e9, quase sempre, considerada um fardo incompat\u00edvel com as exig\u00eancias de um quotidiano dominado pelo stress. Refugiamo-nos na cren\u00e7a de que \u00e9 uma utopia distante, e apenas acess\u00edvel a uma meia d\u00fazia de fan\u00e1ticos. E entregamo-nos \u00e0 despreocupa\u00e7\u00e3o de que &#8220;o que n\u00e3o mata engorda&#8221;, esta express\u00e3o que todos nos habitu\u00e1mos a ouvir, est\u00e1 profundamente errada, porque o que engorda, de facto, mata.<\/span><\/p>\n<p><span style=\"color: #0000ff;\">Ora, o que falta ainda perceber \u00e9 que a Alimenta\u00e7\u00e3o saud\u00e1vel n\u00e3o \u00e9 uma devo\u00e7\u00e3o que implica viver em fun\u00e7\u00e3o dessa milit\u00e2ncia fervosa. Pressup\u00f5e, sim, um conjunto de regras b\u00e1sicas, que se prestam a ser facilmente integradas na rotina di\u00e1ria, sem esfor\u00e7o nem sacrif\u00edcio. Mesmo os indiv\u00edduos com esp\u00edritos mais pr\u00e1ticos n\u00e3o t\u00eam raz\u00e3o de queixa, porque comer saudavelmente n\u00e3o \u00e9, de certeza, um investimento a fundo perdido, bem pelo contr\u00e1rio.<\/span><\/p>\n<p><span style=\"color: #0000ff;\">A longo prazo, contribui para prevenir doen\u00e7as e promove uma maior longevidade. A curto prazo, traduz-se de forma imediata em energia e bem-estar. N\u00e3o faltam dados cient\u00edficos que demonstram que a nutri\u00e7\u00e3o tem um impacto significativo no humor e no comportamento, incluindo desempenho mental e f\u00edsico.<\/span><\/p>\n<p><span style=\"color: #0000ff;\">Ent\u00e3o, m\u00e3os \u00e0 obra, em nome da Qualidade de Vida!!!<\/span><\/p>\n<p><span style=\"color: #0000ff;\"><strong>No dia-a-dia: 8 Princ\u00edpios b\u00e1sicos<\/strong><\/span><\/p>\n<p><span style=\"color: #0000ff;\">Ter sempre presentes estes princ\u00edpios \u00e9 essencial para quem preza a sua sa\u00fade.<\/span><\/p>\n<ol>\n<li><span style=\"color: #0000ff;\">A alimenta\u00e7\u00e3o deve ser diversificada para fornecer ao organismo todos os nutrientes.<\/span><\/li>\n<li><span style=\"color: #0000ff;\">A quantidade de calorias ingeridas deve ser adequada \u00e0 manuten\u00e7\u00e3o de um peso saud\u00e1vel.<\/span><\/li>\n<li><span style=\"color: #0000ff;\">Os alimentos a consumir em maior quantidade devem ser os vegetais, a fruta e os cereais que fornecem a\u00e7\u00facares complexos, vitaminas, sais minerais, fibra, e s\u00e3o, em geral, pobres em gordura.<\/span><\/li>\n<li><span style=\"color: #0000ff;\">A dieta deve ser pobre em gorduras, reduzindo o consumo de alimentos ricos em gorduras saturadas e em colesterol, para reduzir o risco de doen\u00e7as cardiovasculares e de certos tipos de cancro.<\/span><\/li>\n<li><span style=\"color: #0000ff;\">O peixe e as carnes brancas devem ser preferidos em rela\u00e7\u00e3o \u00e0s carnes vermelhas, mais ricas em gorduras saturadas, enquanto os ovos (gema), pelo seu elevado teor de colesterol, devem ser consumidos com modera\u00e7\u00e3o.<\/span><\/li>\n<li><span style=\"color: #0000ff;\">O a\u00e7\u00facar deve ser evitado ou usado moderadamente para reduzir o risco de diabetes e obesidade.<\/span><\/li>\n<li><span style=\"color: #0000ff;\">O sal deve ser evitado ou usado com modera\u00e7\u00e3o para evitar o risco de hipertens\u00e3o arterial.<\/span><\/li>\n<li><span style=\"color: #0000ff;\">As bebidas alco\u00f3licas devem ser evitadas.<\/span><\/li>\n<\/ol>\n<p><span style=\"color: #0000ff;\">Concluindo , aprender a comer bem \u00e9 essencial para o bem-estar e para a auto-estima das pessoas. Com alguma disciplina e for\u00e7a de vontade \u00e9 poss\u00edvel atingir-se esse objectivo desde que se saiba o que se pode comer e o que faz mal ao organismo.<\/span><\/p>\n<p>&nbsp;<\/p>\n<p style=\"text-align: right;\"><span style=\"color: #0000ff;\"><span class=\"im\">Alexandre Fernandes \u2013 Lic. em Nutri\u00e7\u00e3o e Eng\u00aa Alimentar \/ Terapeuta \/ Autor<br \/>\n<\/span>Consulte: <a style=\"color: #0000ff;\" href=\"http:\/\/www.bemnutrir.com\/\" target=\"_blank\" rel=\"noopener noreferrer\" data-saferedirecturl=\"https:\/\/www.google.com\/url?hl=en&amp;q=http:\/\/www.bemnutrir.com&amp;source=gmail&amp;ust=1496737048569000&amp;usg=AFQjCNGsiVWvafD-EtkumaFyjeVCJTa-Nw\">www.bemnutrir.com<\/a><\/span><\/p>\n","protected":false},"excerpt":{"rendered":"<p>Alimenta\u00e7\u00e3o saud\u00e1vel &#8211; Aprenda a alimentar-se A Alimenta\u00e7\u00e3o saud\u00e1vel \u00e9, quase sempre, considerada um fardo incompat\u00edvel com as exig\u00eancias de um quotidiano dominado pelo stress. Refugiamo-nos na cren\u00e7a de que \u00e9 uma utopia distante, e apenas acess\u00edvel a uma meia d\u00fazia de fan\u00e1ticos. E entregamo-nos \u00e0 despreocupa\u00e7\u00e3o de que &#8220;o que n\u00e3o mata engorda&#8221;, esta &hellip; <\/p>\n<p class=\"link-more\"><a href=\"https:\/\/www.bemnutrir.com\/portal\/?page_id=521\" class=\"more-link\">Continuar a ler <span class=\"screen-reader-text\">&#8220;Alimenta\u00e7\u00e3o saud\u00e1vel&#8221;<\/span><\/a><\/p>\n","protected":false},"author":1,"featured_media":754,"parent":0,"menu_order":0,"comment_status":"closed","ping_status":"closed","template":"","meta":{"footnotes":""},"class_list":["post-521","page","type-page","status-publish","has-post-thumbnail","hentry"],"_links":{"self":[{"href":"https:\/\/www.bemnutrir.com\/portal\/index.php?rest_route=\/wp\/v2\/pages\/521","targetHints":{"allow":["GET"]}}],"collection":[{"href":"https:\/\/www.bemnutrir.com\/portal\/index.php?rest_route=\/wp\/v2\/pages"}],"about":[{"href":"https:\/\/www.bemnutrir.com\/portal\/index.php?rest_route=\/wp\/v2\/types\/page"}],"author":[{"embeddable":true,"href":"https:\/\/www.bemnutrir.com\/portal\/index.php?rest_route=\/wp\/v2\/users\/1"}],"replies":[{"embeddable":true,"href":"https:\/\/www.bemnutrir.com\/portal\/index.php?rest_route=%2Fwp%2Fv2%2Fcomments&post=521"}],"version-history":[{"count":0,"href":"https:\/\/www.bemnutrir.com\/portal\/index.php?rest_route=\/wp\/v2\/pages\/521\/revisions"}],"wp:featuredmedia":[{"embeddable":true,"href":"https:\/\/www.bemnutrir.com\/portal\/index.php?rest_route=\/wp\/v2\/media\/754"}],"wp:attachment":[{"href":"https:\/\/www.bemnutrir.com\/portal\/index.php?rest_route=%2Fwp%2Fv2%2Fmedia&parent=521"}],"curies":[{"name":"wp","href":"https:\/\/api.w.org\/{rel}","templated":true}]}}