{"id":531,"date":"2017-03-24T12:10:18","date_gmt":"2017-03-24T12:10:18","guid":{"rendered":"http:\/\/www.bemnutrir.com\/portal\/?page_id=531"},"modified":"2017-12-18T16:20:03","modified_gmt":"2017-12-18T15:20:03","slug":"nutricional-home-care","status":"publish","type":"page","link":"https:\/\/www.bemnutrir.com\/portal\/?page_id=531","title":{"rendered":"Nutricional home care"},"content":{"rendered":"<p><span style=\"color: #0000ff;\"><strong>Consulta nutricional ao domic\u00edlio (Nutritional home care): Um novo conceito de nutri\u00e7\u00e3o<\/strong><\/span><\/p>\n<p><span style=\"color: #0000ff;\">A consulta ao domic\u00edlio (home care) \u00e9 um novo conceito de presta\u00e7\u00e3o de servi\u00e7os na \u00e1rea da sa\u00fade e da nutri\u00e7\u00e3o, dando \u00eanfase ao bin\u00f3mio doente\/fam\u00edlia. A nutri\u00e7\u00e3o \u00e9 parte integrante deste processo, pertencendo a uma sistematiza\u00e7\u00e3o de ac\u00e7\u00f5es que permitem a execu\u00e7\u00e3o desse cuidado.<\/span><\/p>\n<p><span style=\"color: #0000ff;\">A consulta nutricional ao domic\u00edlio (nutritional home care) tem como objectivo planear e estruturar a assist\u00eancia nutricional domiciliar, em doentes com doen\u00e7as terminais, portadores de patologias cr\u00f3nicas e\/ou com algum grau de incapacidade, associada ou n\u00e3o a um trabalho numa equipa multidisciplinar, tamb\u00e9m procura melhorar e\/ou manter o estado nutricional, contribuindo para melhorias da qualidade de vida.<\/span><\/p>\n<p><span style=\"color: #0000ff;\">Dentro do conceito de que a sa\u00fade deve ter sempre m\u00e1xima prioridade, a expans\u00e3o do conceito de nutritional home care \u00e9 uma forma de reduzir os gastos com a sa\u00fade, ampliando a possibilidade de assist\u00eancia profissional aliada ao conforto dom\u00e9stico dos doentes. Este novo servi\u00e7o de sa\u00fade, capaz de satisfazer de quem tem medo ou fobia de ir aos consult\u00f3rios m\u00e9dicos, permite que a estrutura convencional seja transferida para um ambiente no qual o doente provavelmente vai sentir-se melhor: a sua pr\u00f3pria resid\u00eancia.<\/span><\/p>\n<p><span style=\"color: #0000ff;\">O envolvimento do nutricionista nesta \u00e1rea\/conceito representa uma grande perspectiva para o nosso mercado de trabalho, que est\u00e1 em plena expans\u00e3o, apesar de ser um novo e mais um servi\u00e7o para a profiss\u00e3o.<\/span><\/p>\n<p>&nbsp;<\/p>\n<p><span style=\"color: #0000ff;\"><strong>Exemplo de doentes com patologias que podem aceder ao servi\u00e7o de nutritional home care:<\/strong><\/span><\/p>\n<p><span style=\"color: #0000ff;\">&#8211; Diabetes (tipo 1 e tipo 2),<br \/>\n<\/span><span style=\"color: #0000ff;\">&#8211; Press\u00e3o Alta (Hipertens\u00e3o Arterial),<br \/>\n<\/span><span style=\"color: #0000ff;\">&#8211; Altera\u00e7\u00f5es do colesterol e dos triglic\u00e9ridos no sangue (dislipidemias),<br \/>\n<\/span><span style=\"color: #0000ff;\">&#8211; Doen\u00e7as dos rins (doen\u00e7as renais),<br \/>\n<\/span><span style=\"color: #0000ff;\">&#8211; Intoler\u00e2ncia ao gl\u00faten dos alimentos (Doen\u00e7a cel\u00edaca),<br \/>\n<\/span><span style=\"color: #0000ff;\">&#8211; Intoler\u00e2ncia \u00e0 lactose (Intoler\u00e2ncia ao leite),<br \/>\n<\/span><span style=\"color: #0000ff;\">&#8211; Alergias alimentares,<br \/>\n<\/span><span style=\"color: #0000ff;\">&#8211; Crian\u00e7a que n\u00e3o come (crian\u00e7a selectiva),<br \/>\n<\/span><span style=\"color: #0000ff;\">&#8211; Dist\u00farbios da nutri\u00e7\u00e3o \u2013 obesidade, desnutri\u00e7\u00e3o e altera\u00e7\u00f5es f\u00edsicas e org\u00e2nicas por falta de vitaminas e sais minerais, como anemias, hipovitaminoses, etc,<br \/>\n<\/span><span style=\"color: #0000ff;\">&#8211; Altera\u00e7\u00f5es g\u00e1stricas (gastrite, \u00falcera, m\u00e1 digest\u00e3o, etc) e outras altera\u00e7\u00f5es do aparelho gastrointestinal, como no intestino delgado, grosso e recto (doen\u00e7a de Crohn, retocolite ulcerativa, s\u00edndrome do c\u00f3lon irrit\u00e1vel),<br \/>\n<\/span><span style=\"color: #0000ff;\">&#8211; Doen\u00e7as cardiovasculares,<br \/>\n<\/span><span style=\"color: #0000ff;\">&#8211; Entre muitas outras.<\/span><\/p>\n<p>&nbsp;<\/p>\n<p><span style=\"color: #0000ff;\"><strong>Conhe\u00e7a alguns dos servi\u00e7os prestados no nutritional home care:<\/strong><\/span><\/p>\n<p><span style=\"color: #0000ff;\">&#8211; Prescri\u00e7\u00e3o de um plano alimentar especial e individualizado para cada patologia.<br \/>\n<\/span><span style=\"color: #0000ff;\">&#8211; Orienta\u00e7\u00f5es nutricionais e em sa\u00fade, espec\u00edficas a cada patologia.<br \/>\n<\/span><span style=\"color: #0000ff;\">&#8211; Elabora\u00e7\u00e3o de ementas semanais, quinzenais ou mensais, com lista de compras.<br \/>\n<\/span><span style=\"color: #0000ff;\">&#8211; Orienta\u00e7\u00e3o para altera\u00e7\u00f5es dos h\u00e1bitos alimentares inadequados.<br \/>\n<\/span><span style=\"color: #0000ff;\">&#8211; Recomenda\u00e7\u00e3o na selec\u00e7\u00e3o dos restaurantes, fast-foods, festas e eventos.<br \/>\n<\/span><span style=\"color: #0000ff;\">&#8211; Orienta\u00e7\u00e3o e treino pr\u00e1tico para a aplica\u00e7\u00e3o da diet\u00e9tica espec\u00edfica a cada patologia e tamb\u00e9m na gastronomia saud\u00e1vel, com entrega de receitas simples.<br \/>\n<\/span><span style=\"color: #0000ff;\">&#8211; Orienta\u00e7\u00e3o e aconselhamento: nas compras (em lojas de alimentos, pra\u00e7as e supermercados), na organiza\u00e7\u00e3o, na higiene e na prepara\u00e7\u00e3o dos alimentos.<\/span><\/p>\n<p>&nbsp;<\/p>\n<p><span style=\"color: #0000ff;\">Para mais informa\u00e7\u00f5es escreva um email para: <a href=\"mailto:bemnutrir@bemnutrir.com\" target=\"_blank\" rel=\"noopener\">bemnutrir@bemnutrir.com<\/a><\/span><\/p>\n","protected":false},"excerpt":{"rendered":"<p>Consulta nutricional ao domic\u00edlio (Nutritional home care): Um novo conceito de nutri\u00e7\u00e3o A consulta ao domic\u00edlio (home care) \u00e9 um novo conceito de presta\u00e7\u00e3o de servi\u00e7os na \u00e1rea da sa\u00fade e da nutri\u00e7\u00e3o, dando \u00eanfase ao bin\u00f3mio doente\/fam\u00edlia. A nutri\u00e7\u00e3o \u00e9 parte integrante deste processo, pertencendo a uma sistematiza\u00e7\u00e3o de ac\u00e7\u00f5es que permitem a execu\u00e7\u00e3o &hellip; <\/p>\n<p class=\"link-more\"><a href=\"https:\/\/www.bemnutrir.com\/portal\/?page_id=531\" class=\"more-link\">Continuar a ler <span class=\"screen-reader-text\">&#8220;Nutricional home care&#8221;<\/span><\/a><\/p>\n","protected":false},"author":1,"featured_media":677,"parent":0,"menu_order":0,"comment_status":"closed","ping_status":"closed","template":"","meta":{"footnotes":""},"class_list":["post-531","page","type-page","status-publish","has-post-thumbnail","hentry"],"_links":{"self":[{"href":"https:\/\/www.bemnutrir.com\/portal\/index.php?rest_route=\/wp\/v2\/pages\/531","targetHints":{"allow":["GET"]}}],"collection":[{"href":"https:\/\/www.bemnutrir.com\/portal\/index.php?rest_route=\/wp\/v2\/pages"}],"about":[{"href":"https:\/\/www.bemnutrir.com\/portal\/index.php?rest_route=\/wp\/v2\/types\/page"}],"author":[{"embeddable":true,"href":"https:\/\/www.bemnutrir.com\/portal\/index.php?rest_route=\/wp\/v2\/users\/1"}],"replies":[{"embeddable":true,"href":"https:\/\/www.bemnutrir.com\/portal\/index.php?rest_route=%2Fwp%2Fv2%2Fcomments&post=531"}],"version-history":[{"count":0,"href":"https:\/\/www.bemnutrir.com\/portal\/index.php?rest_route=\/wp\/v2\/pages\/531\/revisions"}],"wp:featuredmedia":[{"embeddable":true,"href":"https:\/\/www.bemnutrir.com\/portal\/index.php?rest_route=\/wp\/v2\/media\/677"}],"wp:attachment":[{"href":"https:\/\/www.bemnutrir.com\/portal\/index.php?rest_route=%2Fwp%2Fv2%2Fmedia&parent=531"}],"curies":[{"name":"wp","href":"https:\/\/api.w.org\/{rel}","templated":true}]}}