{"id":613,"date":"2017-03-31T10:58:36","date_gmt":"2017-03-31T10:58:36","guid":{"rendered":"http:\/\/www.bemnutrir.com\/portal\/?page_id=613"},"modified":"2017-04-04T14:40:15","modified_gmt":"2017-04-04T14:40:15","slug":"actividade-e-exercicio-fisico","status":"publish","type":"page","link":"https:\/\/www.bemnutrir.com\/portal\/?page_id=613","title":{"rendered":"Actividade e exercicio f\u00edsico"},"content":{"rendered":"<p><strong>Gasto energ\u00e9tico durante alguns exerc\u00edcios f\u00edsicos (em calorias)<br \/>\n<\/strong><\/p>\n<table style=\"height: 1531px;\" width=\"728\">\n<tbody>\n<tr>\n<td rowspan=\"2\" width=\"168\"><strong>Calorias Gastas<\/strong><\/td>\n<td colspan=\"2\" width=\"140\"><strong>55 kg<\/strong><\/td>\n<td colspan=\"2\" width=\"132\"><strong>65 kg<\/strong><\/td>\n<td colspan=\"2\" width=\"132\"><strong>75 kg<\/strong><\/td>\n<td colspan=\"2\" width=\"132\"><strong>85 kg<\/strong><\/td>\n<\/tr>\n<tr>\n<td width=\"61\">\/min.<\/td>\n<td width=\"79\">\/30min.<\/td>\n<td width=\"60\">\/min.<\/td>\n<td width=\"72\">\/30min.<\/td>\n<td width=\"60\">\/min.<\/td>\n<td width=\"72\">\/30min.<\/td>\n<td width=\"60\">\/min.<\/td>\n<td width=\"72\">\/30min.<\/td>\n<\/tr>\n<tr>\n<td width=\"168\"><strong>Aer\u00f3bica<\/strong><\/td>\n<td width=\"61\">7,4<\/td>\n<td width=\"79\">222,0<\/td>\n<td width=\"60\">8,6<\/td>\n<td width=\"72\">258,0<\/td>\n<td width=\"60\">9,8<\/td>\n<td width=\"72\">294,0<\/td>\n<td width=\"60\">11,1<\/td>\n<td width=\"72\">333,0<\/td>\n<\/tr>\n<tr>\n<td width=\"168\"><strong>Andar<\/strong><\/td>\n<td width=\"61\">2,8<\/td>\n<td width=\"79\">84,0<\/td>\n<td width=\"60\">3,2<\/td>\n<td width=\"72\">96,0<\/td>\n<td width=\"60\">3,5<\/td>\n<td width=\"72\">105,0<\/td>\n<td width=\"60\">4,0<\/td>\n<td width=\"72\">120,0<\/td>\n<\/tr>\n<tr>\n<td width=\"168\"><strong>Basquetebol<\/strong><\/td>\n<td width=\"61\">7,5<\/td>\n<td width=\"79\">225,0<\/td>\n<td width=\"60\">8,8<\/td>\n<td width=\"72\">264,0<\/td>\n<td width=\"60\">10,0<\/td>\n<td width=\"72\">300,0<\/td>\n<td width=\"60\">11,3<\/td>\n<td width=\"72\">339,0<\/td>\n<\/tr>\n<tr>\n<td width=\"168\"><strong><em>Bowling<\/em><\/strong><\/td>\n<td width=\"61\">1,2<\/td>\n<td width=\"79\">36,0<\/td>\n<td width=\"60\">1,4<\/td>\n<td width=\"72\">42,0<\/td>\n<td width=\"60\">1,6<\/td>\n<td width=\"72\">48,0<\/td>\n<td width=\"60\">1,9<\/td>\n<td width=\"72\">57,0<\/td>\n<\/tr>\n<tr>\n<td width=\"168\"><strong>Dan\u00e7ar<\/strong><\/td>\n<td width=\"61\">2,9<\/td>\n<td width=\"79\">87,0<\/td>\n<td width=\"60\">3,3<\/td>\n<td width=\"72\">99,0<\/td>\n<td width=\"60\">3,7<\/td>\n<td width=\"72\">111,0<\/td>\n<td width=\"60\">4,2<\/td>\n<td width=\"72\">126,0<\/td>\n<\/tr>\n<tr>\n<td width=\"168\"><strong>Bicicleta <\/strong><strong>(a 15 Km\/h)<\/strong><\/td>\n<td width=\"61\">5,5<\/td>\n<td width=\"79\">165,0<\/td>\n<td width=\"60\">6,4<\/td>\n<td width=\"72\">192,0<\/td>\n<td width=\"60\">7,3<\/td>\n<td width=\"72\">219,0<\/td>\n<td width=\"60\">8,2<\/td>\n<td width=\"72\">246,0<\/td>\n<\/tr>\n<tr>\n<td width=\"168\"><strong>Correr<\/strong><\/td>\n<td width=\"61\">11,4<\/td>\n<td width=\"79\">342,0<\/td>\n<td width=\"60\">13,2<\/td>\n<td width=\"72\">396,0<\/td>\n<td width=\"60\">15,1<\/td>\n<td width=\"72\">453,0<\/td>\n<td width=\"60\">17,0<\/td>\n<td width=\"72\">510,0<\/td>\n<\/tr>\n<tr>\n<td width=\"168\"><strong>Estar sentado<\/strong><\/td>\n<td width=\"61\">1,1<\/td>\n<td width=\"79\">33,0<\/td>\n<td width=\"60\">1,3<\/td>\n<td width=\"72\">39,0<\/td>\n<td width=\"60\">1,5<\/td>\n<td width=\"72\">45,0<\/td>\n<td width=\"60\">1,7<\/td>\n<td width=\"72\">51,0<\/td>\n<\/tr>\n<tr>\n<td width=\"168\"><strong>Esqui de fundo<\/strong><\/td>\n<td width=\"61\">7,5<\/td>\n<td width=\"79\">225,0<\/td>\n<td width=\"60\">8,8<\/td>\n<td width=\"72\">264,0<\/td>\n<td width=\"60\">10,0<\/td>\n<td width=\"72\">300,0<\/td>\n<td width=\"60\">11,3<\/td>\n<td width=\"72\">339,0<\/td>\n<\/tr>\n<tr>\n<td width=\"168\"><strong>Esqui alpino<\/strong><\/td>\n<td width=\"61\">5,7<\/td>\n<td width=\"79\">171,0<\/td>\n<td width=\"60\">6,6<\/td>\n<td width=\"72\">198,0<\/td>\n<td width=\"60\">7,6<\/td>\n<td width=\"72\">228,0<\/td>\n<td width=\"60\">8,5<\/td>\n<td width=\"72\">255,0<\/td>\n<\/tr>\n<tr>\n<td width=\"168\"><strong>Golfe <\/strong><strong>(sem carro)<\/strong><\/td>\n<td width=\"61\">4,6<\/td>\n<td width=\"79\">138,0<\/td>\n<td width=\"60\">5,4<\/td>\n<td width=\"72\">162,0<\/td>\n<td width=\"60\">6,2<\/td>\n<td width=\"72\">186,0<\/td>\n<td width=\"60\">7,0<\/td>\n<td width=\"72\">210,0<\/td>\n<\/tr>\n<tr>\n<td width=\"168\"><strong>Jardinagem<\/strong><\/td>\n<td width=\"61\">5,0<\/td>\n<td width=\"79\">150,0<\/td>\n<td width=\"60\">5,9<\/td>\n<td width=\"72\">177,0<\/td>\n<td width=\"60\">6,7<\/td>\n<td width=\"72\">201,0<\/td>\n<td width=\"60\">7,5<\/td>\n<td width=\"72\">225,0<\/td>\n<\/tr>\n<tr>\n<td width=\"168\"><strong>Muscula\u00e7\u00e3o<\/strong><\/td>\n<td width=\"61\">6,6<\/td>\n<td width=\"79\">198,0<\/td>\n<td width=\"60\">7,6<\/td>\n<td width=\"72\">228,0<\/td>\n<td width=\"60\">8,7<\/td>\n<td width=\"72\">261,0<\/td>\n<td width=\"60\">9,8<\/td>\n<td width=\"72\">294,0<\/td>\n<\/tr>\n<tr>\n<td width=\"168\"><strong>Nadar crol <\/strong><strong>(ritmo m\u00e9dio)<\/strong><\/td>\n<td width=\"61\">7,8<\/td>\n<td width=\"79\">234,0<\/td>\n<td width=\"60\">9,0<\/td>\n<td width=\"72\">270,0<\/td>\n<td width=\"60\">10,3<\/td>\n<td width=\"72\">309,0<\/td>\n<td width=\"60\">11,6<\/td>\n<td width=\"72\">348,0<\/td>\n<\/tr>\n<tr>\n<td width=\"168\"><strong>Patinar <\/strong><strong>(gelo ou rodas)<\/strong><\/td>\n<td width=\"61\">5,9<\/td>\n<td width=\"79\">177,0<\/td>\n<td width=\"60\">6,9<\/td>\n<td width=\"72\">207,0<\/td>\n<td width=\"60\">7,9<\/td>\n<td width=\"72\">228,0<\/td>\n<td width=\"60\">8,8<\/td>\n<td width=\"72\">264,0<\/td>\n<\/tr>\n<tr>\n<td width=\"168\"><strong>Marcha r\u00e1pida<\/strong><\/td>\n<td width=\"61\">9,3<\/td>\n<td width=\"79\">279,0<\/td>\n<td width=\"60\">10,8<\/td>\n<td width=\"72\">324,0<\/td>\n<td width=\"60\">12,4<\/td>\n<td width=\"72\">372,0<\/td>\n<td width=\"60\">13,9<\/td>\n<td width=\"72\">417,0<\/td>\n<\/tr>\n<tr>\n<td width=\"168\"><strong><em>Trekking<\/em><\/strong><\/td>\n<td width=\"61\">4,5<\/td>\n<td width=\"79\">135,0<\/td>\n<td width=\"60\">5,2<\/td>\n<td width=\"72\">156,0<\/td>\n<td width=\"60\">6,0<\/td>\n<td width=\"72\">180,0<\/td>\n<td width=\"60\">6,7<\/td>\n<td width=\"72\">201,0<\/td>\n<\/tr>\n<tr>\n<td width=\"168\"><strong>T\u00e9nis<\/strong><\/td>\n<td width=\"61\">6,0<\/td>\n<td width=\"79\">180,0<\/td>\n<td width=\"60\">6,9<\/td>\n<td width=\"72\">207,0<\/td>\n<td width=\"60\">7,9<\/td>\n<td width=\"72\">237,0<\/td>\n<td width=\"60\">8,9<\/td>\n<td width=\"72\">267,0<\/td>\n<\/tr>\n<\/tbody>\n<\/table>\n<p><strong><u>Observa\u00e7\u00e3o<\/u><\/strong>: Os valores descritos s\u00e3o medianos. Cada organismo apresenta diferen\u00e7as individuais, ou seja, as calorias gastas dependem da efici\u00eancia, da intensidade e do desempenho do indiv\u00edduo. Deve-se usar a tabela como refer\u00eancia, atrav\u00e9s do peso que mais se aproxima do seu. Se houver diferen\u00e7as significativas, utilize uma regra de tr\u00eas simples. No caso de n\u00e3o praticar 30 minutos de exerc\u00edcios, deve multiplicar o valor das calorias gastas por minuto expresso na tabela pelo n\u00famero de minutos de pr\u00e1tica desportiva, para ter um conhecimento das calorias gastas. O melhor exerc\u00edcio a ser praticado quando se segue um plano alimentar de emagrecimento \u00e9 o aer\u00f3bico: como nadar, correr, pedalar, caminhar, subir escadas, praticar hidrogin\u00e1stica e outras actividades.<\/p>\n<p>Mas para aquelas pessoas que n\u00e3o podem praticar exerc\u00edcio f\u00edsico, uma das melhores actividades que podem fazer para queimar calorias de uma forma sensata, sem prepara\u00e7\u00e3o f\u00edsica pr\u00e9via e com risco praticamente nulo de les\u00f5es, \u00e9 o andar, que pode ir desde o passeio lento at\u00e9 \u00e0 marcha atl\u00e9tica. H\u00e1 tamb\u00e9m toda uma sequ\u00eancia de ritmos interm\u00e9dios que far\u00e3o gastar calorias de uma forma admir\u00e1vel, beneficiando tamb\u00e9m a sa\u00fade. Estes exerc\u00edcios, quando praticados entre 20 a 30 minutos, fazem com que o organismo comece a utilizar a gordura corporal para a obten\u00e7\u00e3o de energia.<\/p>\n<p>Os exerc\u00edcios localizados apenas fortalecem e definem o t\u00f3nus muscular, causando uma pequena perda de gordura.<\/p>\n<p>&nbsp;<\/p>\n<p><strong>Retirado do Livro \u201c<em>Guia para uma Alimenta\u00e7\u00e3o Saud\u00e1vel<\/em>\u201d, da Editorial Presen\u00e7a.<\/strong><\/p>\n","protected":false},"excerpt":{"rendered":"<p>Gasto energ\u00e9tico durante alguns exerc\u00edcios f\u00edsicos (em calorias) Calorias Gastas 55 kg 65 kg 75 kg 85 kg \/min. \/30min. \/min. \/30min. \/min. \/30min. \/min. \/30min. Aer\u00f3bica 7,4 222,0 8,6 258,0 9,8 294,0 11,1 333,0 Andar 2,8 84,0 3,2 96,0 3,5 105,0 4,0 120,0 Basquetebol 7,5 225,0 8,8 264,0 10,0 300,0 11,3 339,0 Bowling 1,2 &hellip; <\/p>\n<p class=\"link-more\"><a href=\"https:\/\/www.bemnutrir.com\/portal\/?page_id=613\" class=\"more-link\">Continuar a ler <span class=\"screen-reader-text\">&#8220;Actividade e exercicio f\u00edsico&#8221;<\/span><\/a><\/p>\n","protected":false},"author":1,"featured_media":115,"parent":0,"menu_order":0,"comment_status":"closed","ping_status":"closed","template":"","meta":{"footnotes":""},"class_list":["post-613","page","type-page","status-publish","has-post-thumbnail","hentry"],"_links":{"self":[{"href":"https:\/\/www.bemnutrir.com\/portal\/index.php?rest_route=\/wp\/v2\/pages\/613","targetHints":{"allow":["GET"]}}],"collection":[{"href":"https:\/\/www.bemnutrir.com\/portal\/index.php?rest_route=\/wp\/v2\/pages"}],"about":[{"href":"https:\/\/www.bemnutrir.com\/portal\/index.php?rest_route=\/wp\/v2\/types\/page"}],"author":[{"embeddable":true,"href":"https:\/\/www.bemnutrir.com\/portal\/index.php?rest_route=\/wp\/v2\/users\/1"}],"replies":[{"embeddable":true,"href":"https:\/\/www.bemnutrir.com\/portal\/index.php?rest_route=%2Fwp%2Fv2%2Fcomments&post=613"}],"version-history":[{"count":0,"href":"https:\/\/www.bemnutrir.com\/portal\/index.php?rest_route=\/wp\/v2\/pages\/613\/revisions"}],"wp:featuredmedia":[{"embeddable":true,"href":"https:\/\/www.bemnutrir.com\/portal\/index.php?rest_route=\/wp\/v2\/media\/115"}],"wp:attachment":[{"href":"https:\/\/www.bemnutrir.com\/portal\/index.php?rest_route=%2Fwp%2Fv2%2Fmedia&parent=613"}],"curies":[{"name":"wp","href":"https:\/\/api.w.org\/{rel}","templated":true}]}}