{"id":619,"date":"2017-03-31T11:13:21","date_gmt":"2017-03-31T11:13:21","guid":{"rendered":"http:\/\/www.bemnutrir.com\/portal\/?page_id=619"},"modified":"2017-03-31T11:28:11","modified_gmt":"2017-03-31T11:28:11","slug":"tabela-de-substituicao","status":"publish","type":"page","link":"https:\/\/www.bemnutrir.com\/portal\/?page_id=619","title":{"rendered":"Tabelas de substitui\u00e7\u00e3o"},"content":{"rendered":"<p><strong>Tabela de substitui\u00e7\u00e3o \u2013 Alimentos<\/strong><\/p>\n<table width=\"561\">\n<tbody>\n<tr>\n<td width=\"305\">&nbsp;<\/td>\n<td width=\"256\"><strong><u>Substituir por:<\/u><\/strong><\/td>\n<\/tr>\n<tr>\n<td width=\"305\">Manteiga<\/td>\n<td width=\"256\">Margarina light ou margarina<\/td>\n<\/tr>\n<tr>\n<td width=\"305\">Margarina light ou margarina<\/td>\n<td width=\"256\">Azeite ou \u00f3leo vegetal<\/td>\n<\/tr>\n<tr>\n<td width=\"305\">Leite gordo<\/td>\n<td width=\"256\">Leite desnatado<\/td>\n<\/tr>\n<tr>\n<td width=\"305\">Iogurte gordo<\/td>\n<td width=\"256\">Iogurte desnatado<\/td>\n<\/tr>\n<tr>\n<td width=\"305\">Queijo gordo (parmes\u00e3o, Golda, Emmental, Brie)<\/td>\n<td width=\"256\">Queijo magro (ricota, fresco,\u2026)<\/td>\n<\/tr>\n<tr>\n<td width=\"305\">Requeij\u00e3o<\/td>\n<td width=\"256\">Requeij\u00e3o light<\/td>\n<\/tr>\n<tr>\n<td width=\"305\">Maionese<\/td>\n<td width=\"256\">Maionese light ou iogurte desnatado<\/td>\n<\/tr>\n<tr>\n<td width=\"305\">Natas<\/td>\n<td width=\"256\">Iogurte desnatado<\/td>\n<\/tr>\n<tr>\n<td width=\"305\">Carne vermelha gorda (picanha)<\/td>\n<td width=\"256\">Carne vermelha magra<\/td>\n<\/tr>\n<tr>\n<td width=\"305\">Carne vermelha em &#8220;geral&#8221;<\/td>\n<td width=\"256\">Carne branca (peru ou frango ou coelho)<\/td>\n<\/tr>\n<tr>\n<td width=\"305\">Frango com pele<\/td>\n<td width=\"256\">Frango sem pele<\/td>\n<\/tr>\n<tr>\n<td width=\"305\">Produtos de charcutaria ou de salsicharia carne de porco (presunto, lingui\u00e7a, salame, mortadela, chouri\u00e7os, \u2026)<\/td>\n<td width=\"256\">Produtos de charcutaria ou de salsicharia de frango ou peru<\/td>\n<\/tr>\n<tr>\n<td width=\"305\">Alm\u00f4ndegas, hamb\u00farguer e salsicha de carne ou porco<\/td>\n<td width=\"256\">Alm\u00f4ndegas, hamb\u00farguer e salsicha de frango, peru ou peixe<\/td>\n<\/tr>\n<tr>\n<td width=\"305\">Nugetts de frango<\/td>\n<td width=\"256\">Nugetts de legumes<\/td>\n<\/tr>\n<tr>\n<td width=\"305\">Peixe de \u00e1gua doce<\/td>\n<td width=\"256\">Peixe de \u00e1gua salgada<\/td>\n<\/tr>\n<tr>\n<td width=\"305\">Carnes em geral<\/td>\n<td width=\"256\">Leguminosas (feij\u00e3o, lentilha, ervilha, gr\u00e3o-de-bico, favas, soja)<\/td>\n<\/tr>\n<tr>\n<td width=\"305\">Gelados de leite<\/td>\n<td width=\"256\">Gelados de fruta<\/td>\n<\/tr>\n<tr>\n<td width=\"305\">Chantily<\/td>\n<td width=\"256\">Iogurte desnatado<\/td>\n<\/tr>\n<tr>\n<td width=\"305\">Leite de coco<\/td>\n<td width=\"256\">Leite desnatado<\/td>\n<\/tr>\n<tr>\n<td width=\"305\">Banha de porco<\/td>\n<td width=\"256\">Azeite ou \u00f3leo vegetal (canola, girassol, soja)<\/td>\n<\/tr>\n<tr>\n<td width=\"305\">Massas recheadas de queijo ou de ovo<\/td>\n<td width=\"256\">Massa simples<\/td>\n<\/tr>\n<tr>\n<td width=\"305\">P\u00e3o branco<\/td>\n<td width=\"256\">P\u00e3o integral ou de mistura<\/td>\n<\/tr>\n<tr>\n<td width=\"305\">P\u00e3o recheado<\/td>\n<td width=\"256\">P\u00e3o branco ou integral ou de mistura<\/td>\n<\/tr>\n<tr>\n<td width=\"305\">Croissant<\/td>\n<td width=\"256\">P\u00e3o branco ou integral ou de mistura<\/td>\n<\/tr>\n<tr>\n<td width=\"305\">P\u00e3o com queijo amanteigado<\/td>\n<td width=\"256\">P\u00e3o com queijo magro<\/td>\n<\/tr>\n<tr>\n<td width=\"305\">Bolacha simples (Maria, cream-craker, \u00e1gua e sal)<\/td>\n<td width=\"256\">Bolacha integral<\/td>\n<\/tr>\n<tr>\n<td width=\"305\">Bolacha recheada<\/td>\n<td width=\"256\">Bolacha simples (Maria, cream-craker, \u00e1gua e sal)<\/td>\n<\/tr>\n<tr>\n<td width=\"305\">Bolacha amanteigada<\/td>\n<td width=\"256\">Bolacha simples (Maria, cream-craker, \u00e1gua e sal)<\/td>\n<\/tr>\n<tr>\n<td width=\"305\">Cereais de pequeno-almo\u00e7o a\u00e7ucarados ou achocolatados<\/td>\n<td width=\"256\">Cereais de pequeno-almo\u00e7o sem a\u00e7\u00facar ou integrais<\/td>\n<\/tr>\n<tr>\n<td width=\"305\">Cereais de pequeno-almo\u00e7o integrais<\/td>\n<td width=\"256\">Cereais de pequeno-almo\u00e7o sem a\u00e7\u00facar<\/td>\n<\/tr>\n<tr>\n<td width=\"305\">Massa folhada<\/td>\n<td width=\"256\">Massa simples<\/td>\n<\/tr>\n<tr>\n<td width=\"305\">Arroz branco<\/td>\n<td width=\"256\">Arroz integral<\/td>\n<\/tr>\n<tr>\n<td width=\"305\">Macarr\u00e3o recheado (canelone, capelete)<\/td>\n<td width=\"256\">Massa simples (penne, esparguete)<\/td>\n<\/tr>\n<tr>\n<td width=\"305\">Massa recheada de carnes (carne, frango)<\/td>\n<td width=\"256\">Massa simples (penne, esparguete) ou massas recheadas de queijo ou de legumes<\/td>\n<\/tr>\n<\/tbody>\n<\/table>\n<p><strong>Tabela de substitui\u00e7\u00e3o \u2013 Prepara\u00e7\u00f5es\/Refei\u00e7\u00f5es<\/strong><strong>&nbsp;<\/strong><\/p>\n<table width=\"561\">\n<tbody>\n<tr>\n<td width=\"305\">&nbsp;<\/td>\n<td width=\"256\"><strong><u>Substituir por:<\/u><\/strong><\/td>\n<\/tr>\n<tr>\n<td width=\"305\">Bife, frango ou peixe frito<\/td>\n<td width=\"256\">Bife, frango ou peixe cozido, grelhado, assado<\/td>\n<\/tr>\n<tr>\n<td width=\"305\">Panados ou filetes de peixe<\/td>\n<td width=\"256\">Bife, frango ou peixe cozido, grelhado, assado<\/td>\n<\/tr>\n<tr>\n<td width=\"305\">Bife, frango ou peixe com molhos gordos (de natas, de queijo, \u2026)<\/td>\n<td width=\"256\">Bife, frango ou peixe cozido, grelhado, assado<\/td>\n<\/tr>\n<tr>\n<td width=\"305\">Ovo estrelado, omeleta<\/td>\n<td width=\"256\">Ovo cozido ou escalfado<\/td>\n<\/tr>\n<tr>\n<td width=\"305\">Alm\u00f4ndegas, hamb\u00farguer e nuggetts fritos<\/td>\n<td width=\"256\">Alm\u00f4ndegas, hamb\u00farguer e nugetts assados no forno<\/td>\n<\/tr>\n<tr>\n<td width=\"305\">Fritos, em geral<\/td>\n<td width=\"256\">Cozidos, grelhados, assados ou refogados<\/td>\n<\/tr>\n<tr>\n<td width=\"305\">Panados fritos<\/td>\n<td width=\"256\">Panados assados<\/td>\n<\/tr>\n<tr>\n<td width=\"305\">Salgadinhos (riss\u00f3is, croquetes, pasteis de bacalhau,\u2026)<\/td>\n<td width=\"256\">Salgadinhos assado<\/td>\n<\/tr>\n<tr>\n<td width=\"305\">Gratinados com queijo<\/td>\n<td width=\"256\">Gratinados com p\u00e3o ralado<\/td>\n<\/tr>\n<tr>\n<td width=\"305\">Molhos \u00e0 base de manteiga<\/td>\n<td width=\"256\">Molhos \u00e0 base de iogurte e de ervas arom\u00e1ticas<\/td>\n<\/tr>\n<tr>\n<td width=\"305\">Molho branco<\/td>\n<td width=\"256\">Molho de tomate fresco<\/td>\n<\/tr>\n<tr>\n<td width=\"305\">Sopas cremosas (caldos)<\/td>\n<td width=\"256\">Sopas de legumes<\/td>\n<\/tr>\n<tr>\n<td width=\"305\">Arroz \u00e1rabe (com passas, pinh\u00e3o,\u2026)<\/td>\n<td width=\"256\">Arroz simples<\/td>\n<\/tr>\n<tr>\n<td width=\"305\">Lasanha de carne<\/td>\n<td width=\"256\">Lasanha de legumes<\/td>\n<\/tr>\n<tr>\n<td width=\"305\">Pur\u00e9 de batata<\/td>\n<td width=\"256\">Batata assada<\/td>\n<\/tr>\n<tr>\n<td width=\"305\">Sandu\u00edches quentes<\/td>\n<td width=\"256\">Sandu\u00edches frias<\/td>\n<\/tr>\n<tr>\n<td width=\"305\">Sandu\u00edche com hamb\u00farguer<\/td>\n<td width=\"256\">Sandu\u00edche com peito de frango ou de peru<\/td>\n<\/tr>\n<tr>\n<td width=\"305\">Sandu\u00edche com queijo e manteiga<\/td>\n<td width=\"256\">Sandu\u00edche com queijo<\/td>\n<\/tr>\n<tr>\n<td width=\"305\">Sandu\u00edche com maionese<\/td>\n<td width=\"256\">Sandu\u00edche sem maionese<\/td>\n<\/tr>\n<tr>\n<td width=\"305\">Pizza (tropical, portuguesa, 4 queijos,&#8230;)<\/td>\n<td width=\"256\">Pizza de queijo ou as do tipo light<\/td>\n<\/tr>\n<tr>\n<td width=\"305\">Entradas (azeitona, queijos, pat\u00e9s)<\/td>\n<td width=\"256\">Saladas simples com cenoura, pepino, alface, tomate,\u2026<\/td>\n<\/tr>\n<tr>\n<td width=\"305\">Entradas (p\u00e3o com pat\u00e9)<\/td>\n<td width=\"256\">Sopa ou creme de legumes<\/td>\n<\/tr>\n<tr>\n<td width=\"305\">Pat\u00e9 de foie grais<\/td>\n<td width=\"256\">Pat\u00e9 light<\/td>\n<\/tr>\n<tr>\n<td width=\"305\">Pat\u00e9s com maionese<\/td>\n<td width=\"256\">Pat\u00e9s com requeij\u00e3o light<\/td>\n<\/tr>\n<tr>\n<td width=\"305\">Bolos recheados e ou com cobertura<\/td>\n<td width=\"256\">Bolo simples (tipo p\u00e3o-de-l\u00f3)<\/td>\n<\/tr>\n<tr>\n<td width=\"305\">Doces cremosos<\/td>\n<td width=\"256\">Frutas em calda (mas sem a calda)<\/td>\n<\/tr>\n<tr>\n<td width=\"305\">Tortas cremosas<\/td>\n<td width=\"256\">Tortas simples<\/td>\n<\/tr>\n<tr>\n<td width=\"305\">Molhos para salada cremosas<\/td>\n<td width=\"256\">Vinagrete de: azeite, sumo de lim\u00e3o, ervas arom\u00e1ticas e especiarias (a gosto)<\/td>\n<\/tr>\n<\/tbody>\n<\/table>\n<p>&nbsp;<\/p>\n","protected":false},"excerpt":{"rendered":"<p>Tabela de substitui\u00e7\u00e3o \u2013 Alimentos &nbsp; Substituir por: Manteiga Margarina light ou margarina Margarina light ou margarina Azeite ou \u00f3leo vegetal Leite gordo Leite desnatado Iogurte gordo Iogurte desnatado Queijo gordo (parmes\u00e3o, Golda, Emmental, Brie) Queijo magro (ricota, fresco,\u2026) Requeij\u00e3o Requeij\u00e3o light Maionese Maionese light ou iogurte desnatado Natas Iogurte desnatado Carne vermelha gorda (picanha) &hellip; <\/p>\n<p class=\"link-more\"><a href=\"https:\/\/www.bemnutrir.com\/portal\/?page_id=619\" class=\"more-link\">Continuar a ler <span class=\"screen-reader-text\">&#8220;Tabelas de substitui\u00e7\u00e3o&#8221;<\/span><\/a><\/p>\n","protected":false},"author":1,"featured_media":115,"parent":0,"menu_order":0,"comment_status":"closed","ping_status":"closed","template":"","meta":{"footnotes":""},"class_list":["post-619","page","type-page","status-publish","has-post-thumbnail","hentry"],"_links":{"self":[{"href":"https:\/\/www.bemnutrir.com\/portal\/index.php?rest_route=\/wp\/v2\/pages\/619","targetHints":{"allow":["GET"]}}],"collection":[{"href":"https:\/\/www.bemnutrir.com\/portal\/index.php?rest_route=\/wp\/v2\/pages"}],"about":[{"href":"https:\/\/www.bemnutrir.com\/portal\/index.php?rest_route=\/wp\/v2\/types\/page"}],"author":[{"embeddable":true,"href":"https:\/\/www.bemnutrir.com\/portal\/index.php?rest_route=\/wp\/v2\/users\/1"}],"replies":[{"embeddable":true,"href":"https:\/\/www.bemnutrir.com\/portal\/index.php?rest_route=%2Fwp%2Fv2%2Fcomments&post=619"}],"version-history":[{"count":0,"href":"https:\/\/www.bemnutrir.com\/portal\/index.php?rest_route=\/wp\/v2\/pages\/619\/revisions"}],"wp:featuredmedia":[{"embeddable":true,"href":"https:\/\/www.bemnutrir.com\/portal\/index.php?rest_route=\/wp\/v2\/media\/115"}],"wp:attachment":[{"href":"https:\/\/www.bemnutrir.com\/portal\/index.php?rest_route=%2Fwp%2Fv2%2Fmedia&parent=619"}],"curies":[{"name":"wp","href":"https:\/\/api.w.org\/{rel}","templated":true}]}}