{"id":648,"date":"2017-04-12T10:52:53","date_gmt":"2017-04-12T10:52:53","guid":{"rendered":"https:\/\/www.bemnutrir.com\/portal\/?page_id=648"},"modified":"2017-09-24T20:38:59","modified_gmt":"2017-09-24T19:38:59","slug":"livro-desperdicio-zero-na-cozinha","status":"publish","type":"page","link":"https:\/\/www.bemnutrir.com\/portal\/?page_id=648","title":{"rendered":"Livro &#8211; Desperdicio Zero na Cozinha"},"content":{"rendered":"<div id=\"pl-648\"  class=\"panel-layout\" ><div id=\"pg-648-0\"  class=\"panel-grid panel-no-style\" ><div id=\"pgc-648-0-0\"  class=\"panel-grid-cell\" ><div id=\"panel-648-0-0-0\" class=\"so-panel widget widget_sow-image panel-first-child panel-last-child\" data-index=\"0\" ><div\n\t\t\t\n\t\t\tclass=\"so-widget-sow-image so-widget-sow-image-default-8b5b6f678277-648\"\n\t\t\t\n\t\t>\n<div class=\"sow-image-container\">\n\t\t\t<a href=\"https:\/\/www.bemnutrir.com\/portal\/?page_id=648\"\n\t\t\t\t\t>\n\t\t\t<img fetchpriority=\"high\" \n\tsrc=\"https:\/\/www.bemnutrir.com\/portal\/wp-content\/uploads\/2017\/03\/book_13_main.png\" width=\"377\" height=\"573\" srcset=\"https:\/\/www.bemnutrir.com\/portal\/wp-content\/uploads\/2017\/03\/book_13_main.png 377w, https:\/\/www.bemnutrir.com\/portal\/wp-content\/uploads\/2017\/03\/book_13_main-197x300.png 197w\" sizes=\"(max-width: 377px) 100vw, 377px\" title=\"Desperdicio Zero na Cozinha\" alt=\"\" \t\tclass=\"so-widget-image\"\/>\n\t\t\t<\/a><\/div>\n\n<\/div><\/div><\/div><div id=\"pgc-648-0-1\"  class=\"panel-grid-cell\" ><div id=\"panel-648-0-1-0\" class=\"so-panel widget widget_sow-editor panel-first-child panel-last-child\" data-index=\"1\" ><div\n\t\t\t\n\t\t\tclass=\"so-widget-sow-editor so-widget-sow-editor-base\"\n\t\t\t\n\t\t><h3 class=\"widget-title\">Livro - Desperd\u00edcio Zero na Cozinha<\/h3>\n<div class=\"siteorigin-widget-tinymce textwidget\">\n\t<p>Data de Publica\u00e7\u00e3o: novembro de 2015<\/p>\n<p>Apresentado por Elizabeth Silva (UNESCO), Sandra Celas e Susana Gai\u00e3o Mota.<\/p>\n<p>\u00a0<\/p>\n<p>Nestes tempos de crise, o segredo \u00e9 reutilizar e reciclar. Nada vai para o lixo!<\/p>\n<p>Um livro que ensina a n\u00e3o desperdi\u00e7ar o que lhe faz bem, com a garantia de um dos mais destacados nutricionistas da actualidade.<\/p>\n<p>Comer saud\u00e1vel \u00e9 aproveitar todos os nutrientes que os alimentos nos d\u00e3o: compre menos, desperdice pouco, coma melhor!<\/p>\n<p>O autor e nutricionista Alexandre Fernandes, um dos convidados nas celebra\u00e7\u00f5es dos 70 anos da UNESCO\/Dia Mundial da Ci\u00eancia, prop\u00f5e neste livro poupar dinheiro e energia, aproveitando cascas, talos e folhas dos alimentos, reaproveitando sobras de forma imaginativa e evitando ao m\u00e1ximo o desperd\u00edcio.<\/p>\n<p>Mais de 60 receitas saborosas e nutritivas para aproveitar integralmente os alimentos e ter desperd\u00edcio zero na cozinha, no Ano Internacional dos Solos.<\/p>\n<p>Desperd\u00edcio Zero tem como objectivo apresentar algumas das muit\u00edssimas receitas que previnem o desperd\u00edcio alimentar, de forma a ajudar a erradicar a fome, a poupar algum dinheiro e a proteger o meio ambiente.<br \/>Diz-se que a mudan\u00e7a passa por comportamentos e atitudes cultivadas no dia-a-dia e que as boas ac\u00e7\u00f5es come\u00e7am em casa. Logo, essa mudan\u00e7a pode ser feita por si, j\u00e1 hoje. Garanta a todos n\u00f3s um futuro risonho preservando desde j\u00e1 o meio ambiente.<\/p>\n<p>A alimenta\u00e7\u00e3o \u00e9 uma das maiores preocupa\u00e7\u00f5es do nosso dia-a-dia. Comprar os alimentos e prepar\u00e1-los de maneira adequada torna-se cada vez mais importante, diante das dificuldades econ\u00f3micas que existem. Por isso, um dos h\u00e1bitos que devemos interiorizar no quotidiano \u00e9 aproveitar integralmente todas as partes dos alimentos, para evitar o desperd\u00edcio.<br \/>E isso significa aproveitar tudo o que for poss\u00edvel dos alimentos e nunca deitar fora o que nos pode servir como fonte de nutrientes ou ajudarnos a alcan\u00e7ar uma alimenta\u00e7\u00e3o equilibrada e saud\u00e1vel. Evitando o desperd\u00edcio, os gastos com a alimenta\u00e7\u00e3o podem ser reduzidos \u2013 e muito!<br \/>N\u00e3o deite fora as partes dos alimentos que podem ajudar \u2013 a qualquer um de n\u00f3s, como da nossa fam\u00edlia \u2013 a ter uma refei\u00e7\u00e3o mais completa, com tudo o que \u00e9 necess\u00e1rio para o crescimento e a sa\u00fade do organismo.<\/p>\n<p>\u00a0<\/p>\n<\/div>\n<\/div><\/div><\/div><\/div><\/div>","protected":false},"excerpt":{"rendered":"<p>Data de Publica\u00e7\u00e3o: novembro de 2015 Apresentado por Elizabeth Silva (UNESCO), Sandra Celas e Susana Gai\u00e3o Mota. \u00a0 Nestes tempos de crise, o segredo \u00e9 reutilizar e reciclar. Nada vai para o lixo! Um livro que ensina a n\u00e3o desperdi\u00e7ar o que lhe faz bem, com a garantia de um dos mais destacados nutricionistas da &hellip; <\/p>\n<p class=\"link-more\"><a href=\"https:\/\/www.bemnutrir.com\/portal\/?page_id=648\" class=\"more-link\">Continuar a ler <span class=\"screen-reader-text\">&#8220;Livro &#8211; Desperdicio Zero na Cozinha&#8221;<\/span><\/a><\/p>\n","protected":false},"author":1,"featured_media":0,"parent":0,"menu_order":0,"comment_status":"closed","ping_status":"closed","template":"","meta":{"footnotes":""},"class_list":["post-648","page","type-page","status-publish","hentry"],"_links":{"self":[{"href":"https:\/\/www.bemnutrir.com\/portal\/index.php?rest_route=\/wp\/v2\/pages\/648","targetHints":{"allow":["GET"]}}],"collection":[{"href":"https:\/\/www.bemnutrir.com\/portal\/index.php?rest_route=\/wp\/v2\/pages"}],"about":[{"href":"https:\/\/www.bemnutrir.com\/portal\/index.php?rest_route=\/wp\/v2\/types\/page"}],"author":[{"embeddable":true,"href":"https:\/\/www.bemnutrir.com\/portal\/index.php?rest_route=\/wp\/v2\/users\/1"}],"replies":[{"embeddable":true,"href":"https:\/\/www.bemnutrir.com\/portal\/index.php?rest_route=%2Fwp%2Fv2%2Fcomments&post=648"}],"version-history":[{"count":0,"href":"https:\/\/www.bemnutrir.com\/portal\/index.php?rest_route=\/wp\/v2\/pages\/648\/revisions"}],"wp:attachment":[{"href":"https:\/\/www.bemnutrir.com\/portal\/index.php?rest_route=%2Fwp%2Fv2%2Fmedia&parent=648"}],"curies":[{"name":"wp","href":"https:\/\/api.w.org\/{rel}","templated":true}]}}