{"id":66,"date":"2017-03-21T00:16:41","date_gmt":"2017-03-21T00:16:41","guid":{"rendered":"http:\/\/www.bemnutrir.com\/portal\/?page_id=66"},"modified":"2017-06-02T10:44:12","modified_gmt":"2017-06-02T10:44:12","slug":"conselhos","status":"publish","type":"page","link":"https:\/\/www.bemnutrir.com\/portal\/?page_id=66","title":{"rendered":"Conselhos"},"content":{"rendered":"<p><span style=\"color: #0000ff;\">Para que tenha mais informa\u00e7\u00e3o sobre Nutri\u00e7\u00e3o e Alimenta\u00e7\u00e3o, consulte os nossos textos acerca de temas atuais e do nosso quotidiano, escolhendo-os da lista abaixo.<\/span><\/p>\n<ul>\n<li><a href=\"http:\/\/www.bemnutrir.com\/portal\/?page_id=518\"><span style=\"color: #0000ff;\">Refei\u00e7\u00f5es<\/span><\/a><\/li>\n<li><a href=\"http:\/\/www.bemnutrir.com\/portal\/?page_id=521\"><span style=\"color: #0000ff;\">Alimenta\u00e7\u00e3o Saud\u00e1vel<\/span><\/a><\/li>\n<li><a href=\"http:\/\/www.bemnutrir.com\/portal\/?page_id=515\"><span style=\"color: #0000ff;\">Mitos &amp; Cren\u00e7as<\/span><\/a><\/li>\n<li><a href=\"http:\/\/www.bemnutrir.com\/portal\/?page_id=510\"><span style=\"color: #0000ff;\">Como Comer<\/span><\/a><\/li>\n<li><a href=\"http:\/\/www.bemnutrir.com\/portal\/?page_id=462\"><span style=\"color: #0000ff;\">Azeite e os Benef\u00edcios para a Sa\u00fade<\/span><\/a><\/li>\n<li><a href=\"http:\/\/www.bemnutrir.com\/portal\/?page_id=446\"><span style=\"color: #0000ff;\">As nossas Panelas<\/span><\/a><\/li>\n<li><span style=\"color: #0000ff;\"><a style=\"color: #0000ff;\" href=\"http:\/\/www.bemnutrir.com\/portal\/?page_id=451\">Sinta-se em Forma<\/a><\/span><\/li>\n<\/ul>\n","protected":false},"excerpt":{"rendered":"<p>Para que tenha mais informa\u00e7\u00e3o sobre Nutri\u00e7\u00e3o e Alimenta\u00e7\u00e3o, consulte os nossos textos acerca de temas atuais e do nosso quotidiano, escolhendo-os da lista abaixo. Refei\u00e7\u00f5es Alimenta\u00e7\u00e3o Saud\u00e1vel Mitos &amp; Cren\u00e7as Como Comer Azeite e os Benef\u00edcios para a Sa\u00fade As nossas Panelas Sinta-se em Forma<\/p>\n","protected":false},"author":1,"featured_media":752,"parent":0,"menu_order":0,"comment_status":"closed","ping_status":"closed","template":"","meta":{"footnotes":""},"class_list":["post-66","page","type-page","status-publish","has-post-thumbnail","hentry"],"_links":{"self":[{"href":"https:\/\/www.bemnutrir.com\/portal\/index.php?rest_route=\/wp\/v2\/pages\/66","targetHints":{"allow":["GET"]}}],"collection":[{"href":"https:\/\/www.bemnutrir.com\/portal\/index.php?rest_route=\/wp\/v2\/pages"}],"about":[{"href":"https:\/\/www.bemnutrir.com\/portal\/index.php?rest_route=\/wp\/v2\/types\/page"}],"author":[{"embeddable":true,"href":"https:\/\/www.bemnutrir.com\/portal\/index.php?rest_route=\/wp\/v2\/users\/1"}],"replies":[{"embeddable":true,"href":"https:\/\/www.bemnutrir.com\/portal\/index.php?rest_route=%2Fwp%2Fv2%2Fcomments&post=66"}],"version-history":[{"count":0,"href":"https:\/\/www.bemnutrir.com\/portal\/index.php?rest_route=\/wp\/v2\/pages\/66\/revisions"}],"wp:featuredmedia":[{"embeddable":true,"href":"https:\/\/www.bemnutrir.com\/portal\/index.php?rest_route=\/wp\/v2\/media\/752"}],"wp:attachment":[{"href":"https:\/\/www.bemnutrir.com\/portal\/index.php?rest_route=%2Fwp%2Fv2%2Fmedia&parent=66"}],"curies":[{"name":"wp","href":"https:\/\/api.w.org\/{rel}","templated":true}]}}