{"id":67,"date":"2017-03-21T00:16:41","date_gmt":"2017-03-21T00:16:41","guid":{"rendered":"http:\/\/www.bemnutrir.com\/portal\/?page_id=67"},"modified":"2022-01-26T10:20:34","modified_gmt":"2022-01-26T09:20:34","slug":"publicacoes","status":"publish","type":"page","link":"https:\/\/www.bemnutrir.com\/portal\/?page_id=67","title":{"rendered":"Publica\u00e7\u00f5es"},"content":{"rendered":"<p><span style=\"color: #0000ff;\">Espa\u00e7o dedicado a todas as publica\u00e7\u00f5es de minha autoria.<\/span><\/p>\n","protected":false},"excerpt":{"rendered":"<p>Espa\u00e7o dedicado a todas as publica\u00e7\u00f5es de minha autoria.<\/p>\n","protected":false},"author":1,"featured_media":481,"parent":0,"menu_order":0,"comment_status":"closed","ping_status":"closed","template":"","meta":{"footnotes":""},"class_list":["post-67","page","type-page","status-publish","has-post-thumbnail","hentry"],"_links":{"self":[{"href":"https:\/\/www.bemnutrir.com\/portal\/index.php?rest_route=\/wp\/v2\/pages\/67","targetHints":{"allow":["GET"]}}],"collection":[{"href":"https:\/\/www.bemnutrir.com\/portal\/index.php?rest_route=\/wp\/v2\/pages"}],"about":[{"href":"https:\/\/www.bemnutrir.com\/portal\/index.php?rest_route=\/wp\/v2\/types\/page"}],"author":[{"embeddable":true,"href":"https:\/\/www.bemnutrir.com\/portal\/index.php?rest_route=\/wp\/v2\/users\/1"}],"replies":[{"embeddable":true,"href":"https:\/\/www.bemnutrir.com\/portal\/index.php?rest_route=%2Fwp%2Fv2%2Fcomments&post=67"}],"version-history":[{"count":2,"href":"https:\/\/www.bemnutrir.com\/portal\/index.php?rest_route=\/wp\/v2\/pages\/67\/revisions"}],"predecessor-version":[{"id":1379,"href":"https:\/\/www.bemnutrir.com\/portal\/index.php?rest_route=\/wp\/v2\/pages\/67\/revisions\/1379"}],"wp:featuredmedia":[{"embeddable":true,"href":"https:\/\/www.bemnutrir.com\/portal\/index.php?rest_route=\/wp\/v2\/media\/481"}],"wp:attachment":[{"href":"https:\/\/www.bemnutrir.com\/portal\/index.php?rest_route=%2Fwp%2Fv2%2Fmedia&parent=67"}],"curies":[{"name":"wp","href":"https:\/\/api.w.org\/{rel}","templated":true}]}}