{"id":694,"date":"2017-05-06T14:19:56","date_gmt":"2017-05-06T14:19:56","guid":{"rendered":"https:\/\/www.bemnutrir.com\/portal\/?page_id=694"},"modified":"2024-09-08T18:59:46","modified_gmt":"2024-09-08T17:59:46","slug":"meditacoes","status":"publish","type":"page","link":"https:\/\/www.bemnutrir.com\/portal\/?page_id=694","title":{"rendered":"Medita\u00e7\u00f5es"},"content":{"rendered":"<p><span style=\"color: #0000ff;\">\u00abA harmonia e o equil\u00edbrio mental s\u00e3o a \u00fanica chave para todo e qualquer sucesso; inclusive, e com toda a certeza, o emagrecimento encaixa-se nesta afirma\u00e7\u00e3o.\u00bb<\/span><br \/><span style=\"color: #0000ff;\"> Alexandre Fernandes<\/span><\/p>\n<p><span style=\"color: #0000ff;\">A cren\u00e7a mais difundida sobre o excesso de peso e a obesidade est\u00e1 baseada na alimenta\u00e7\u00e3o e no exerc\u00edcio f\u00edsico: maus h\u00e1bitos alimentares e sedentarismo s\u00e3o as raz\u00f5es principais para o aumento de peso, depois na lista temos as doen\u00e7as heredit\u00e1rias, gen\u00e9ticas, ambientais, disfun\u00e7\u00f5es hormonais, metabolismo lento, toma de medica\u00e7\u00e3o, etc. Sem descartar e desvalorizar estas situa\u00e7\u00f5es, para um certo n\u00famero de casos isto n\u00e3o se aplica. Porque os problemas de excesso de peso e obesidade t\u00eam uma origem emocional e\/ou ps\u00edquica, de conflitos que actuam de forma activa e inconsciente no dia-a-dia.<\/span><\/p>\n<p><span style=\"color: #0000ff;\">\u00c9 aqui que a arte da medita\u00e7\u00e3o entra no processo que \u00e9 EMAGRECER.<\/span><\/p>\n<p><span style=\"color: #0000ff;\">As medita\u00e7\u00f5es guiadas seguintes \u2013 com v\u00e1rios ambientes de fundo (praia, chuva, floresta, flauta indiana, natureza, etc) t\u00eam como objectivo dar-lhe indica\u00e7\u00f5es e directrizes ao seu inconsciente, para que o seu processo de EMAGRECIMENTO seja um sucesso.<\/span><\/p>\n<p><span style=\"color: #0000ff;\">Oi\u00e7a quando e quantas vezes quiser.<\/span><\/p>\n<ul>\n<li><span style=\"color: #0000ff;\"><a style=\"color: #0000ff;\" href=\"https:\/\/www.bemnutrir.com\/portal\/?page_id=1484\">Medita\u00e7\u00e3o para emagrecer 1 &#8211; Emagrece comigo 1 = Compuls\u00e3o alimentar e praticar exerc\u00edcio f\u00edsico<\/a><\/span><\/li>\n<li><span style=\"color: #0000ff;\"><a style=\"color: #0000ff;\" href=\"https:\/\/www.bemnutrir.com\/portal\/?page_id=1552\">Medita\u00e7\u00e3o para emagrecer 2 &#8211; Emagrece comigo 2 = Como eliminar peso facilmente<\/a><\/span><\/li>\n<li><span style=\"color: #0000ff;\"><a style=\"color: #0000ff;\" href=\"https:\/\/www.bemnutrir.com\/portal\/?page_id=1571\">Medita\u00e7\u00e3o para emagrecer 3 &#8211; Emagrece comigo 3 = Equil\u00edbrio alimentar<\/a><\/span><\/li>\n<li><span style=\"color: #0000ff;\"><a style=\"color: #0000ff;\" href=\"https:\/\/www.bemnutrir.com\/portal\/?page_id=1596\">Medita\u00e7\u00e3o para emagrecer 4 &#8211; Emagrece comigo 4 = Com afirma\u00e7\u00f5es positivas<\/a><\/span><\/li>\n<li><span style=\"color: #0000ff;\"><a style=\"color: #0000ff;\" href=\"https:\/\/www.bemnutrir.com\/portal\/?page_id=1605\">Medita\u00e7\u00e3o para emagrecer 5 &#8211; Emagrece comigo 5 = Mudan\u00e7as comportamentais\u00a0<\/a><\/span><\/li>\n<li><a href=\"https:\/\/www.bemnutrir.com\/portal\/?page_id=1626\"><span style=\"color: #0000ff;\">Medita\u00e7\u00e3o para emagrecer 6 &#8211; Emagrece comigo 6 = O teu superconsciente responde<\/span><\/a><\/li>\n<li><a href=\"https:\/\/www.bemnutrir.com\/portal\/?page_id=1641\"><span style=\"color: #0000ff;\">Medita\u00e7\u00e3o para emagrecer 7 &#8211; Emagrece comigo 7 = Trabalhar a neutralidade<\/span><\/a><\/li>\n<li><a href=\"https:\/\/www.bemnutrir.com\/portal\/?page_id=1647\"><span style=\"color: #0000ff;\">Medita\u00e7\u00e3o para emagrecer 8 &#8211; Emagrece comigo 8 = Com mensagens e directrizes<\/span><\/a><\/li>\n<li><a href=\"https:\/\/www.bemnutrir.com\/portal\/?page_id=1656\"><span style=\"color: #0000ff;\">Medita\u00e7\u00e3o para emagrecer 9 &#8211; Emagrece comigo 9 = Perde peso com o poder da mente<\/span><\/a><\/li>\n<li><a href=\"https:\/\/www.bemnutrir.com\/portal\/?page_id=1662\"><span style=\"color: #0000ff;\">Medita\u00e7\u00e3o para emagrecer 10 &#8211; Emagrece comigo 10 = Com HO&#8217;OPONOPONO<\/span><\/a><\/li>\n<\/ul>\n<p><span style=\"color: #0000ff;\">Nota \u2013 Trabalhe com estas poderosas ferramentas sempre que tenha tempo. Oi\u00e7a as vezes que quiser. O ideal \u00e9 associar um plano alimentar personalizado e praticar regularmente actividade f\u00edsica.<\/span><\/p>\n\n\n<p><\/p>\n","protected":false},"excerpt":{"rendered":"<p>\u00abA harmonia e o equil\u00edbrio mental s\u00e3o a \u00fanica chave para todo e qualquer sucesso; inclusive, e com toda a certeza, o emagrecimento encaixa-se nesta afirma\u00e7\u00e3o.\u00bb Alexandre Fernandes A cren\u00e7a mais difundida sobre o excesso de peso e a obesidade est\u00e1 baseada na alimenta\u00e7\u00e3o e no exerc\u00edcio f\u00edsico: maus h\u00e1bitos alimentares e sedentarismo s\u00e3o as &hellip; <\/p>\n<p class=\"link-more\"><a href=\"https:\/\/www.bemnutrir.com\/portal\/?page_id=694\" class=\"more-link\">Continuar a ler <span class=\"screen-reader-text\">&#8220;Medita\u00e7\u00f5es&#8221;<\/span><\/a><\/p>\n","protected":false},"author":1,"featured_media":700,"parent":0,"menu_order":0,"comment_status":"closed","ping_status":"closed","template":"","meta":{"footnotes":""},"class_list":["post-694","page","type-page","status-publish","has-post-thumbnail","hentry"],"_links":{"self":[{"href":"https:\/\/www.bemnutrir.com\/portal\/index.php?rest_route=\/wp\/v2\/pages\/694","targetHints":{"allow":["GET"]}}],"collection":[{"href":"https:\/\/www.bemnutrir.com\/portal\/index.php?rest_route=\/wp\/v2\/pages"}],"about":[{"href":"https:\/\/www.bemnutrir.com\/portal\/index.php?rest_route=\/wp\/v2\/types\/page"}],"author":[{"embeddable":true,"href":"https:\/\/www.bemnutrir.com\/portal\/index.php?rest_route=\/wp\/v2\/users\/1"}],"replies":[{"embeddable":true,"href":"https:\/\/www.bemnutrir.com\/portal\/index.php?rest_route=%2Fwp%2Fv2%2Fcomments&post=694"}],"version-history":[{"count":24,"href":"https:\/\/www.bemnutrir.com\/portal\/index.php?rest_route=\/wp\/v2\/pages\/694\/revisions"}],"predecessor-version":[{"id":1676,"href":"https:\/\/www.bemnutrir.com\/portal\/index.php?rest_route=\/wp\/v2\/pages\/694\/revisions\/1676"}],"wp:featuredmedia":[{"embeddable":true,"href":"https:\/\/www.bemnutrir.com\/portal\/index.php?rest_route=\/wp\/v2\/media\/700"}],"wp:attachment":[{"href":"https:\/\/www.bemnutrir.com\/portal\/index.php?rest_route=%2Fwp%2Fv2%2Fmedia&parent=694"}],"curies":[{"name":"wp","href":"https:\/\/api.w.org\/{rel}","templated":true}]}}