{"id":713,"date":"2017-05-21T20:36:09","date_gmt":"2017-05-21T20:36:09","guid":{"rendered":"https:\/\/www.bemnutrir.com\/portal\/?page_id=713"},"modified":"2017-12-18T16:19:05","modified_gmt":"2017-12-18T15:19:05","slug":"leitura-de-aura","status":"publish","type":"page","link":"https:\/\/www.bemnutrir.com\/portal\/?page_id=713","title":{"rendered":"Leitura de Aura"},"content":{"rendered":"<p><span style=\"color: #0000ff;\">Todos os seres humanos s\u00e3o constitu\u00eddos por um corpo, uma mente e um esp\u00edrito.<\/span><\/p>\n<p><span style=\"color: #0000ff;\">A aura \u00e9 o campo energ\u00e9tico que rodeia o corpo f\u00edsico, um corpo luminoso e colorido, que emite uma frequ\u00eancia vibrat\u00f3ria pr\u00f3pria, e que comporta toda a informa\u00e7\u00e3o relativa ao nosso ser: estado de sa\u00fade, emocional, psicol\u00f3gico e profissional, experi\u00eancias passadas, situa\u00e7\u00e3o financeira, revela tamb\u00e9m a personalidade, etc. Ou seja, a aura cont\u00e9m um conjunto vasto de informa\u00e7\u00e3o, e todas essas energias influenciam a nossa vida, desde a forma como pensamos, \u00e0 maneira de lidar com os outros e com as situa\u00e7\u00f5es mais diversas com que nos deparamos.<\/span><\/p>\n<p><span style=\"color: #0000ff;\">A leitura de aura \u00e9 uma terapia fant\u00e1stica na qual o leitor de aura comunica a n\u00edvel espiritual com a pessoa que est\u00e1 a ser lida (presencialmente ou \u00e0 distancia), identificando bloqueios e informa\u00e7\u00f5es pertinentes para o momento presente &#8211; em todas as \u00e1reas da vida ou consoante a tem\u00e1tica da leitura.<\/span><\/p>\n<p><span style=\"color: #0000ff;\">Esta terapia permite-nos entender qual a fase da vida em que estamos, quais os desafios que estamos a atravessar, e quais os recursos de que dispomos para avan\u00e7armos para uma nova etapa. Permite quebrar c\u00edrculos energ\u00e9ticos com tomadas de consci\u00eancia, e desta forma reposicionarmo-nos perante a vida, de uma forma mais saud\u00e1vel, segura e livre. Ainda possibilita a limpeza, o equil\u00edbrio e a harmoniza\u00e7\u00e3o de toda a energia e dos chakras. Tamb\u00e9m destina-se a quem quer embarcar num processo profundo de autoconhecimento, transforma\u00e7\u00e3o e crescimento pessoal \u2013 sempre respeitando o livro arb\u00edtrio de cada um.<\/span><\/p>\n<p><span style=\"color: #0000ff;\">\u00c9 relevante referir que 20% desta terapia (fase de diagn\u00f3stico que compreende o momento da leitura) s\u00e3o informa\u00e7\u00f5es que s\u00e3o transmitidas na forma de cores e de imagens mentais, e os seus respectivos significados. Os restantes 80% s\u00e3o considerados como a cura energ\u00e9tica que surgem imediatamente e nas semanas seguintes \u00e0 leitura, principalmente, durante os primeiros 7 dias ap\u00f3s a mesma.<\/span><br \/>\n<span style=\"color: #0000ff;\">Com as tomadas de consci\u00eancia existentes n\u00e3o s\u00f3 a vida exterior da pessoa muda, ou seja, o seu dia-a-dia, como tamb\u00e9m acontece uma mudan\u00e7a interna (a pessoa passa a agir de uma forma diferente \u00e0s situa\u00e7\u00f5es que surgem diariamente).<\/span><\/p>\n<p><span style=\"color: #0000ff;\">Nota &#8211; \u00e9 o teu esp\u00edrito que guia todo o processo. O leitor de aura \u00e9 apenas um canal, atrav\u00e9s do qual o teu esp\u00edrito expressa a informa\u00e7\u00e3o que necessita que a tua mente tome consci\u00eancia.<\/span><\/p>\n<p><span style=\"color: #0000ff;\">Temas das leituras de aura:<\/span><br \/>\n<span style=\"color: #0000ff;\">Desde um tema geral, passando pelas vidas passadas, do caminho espiritual, de relacionamentos, de prosperidade, de energia masculina, tem\u00e1ticas (a n\u00edvel profissional, sexual, emocional, espiritual, dinheiro, tempo, viagens, etc), ou com um prop\u00f3sito espec\u00edfico.<\/span><\/p>\n<p><span style=\"color: #0000ff;\">De uma forma resumida podem-se interpretar as cores da aura como sendo;<\/span><br \/>\n<span style=\"color: #0000ff;\">Violeta: \u00c9 o discernimento, o m\u00edstico, o er\u00f3tico e o charme.<\/span><br \/>\n<span style=\"color: #0000ff;\">Azul: Amor, honestidade, paz, sensibilidade e satisfa\u00e7\u00e3o.<\/span><br \/>\n<span style=\"color: #0000ff;\">Turquesa: Demonstra imagina\u00e7\u00e3o, criatividade e poder de comunica\u00e7\u00e3o.<\/span><br \/>\n<span style=\"color: #0000ff;\">Verde: Equil\u00edbrio, estabilidade, capacidade de cura e ensino.<\/span><br \/>\n<span style=\"color: #0000ff;\">Rosa: Compaix\u00e3o, calor humano e respeito pr\u00f3prio.<\/span><br \/>\n<span style=\"color: #0000ff;\">Amarelo: Intelectualidade, an\u00e1lise, optimismo e procura do essencial.<\/span><br \/>\n<span style=\"color: #0000ff;\">Laranja: Auto-express\u00e3o, vontade, ambi\u00e7\u00e3o e pensamentos laterais.<\/span><br \/>\n<span style=\"color: #0000ff;\">Vermelho: Fogo, paix\u00e3o, energia e actividade.<\/span><\/p>\n<p><span style=\"color: #0000ff;\">Expresso a minha gratid\u00e3o a todos os mestres dos nossos mestres.<\/span><\/p>\n<p>&nbsp;<\/p>\n<p><span style=\"color: #0000ff;\">Para mais informa\u00e7\u00f5es escreva um email para: <a href=\"mailto:bemnutrir@bemnutrir.com\" target=\"_blank\" rel=\"noopener\">bemnutrir@bemnutrir.com<\/a><\/span><\/p>\n","protected":false},"excerpt":{"rendered":"<p>Todos os seres humanos s\u00e3o constitu\u00eddos por um corpo, uma mente e um esp\u00edrito. A aura \u00e9 o campo energ\u00e9tico que rodeia o corpo f\u00edsico, um corpo luminoso e colorido, que emite uma frequ\u00eancia vibrat\u00f3ria pr\u00f3pria, e que comporta toda a informa\u00e7\u00e3o relativa ao nosso ser: estado de sa\u00fade, emocional, psicol\u00f3gico e profissional, experi\u00eancias passadas, &hellip; <\/p>\n<p class=\"link-more\"><a href=\"https:\/\/www.bemnutrir.com\/portal\/?page_id=713\" class=\"more-link\">Continuar a ler <span class=\"screen-reader-text\">&#8220;Leitura de Aura&#8221;<\/span><\/a><\/p>\n","protected":false},"author":1,"featured_media":716,"parent":0,"menu_order":0,"comment_status":"closed","ping_status":"closed","template":"","meta":{"footnotes":""},"class_list":["post-713","page","type-page","status-publish","has-post-thumbnail","hentry"],"_links":{"self":[{"href":"https:\/\/www.bemnutrir.com\/portal\/index.php?rest_route=\/wp\/v2\/pages\/713","targetHints":{"allow":["GET"]}}],"collection":[{"href":"https:\/\/www.bemnutrir.com\/portal\/index.php?rest_route=\/wp\/v2\/pages"}],"about":[{"href":"https:\/\/www.bemnutrir.com\/portal\/index.php?rest_route=\/wp\/v2\/types\/page"}],"author":[{"embeddable":true,"href":"https:\/\/www.bemnutrir.com\/portal\/index.php?rest_route=\/wp\/v2\/users\/1"}],"replies":[{"embeddable":true,"href":"https:\/\/www.bemnutrir.com\/portal\/index.php?rest_route=%2Fwp%2Fv2%2Fcomments&post=713"}],"version-history":[{"count":0,"href":"https:\/\/www.bemnutrir.com\/portal\/index.php?rest_route=\/wp\/v2\/pages\/713\/revisions"}],"wp:featuredmedia":[{"embeddable":true,"href":"https:\/\/www.bemnutrir.com\/portal\/index.php?rest_route=\/wp\/v2\/media\/716"}],"wp:attachment":[{"href":"https:\/\/www.bemnutrir.com\/portal\/index.php?rest_route=%2Fwp%2Fv2%2Fmedia&parent=713"}],"curies":[{"name":"wp","href":"https:\/\/api.w.org\/{rel}","templated":true}]}}