{"id":723,"date":"2017-06-01T19:26:21","date_gmt":"2017-06-01T19:26:21","guid":{"rendered":"https:\/\/www.bemnutrir.com\/portal\/?page_id=723"},"modified":"2017-10-26T16:44:34","modified_gmt":"2017-10-26T15:44:34","slug":"noticias-2","status":"publish","type":"page","link":"https:\/\/www.bemnutrir.com\/portal\/?page_id=723","title":{"rendered":"Not\u00edcias"},"content":{"rendered":"<p><span style=\"color: #0000ff;\">Cobertura jornal\u00edstica abrangente e actualizada, reunida a partir de fontes em todo o mundo &#8211; tendo principalmente a finalidade de informar sobre tem\u00e1ticas relacionadas com a nutri\u00e7\u00e3o, alimenta\u00e7\u00e3o e bem-estar.<\/span><\/p>\n<p><span style=\"color: #0000ff;\">As \u00faltimas 5 not\u00edcias divulgadas:<\/span><\/p>\n<p style=\"padding-left: 30px;\"><a href=\"https:\/\/mood.sapo.pt\/formas-de-eliminar-o-acucar-da-sua-dieta\/\" target=\"_blank\" rel=\"noopener\"><span style=\"color: #0000ff;\">Formas de eliminar o a\u00e7\u00facar da sua dieta.<\/span><\/a><\/p>\n<p style=\"padding-left: 30px;\"><span style=\"color: #0000ff;\"><a style=\"color: #0000ff;\" href=\"https:\/\/mood.sapo.pt\/saiba-como-deve-guardar-as-sobras-das-refeicoes\/\" target=\"_blank\" rel=\"noopener noreferrer\">A forma correta de guardar as sobras das refei\u00e7\u00f5es.<\/a><\/span><\/p>\n<p style=\"padding-left: 30px;\"><span style=\"color: #0000ff;\"><a style=\"color: #0000ff;\" href=\"http:\/\/lifestyle.sapo.pt\/saude\/peso-e-nutricao\/artigos\/emagrecer-com-a-mente\" target=\"_blank\" rel=\"noopener noreferrer\">Emagrecer com a mente.<\/a>&nbsp;<\/span><\/p>\n<p style=\"padding-left: 30px;\"><span style=\"color: #0000ff;\"><a style=\"color: #0000ff;\" href=\"https:\/\/mood.sapo.pt\/como-preservar-os-nutrientes-dos-alimentos\/\" target=\"_blank\" rel=\"noopener noreferrer\">Como preservar os nutrientes dos alimentos<\/a>.<\/span><\/p>\n<p style=\"padding-left: 30px;\"><a href=\"http:\/\/tinyurl.com\/y7en54qw\" target=\"_blank\" rel=\"noopener\"><span style=\"color: #0000ff;\">PSD, PS e CDS-PP chumbam iniciativas de rotulagem e fiscaliza\u00e7\u00e3o dos organismos geneticamente modificados.<\/span><\/a><\/p>\n","protected":false},"excerpt":{"rendered":"<p>Cobertura jornal\u00edstica abrangente e actualizada, reunida a partir de fontes em todo o mundo &#8211; tendo principalmente a finalidade de informar sobre tem\u00e1ticas relacionadas com a nutri\u00e7\u00e3o, alimenta\u00e7\u00e3o e bem-estar. As \u00faltimas 5 not\u00edcias divulgadas: Formas de eliminar o a\u00e7\u00facar da sua dieta. A forma correta de guardar as sobras das refei\u00e7\u00f5es. Emagrecer com a &hellip; <\/p>\n<p class=\"link-more\"><a href=\"https:\/\/www.bemnutrir.com\/portal\/?page_id=723\" class=\"more-link\">Continuar a ler <span class=\"screen-reader-text\">&#8220;Not\u00edcias&#8221;<\/span><\/a><\/p>\n","protected":false},"author":1,"featured_media":720,"parent":0,"menu_order":0,"comment_status":"closed","ping_status":"closed","template":"","meta":{"footnotes":""},"class_list":["post-723","page","type-page","status-publish","has-post-thumbnail","hentry"],"_links":{"self":[{"href":"https:\/\/www.bemnutrir.com\/portal\/index.php?rest_route=\/wp\/v2\/pages\/723","targetHints":{"allow":["GET"]}}],"collection":[{"href":"https:\/\/www.bemnutrir.com\/portal\/index.php?rest_route=\/wp\/v2\/pages"}],"about":[{"href":"https:\/\/www.bemnutrir.com\/portal\/index.php?rest_route=\/wp\/v2\/types\/page"}],"author":[{"embeddable":true,"href":"https:\/\/www.bemnutrir.com\/portal\/index.php?rest_route=\/wp\/v2\/users\/1"}],"replies":[{"embeddable":true,"href":"https:\/\/www.bemnutrir.com\/portal\/index.php?rest_route=%2Fwp%2Fv2%2Fcomments&post=723"}],"version-history":[{"count":0,"href":"https:\/\/www.bemnutrir.com\/portal\/index.php?rest_route=\/wp\/v2\/pages\/723\/revisions"}],"wp:featuredmedia":[{"embeddable":true,"href":"https:\/\/www.bemnutrir.com\/portal\/index.php?rest_route=\/wp\/v2\/media\/720"}],"wp:attachment":[{"href":"https:\/\/www.bemnutrir.com\/portal\/index.php?rest_route=%2Fwp%2Fv2%2Fmedia&parent=723"}],"curies":[{"name":"wp","href":"https:\/\/api.w.org\/{rel}","templated":true}]}}