{"id":735,"date":"2017-06-02T10:21:55","date_gmt":"2017-06-02T10:21:55","guid":{"rendered":"https:\/\/www.bemnutrir.com\/portal\/?page_id=735"},"modified":"2017-06-02T10:22:17","modified_gmt":"2017-06-02T10:22:17","slug":"sugestoes-2","status":"publish","type":"page","link":"https:\/\/www.bemnutrir.com\/portal\/?page_id=735","title":{"rendered":"Sugest\u00f5es"},"content":{"rendered":"<p><span style=\"color: #0000ff;\">Neste espa\u00e7o pode encontrar toda a actualidade sobre conselhos, not\u00edcias e artigos de opini\u00e3o.<\/span><\/p>\n","protected":false},"excerpt":{"rendered":"<p>Neste espa\u00e7o pode encontrar toda a actualidade sobre conselhos, not\u00edcias e artigos de opini\u00e3o.<\/p>\n","protected":false},"author":1,"featured_media":676,"parent":0,"menu_order":0,"comment_status":"closed","ping_status":"closed","template":"","meta":{"footnotes":""},"class_list":["post-735","page","type-page","status-publish","has-post-thumbnail","hentry"],"_links":{"self":[{"href":"https:\/\/www.bemnutrir.com\/portal\/index.php?rest_route=\/wp\/v2\/pages\/735","targetHints":{"allow":["GET"]}}],"collection":[{"href":"https:\/\/www.bemnutrir.com\/portal\/index.php?rest_route=\/wp\/v2\/pages"}],"about":[{"href":"https:\/\/www.bemnutrir.com\/portal\/index.php?rest_route=\/wp\/v2\/types\/page"}],"author":[{"embeddable":true,"href":"https:\/\/www.bemnutrir.com\/portal\/index.php?rest_route=\/wp\/v2\/users\/1"}],"replies":[{"embeddable":true,"href":"https:\/\/www.bemnutrir.com\/portal\/index.php?rest_route=%2Fwp%2Fv2%2Fcomments&post=735"}],"version-history":[{"count":0,"href":"https:\/\/www.bemnutrir.com\/portal\/index.php?rest_route=\/wp\/v2\/pages\/735\/revisions"}],"wp:featuredmedia":[{"embeddable":true,"href":"https:\/\/www.bemnutrir.com\/portal\/index.php?rest_route=\/wp\/v2\/media\/676"}],"wp:attachment":[{"href":"https:\/\/www.bemnutrir.com\/portal\/index.php?rest_route=%2Fwp%2Fv2%2Fmedia&parent=735"}],"curies":[{"name":"wp","href":"https:\/\/api.w.org\/{rel}","templated":true}]}}