{"id":738,"date":"2017-06-02T10:35:11","date_gmt":"2017-06-02T10:35:11","guid":{"rendered":"https:\/\/www.bemnutrir.com\/portal\/?page_id=738"},"modified":"2017-06-08T08:34:10","modified_gmt":"2017-06-08T08:34:10","slug":"artigos-de-opiniao","status":"publish","type":"page","link":"https:\/\/www.bemnutrir.com\/portal\/?page_id=738","title":{"rendered":"Artigos de opini\u00e3o"},"content":{"rendered":"<p><span style=\"color: #0000ff;\">Os artigos de opini\u00e3o seguintes s\u00e3o textos em que eu exponho o meu posicionamento diante da tem\u00e1tica em quest\u00e3o. Com temas actuais e do interesse de muitos.<\/span><br \/>\n<span style=\"color: #0000ff;\">S\u00e3o pequenos textos dissertativos em que apresento alguns argumentos dos assuntos abordados, ou seja, exponho o meu ponto de vista.<\/span><\/p>\n<p><span style=\"color: #0000ff;\">Os \u00faltimos 5 artigos de opini\u00e3o:<\/span><\/p>\n<p style=\"padding-left: 30px;\"><a href=\"https:\/\/www.bemnutrir.com\/portal\/?page_id=778\"><span style=\"color: #0000ff;\">Azeite e os benef\u00edcios para a sa\u00fade.<\/span><\/a><\/p>\n<p style=\"padding-left: 30px;\"><a href=\"https:\/\/www.bemnutrir.com\/portal\/?page_id=775\"><span style=\"color: #0000ff;\">O que comer no Cinema?<\/span><\/a><\/p>\n<p style=\"padding-left: 30px;\"><a href=\"https:\/\/www.bemnutrir.com\/portal\/?page_id=772\"><span style=\"color: #0000ff;\">Diab\u00e9ticos e os hidratos de carbono.<\/span><\/a><\/p>\n<p style=\"padding-left: 30px;\"><a href=\"https:\/\/www.bemnutrir.com\/portal\/?page_id=769\"><span style=\"color: #0000ff;\">As Flores comem-se???<\/span><\/a><\/p>\n<p style=\"padding-left: 30px;\"><a href=\"https:\/\/www.bemnutrir.com\/portal\/?page_id=769\"><span style=\"color: #0000ff;\">O efeito das fibras.<\/span><\/a><\/p>\n<p>&nbsp;<\/p>\n<p><span style=\"color: #0000ff;\">Alexandre Fernandes \u2013 Lic. em Nutri\u00e7\u00e3o e Eng\u00aa Alimentar \/ Terapeuta \/ Autor<\/span><\/p>\n","protected":false},"excerpt":{"rendered":"<p>Os artigos de opini\u00e3o seguintes s\u00e3o textos em que eu exponho o meu posicionamento diante da tem\u00e1tica em quest\u00e3o. Com temas actuais e do interesse de muitos. S\u00e3o pequenos textos dissertativos em que apresento alguns argumentos dos assuntos abordados, ou seja, exponho o meu ponto de vista. Os \u00faltimos 5 artigos de opini\u00e3o: Azeite e &hellip; <\/p>\n<p class=\"link-more\"><a href=\"https:\/\/www.bemnutrir.com\/portal\/?page_id=738\" class=\"more-link\">Continuar a ler <span class=\"screen-reader-text\">&#8220;Artigos de opini\u00e3o&#8221;<\/span><\/a><\/p>\n","protected":false},"author":1,"featured_media":750,"parent":0,"menu_order":0,"comment_status":"closed","ping_status":"closed","template":"","meta":{"footnotes":""},"class_list":["post-738","page","type-page","status-publish","has-post-thumbnail","hentry"],"_links":{"self":[{"href":"https:\/\/www.bemnutrir.com\/portal\/index.php?rest_route=\/wp\/v2\/pages\/738","targetHints":{"allow":["GET"]}}],"collection":[{"href":"https:\/\/www.bemnutrir.com\/portal\/index.php?rest_route=\/wp\/v2\/pages"}],"about":[{"href":"https:\/\/www.bemnutrir.com\/portal\/index.php?rest_route=\/wp\/v2\/types\/page"}],"author":[{"embeddable":true,"href":"https:\/\/www.bemnutrir.com\/portal\/index.php?rest_route=\/wp\/v2\/users\/1"}],"replies":[{"embeddable":true,"href":"https:\/\/www.bemnutrir.com\/portal\/index.php?rest_route=%2Fwp%2Fv2%2Fcomments&post=738"}],"version-history":[{"count":0,"href":"https:\/\/www.bemnutrir.com\/portal\/index.php?rest_route=\/wp\/v2\/pages\/738\/revisions"}],"wp:featuredmedia":[{"embeddable":true,"href":"https:\/\/www.bemnutrir.com\/portal\/index.php?rest_route=\/wp\/v2\/media\/750"}],"wp:attachment":[{"href":"https:\/\/www.bemnutrir.com\/portal\/index.php?rest_route=%2Fwp%2Fv2%2Fmedia&parent=738"}],"curies":[{"name":"wp","href":"https:\/\/api.w.org\/{rel}","templated":true}]}}