{"id":848,"date":"2017-09-24T20:47:19","date_gmt":"2017-09-24T19:47:19","guid":{"rendered":"https:\/\/www.bemnutrir.com\/portal\/?page_id=848"},"modified":"2017-09-24T20:47:53","modified_gmt":"2017-09-24T19:47:53","slug":"livro-dieta-do-chocolate","status":"publish","type":"page","link":"https:\/\/www.bemnutrir.com\/portal\/?page_id=848","title":{"rendered":"Livro &#8211; Dieta do Chocolate"},"content":{"rendered":"<div id=\"pl-848\"  class=\"panel-layout\" ><div id=\"pg-848-0\"  class=\"panel-grid panel-no-style\" ><div id=\"pgc-848-0-0\"  class=\"panel-grid-cell\" ><div id=\"panel-848-0-0-0\" class=\"so-panel widget widget_sow-image panel-first-child panel-last-child\" data-index=\"0\" ><div\n\t\t\t\n\t\t\tclass=\"so-widget-sow-image so-widget-sow-image-default-8b5b6f678277-848\"\n\t\t\t\n\t\t>\n<div class=\"sow-image-container\">\n\t\t<img fetchpriority=\"high\" \n\tsrc=\"https:\/\/www.bemnutrir.com\/portal\/wp-content\/uploads\/2017\/03\/book_12_main.png\" width=\"377\" height=\"572\" srcset=\"https:\/\/www.bemnutrir.com\/portal\/wp-content\/uploads\/2017\/03\/book_12_main.png 377w, https:\/\/www.bemnutrir.com\/portal\/wp-content\/uploads\/2017\/03\/book_12_main-198x300.png 198w\" sizes=\"(max-width: 377px) 100vw, 377px\" alt=\"\" \t\tclass=\"so-widget-image\"\/>\n\t<\/div>\n\n<\/div><\/div><\/div><div id=\"pgc-848-0-1\"  class=\"panel-grid-cell\" ><div id=\"panel-848-0-1-0\" class=\"so-panel widget widget_sow-editor panel-first-child panel-last-child\" data-index=\"1\" ><div\n\t\t\t\n\t\t\tclass=\"so-widget-sow-editor so-widget-sow-editor-base\"\n\t\t\t\n\t\t>\n<div class=\"siteorigin-widget-tinymce textwidget\">\n\t<p>Data de Publica\u00e7\u00e3o: fevereiro de 2015<\/p>\n<p>Apresentado por T\u00e2nia Ribas de Oliveira.<\/p>\n<p>\u00a0<\/p>\n<p>Esta \u00e9 a \u00fanica dieta que lhe permite emagrecer sem esfor\u00e7o, sem stress e sem morrer de culpa. Sim, leu bem. O reconhecido nutricionista Alexandre Fernandes explica-lhe de forma clara e fundamentada como \u00e9 poss\u00edvel emagrecer sem renunciar ao chocolate, em apenas 21 dias.<br \/>O chocolate \u00e9 um dos alimentos mais apreciados no mundo, mas o seu consumo excessivo leva ao aumento do peso. Contudo, o chocolate tem propriedades antioxidantes \u00fanicas, que ajudam a melhorar a circula\u00e7\u00e3o sangu\u00ednea, a prevenir problemas cardiovasculares e o envelhecimento, a manter a beleza e a sa\u00fade da pele, e que actuam como anti-inflamat\u00f3rios.<br \/>Al\u00e9m disso, o consumo de chocolate diminui o stress e, pasme-se, reduz o apetite.<\/p>\n<p>PLANO ALIMENTAR PARA MULHERES E HOMENS<\/p>\n<p>Dieta do Chocolate apresenta um esquema alimentar completo, diferenciado para homens e mulheres, para 21 dias. Inclui ainda conselhos \u00fateis e essenciais para cumprir<br \/>o programa e receitas f\u00e1ceis para todas as refei\u00e7\u00f5es, sem esquecer a sobremesa\u2026 sim, claro, conte com as mais deliciosas receitas de chocolate!<\/p>\n<p>RECOMENDADO PELA SOCIEDADE PORTUGUESA DE NUTRI\u00c7\u00c3O COMUNIT\u00c1RIA<\/p>\n<p>Esta dieta vai educar a sua alimenta\u00e7\u00e3o e, ao mesmo tempo, proporciona um verdadeiro exerc\u00edcio de autocontrolo e de supera\u00e7\u00e3o. Agora pode emagrecer sem deixar de comer o que mais gosta, um pequeno prazer di\u00e1rio \u2013 o chocolate \u2013, aliado sempre a um estilo de<br \/>vida saud\u00e1vel. <br \/>Acha que vai resistir a esta proposta?<\/p>\n<\/div>\n<\/div><\/div><\/div><\/div><\/div>","protected":false},"excerpt":{"rendered":"<p>Data de Publica\u00e7\u00e3o: fevereiro de 2015 Apresentado por T\u00e2nia Ribas de Oliveira. \u00a0 Esta \u00e9 a \u00fanica dieta que lhe permite emagrecer sem esfor\u00e7o, sem stress e sem morrer de culpa. Sim, leu bem. O reconhecido nutricionista Alexandre Fernandes explica-lhe de forma clara e fundamentada como \u00e9 poss\u00edvel emagrecer sem renunciar ao chocolate, em apenas &hellip; <\/p>\n<p class=\"link-more\"><a href=\"https:\/\/www.bemnutrir.com\/portal\/?page_id=848\" class=\"more-link\">Continuar a ler <span class=\"screen-reader-text\">&#8220;Livro &#8211; Dieta do Chocolate&#8221;<\/span><\/a><\/p>\n","protected":false},"author":1,"featured_media":0,"parent":0,"menu_order":0,"comment_status":"closed","ping_status":"closed","template":"","meta":{"footnotes":""},"class_list":["post-848","page","type-page","status-publish","hentry"],"_links":{"self":[{"href":"https:\/\/www.bemnutrir.com\/portal\/index.php?rest_route=\/wp\/v2\/pages\/848","targetHints":{"allow":["GET"]}}],"collection":[{"href":"https:\/\/www.bemnutrir.com\/portal\/index.php?rest_route=\/wp\/v2\/pages"}],"about":[{"href":"https:\/\/www.bemnutrir.com\/portal\/index.php?rest_route=\/wp\/v2\/types\/page"}],"author":[{"embeddable":true,"href":"https:\/\/www.bemnutrir.com\/portal\/index.php?rest_route=\/wp\/v2\/users\/1"}],"replies":[{"embeddable":true,"href":"https:\/\/www.bemnutrir.com\/portal\/index.php?rest_route=%2Fwp%2Fv2%2Fcomments&post=848"}],"version-history":[{"count":0,"href":"https:\/\/www.bemnutrir.com\/portal\/index.php?rest_route=\/wp\/v2\/pages\/848\/revisions"}],"wp:attachment":[{"href":"https:\/\/www.bemnutrir.com\/portal\/index.php?rest_route=%2Fwp%2Fv2%2Fmedia&parent=848"}],"curies":[{"name":"wp","href":"https:\/\/api.w.org\/{rel}","templated":true}]}}