{"id":869,"date":"2017-12-09T22:05:16","date_gmt":"2017-12-09T21:05:16","guid":{"rendered":"https:\/\/www.bemnutrir.com\/portal\/?page_id=869"},"modified":"2017-12-09T22:08:32","modified_gmt":"2017-12-09T21:08:32","slug":"desprogramacao-biologica","status":"publish","type":"page","link":"https:\/\/www.bemnutrir.com\/portal\/?page_id=869","title":{"rendered":"Desprograma\u00e7\u00e3o Biol\u00f3gica"},"content":{"rendered":"<p style=\"text-align: justify;\"><span style=\"color: #0000ff;\">A desprograma\u00e7\u00e3o biol\u00f3gica consiste numa terapia alternativa atrav\u00e9s da qual as pessoas curam-se ou \u201cdesprogramam-se\u201d de doen\u00e7as e mal-estares que afectam a sa\u00fade f\u00edsica ou mental, ou simplesmente o seu bem-estar pessoal, familiar ou profissional atrav\u00e9s de conflitos actuais, padr\u00f5es repetitivos ou atitudes\/comportamentos inconscientes e transgeracionais (herdados), etc com o conhecimento dos c\u00f3digos biol\u00f3gicos existentes. \u00c9 uma nova investiga\u00e7\u00e3o que une o incr\u00edvel conhecimento do c\u00e9rebro humano e a sua rela\u00e7\u00e3o com o corpo\/organismo, as emo\u00e7\u00f5es e as doen\u00e7as\/enfermidades.<\/span><\/p>\n<p style=\"text-align: justify;\"><span style=\"color: #0000ff;\"><strong><span style=\"background: white;\">\u00a0<\/span><\/strong><span style=\"background: white;\">A desprograma\u00e7\u00e3o biol\u00f3gica teve in\u00edcio com pesquisas realizadas pelo m\u00e9dico alem\u00e3o Ryck Hamer, e mais tarde pelos investigadores <\/span>Claude Sabbah, e as teorias do bi\u00f3logo Rupert Sheldrake, do psicoterapeuta Christian Fl\u00e8che, e do m\u00e9dico e zo\u00f3logo Conrad Lorenz, e muitos outros <span style=\"background: white;\">que conclu\u00edram atrav\u00e9s de diversos estudos que as doen\u00e7as n\u00e3o existem enquanto desordens na natureza e n\u00e3o acometem as pessoas sem motivo aparente ou sem qualquer tipo de sentido, mas pelo contr\u00e1rio s\u00e3o programas biol\u00f3gicos carregados de significado (chamados de c\u00f3digos biol\u00f3gicos). Todo o tipo de doen\u00e7as (patologias\/enfermidades) t\u00eam um sentido, \u00e9 um programa biol\u00f3gico de sobreviv\u00eancia que foi desenvolvido ao longo da evolu\u00e7\u00e3o da esp\u00e9cie com o intuito de resolver os conflitos que afectam todo e qualquer ser vivo diariamente.<\/span><\/span><\/p>\n<p><span style=\"background: white; color: #0000ff;\">Para a desprograma\u00e7\u00e3o biol\u00f3gica os sintomas (tanto f\u00edsicos, como comportamentais) aparecem quando uma pessoa n\u00e3o conseguiu resolver\/solucionar um conflito, ent\u00e3o, o c\u00e9rebro encontra uma solu\u00e7\u00e3o para retirar o conflito e manter a sua sobreviv\u00eancia, nesta perspectiva a desprograma\u00e7\u00e3o tem como objectivo encontrar o(s) choque(s) e descobrir solu\u00e7\u00f5es vi\u00e1veis e o mais pr\u00e1ticas poss\u00edveis, assim como haver(em) tomada(s) de consci\u00eancia para que o c\u00e9rebro entenda que de facto n\u00e3o h\u00e1 mais conflito(s) de forma a retomar a sua hem\u00f3stase original.<\/span><\/p>\n<p><span style=\"background: white; color: #0000ff; font-size: 1rem;\"><br \/>\nComo tudo come\u00e7ou:<\/span><\/p>\n<p><span style=\"color: #0000ff;\">Ap\u00f3s anos de estudo, o Dr. Hamer, conhecido oncologista alem\u00e3o e director do hospital de oncologia em Munique analisou cuidadosamente numerosos doente oncol\u00f3gicos e concluiu que todos eles haviam sofrido de seis meses a um ano antes de um choque grave, e conseguiu estabelecer uma rela\u00e7\u00e3o entre o tipo de conflito e do \u00f3rg\u00e3o onde o cancro se desenvolveu, este foi o in\u00edcio, a partir da\u00ed outros m\u00e9dicos como o Dr. Claude Sabbah come\u00e7aram a investigar todos os tipos de doen\u00e7as e a sua rela\u00e7\u00e3o com certos acontecimentos e experi\u00eancias ao longo da vida dos pacientes, quando os conflitos eram detectados e tornados conscientes as doen\u00e7as desapareciam.<\/span><\/p>\n<p><span style=\"color: #0000ff;\"><span style=\"background: white;\">Nem todas as pessoas agem de igual forma, e chegam mesmo a procurar as solu\u00e7\u00f5es para os seus problemas num lugar confort\u00e1vel chamado de consciente. No consciente podemos justificar a raz\u00e3o e podemos explicar o que aconteceu. Mas a solu\u00e7\u00e3o est\u00e1 no inconsciente, um lugar que \u00e9 \u201cescuro e estranho\u201d para onde ningu\u00e9m quer ir, e \u00e9 o local onde est\u00e3o as verdadeiras raz\u00f5es que n\u00e3o queremos ver e\/ou ouvir. Devemos tomar consci\u00eancia de que a emo\u00e7\u00e3o \u00e9 a chave. \u00c9 o que nos permite viver e curar as nossas vidas.<\/span><\/span><\/p>\n<p><span style=\"color: #0000ff;\">Relativamente \u00e0 desprograma\u00e7\u00e3o\u2026e para ser mais simplista\u2026muitas vezes tamb\u00e9m vamos buscar \u00e0 nossa bolsa familiar mem\u00f3rias de situa\u00e7\u00f5es e acontecimentos que sucederam com os nossos antepassados. Dando um exemplo que me apareceu nas minhas consultas: um homem de trintas e poucos anos surgiu com um peso superior aos 120kg\u2026em conversas informais disse-me que com a revolu\u00e7\u00e3o do 25 de Abril que os seus av\u00f3s paternos tiveram que fugir de Angola, e os seus av\u00f3s maternos de Mo\u00e7ambique para Portugal\u2026deixando tudo para tr\u00e1s, incluindo todos os bens e a riqueza criada nesses pa\u00edses. Em Portugal, come\u00e7aram do nada, passaram por situa\u00e7\u00f5es de fome e tiveram que GANHAR mais e mais para voltarem a ter uma vida est\u00e1vel e segura. Como o nosso c\u00e9rebro n\u00e3o identifica o que \u00e9 real, virtual, simb\u00f3lico ou imagin\u00e1rio\u2026o homem que estava \u00e0 minha frente come\u00e7ou a ganhar mais e mais massa gorda \u2013 porque no seu projecto de vida est\u00e1 a heran\u00e7a herdada de todos os av\u00f3s que para sobreviver h\u00e1 que ganhar mais e mais\u2026neste caso, era de gordura \u2013 porque em situa\u00e7\u00f5es de guerra a \u201cgordura\u201d n\u00e3o \u00e9 roubada. Ou seja, a sua obesidade estava relacionada com as necessidades criadas pelos seus av\u00f3s. Ao tomar consci\u00eancia perdeu muito peso\u2026sempre associado a um estilo de vida saud\u00e1vel \u2013 com uma dieta personalizada e a pr\u00e1tica di\u00e1ria de actividade-f\u00edsica.<\/span><\/p>\n<p><span style=\"color: #0000ff;\">Relativamente \u00e0 Hipertens\u00e3o arterial<\/span><\/p>\n<p><span style=\"color: #0000ff;\">A press\u00e3o arterial alta resulta da press\u00e3o efectuada pelas paredes das art\u00e9rias para a circula\u00e7\u00e3o do sangue quando o cora\u00e7\u00e3o se contrai. \u00c9 considerada uma doen\u00e7a silenciosa porque s\u00f3 se manifesta quando o profissional de sa\u00fade detecta em, pelo menos, duas ou mais medi\u00e7\u00f5es o aumento da press\u00e3o arterial.<\/span><\/p>\n<p><span style=\"color: #0000ff;\">Na desprograma\u00e7\u00e3o os c\u00f3digos biol\u00f3gicos para esta situa\u00e7\u00e3o s\u00e3o:<\/span><\/p>\n<p><span style=\"color: #0000ff;\">&#8211; A n\u00e3o verbaliza\u00e7\u00e3o dos nossos sentimentos e emo\u00e7\u00f5es durante um longo per\u00edodo de tempo,<\/span><br \/>\n<span style=\"color: #0000ff;\">&#8211; Viver numa press\u00e3o constante, no limite do conflito,<\/span><br \/>\n<span style=\"color: #0000ff;\">&#8211; Conflito de desvaloriza\u00e7\u00e3o relacionado com a fam\u00edlia,<\/span><br \/>\n<span style=\"color: #0000ff;\">&#8211; Resist\u00eancia ao amor e \u00e0s rela\u00e7\u00f5es,<\/span><br \/>\n<span style=\"color: #0000ff;\">&#8211; Conflito de \u201csufoco\u201d. Existem pessoas a mais em casa e\/ou no trabalho das quais prescindimos,<\/span><br \/>\n<span style=\"color: #0000ff;\">&#8211; Falta de reconhecimento \u2013 queremos ser reconhecidos pela fam\u00edlia ou no emprego,<\/span><br \/>\n<span style=\"color: #0000ff;\">&#8211; Situa\u00e7\u00f5es e problemas antigos n\u00e3o resolvidos,<\/span><br \/>\n<span style=\"color: #0000ff;\"><span style=\"font-size: 1rem;\">&#8211; Agressividade reprimida.<\/span><\/span><\/p>\n<p><span style=\"color: #0000ff;\">Nota importante: quando esta doen\u00e7a \u00e9 detectada muitas vezes j\u00e1 se passaram anos da pessoa padecer com esta enfermidade. Por isso, \u00e9 fundamental a pessoa saber quando \u00e9 que as doen\u00e7as aparecem para que seja feita uma correcta desprograma\u00e7\u00e3o.<\/span><\/p>\n<p><span style=\"color: #0000ff;\">Nestas consultas o cliente deve trazer consigo:<\/span><\/p>\n<p><span style=\"color: #0000ff;\">&#8211; A sua \u00e1rvore geneal\u00f3gica (com datas de nacimento, de falecimento, profiss\u00f5es, abortos (espont\u00e2neos ou induzidos) \u2013 se existirem, local de nascimento, local onde vive\/viveu, datas de casamentos).<\/span><br \/>\n<span style=\"color: #0000ff;\">&#8211; A sua linha da vida: preciso que o cliente anote numa folha branca situa\u00e7\u00f5es e experi\u00eancias vividas a n\u00edvel f\u00edsico, mental, emocional ou espiritual (sejam elas reais, imagin\u00e1rias, virtuais ou simb\u00f3licas) da sua vida, incluindo alguns meses antes da sua concep\u00e7\u00e3o.<\/span><\/p>\n<p><span style=\"color: #0000ff;\">Exemplos: a m\u00e3e gr\u00e1vida de 3 meses (do cliente) foi despedida, com 1 ano de idade os pais divorciaram-se, com 6 anos de idade nasceu o irm\u00e3o X, aos 11 anos de idade apareceu pela primeira vez a menstrua\u00e7\u00e3o, aos 15 anos de idade teve a sua primeira namorada, aos 18 anos entrou para a universidade, etc.<\/span><\/p>\n<p><span style=\"color: #0000ff;\">Para mais informa\u00e7\u00f5es escreva um email para: bemnutrir@bemnutrir.com<\/span><\/p>\n<p>&nbsp;<\/p>\n","protected":false},"excerpt":{"rendered":"<p>A desprograma\u00e7\u00e3o biol\u00f3gica consiste numa terapia alternativa atrav\u00e9s da qual as pessoas curam-se ou \u201cdesprogramam-se\u201d de doen\u00e7as e mal-estares que afectam a sa\u00fade f\u00edsica ou mental, ou simplesmente o seu bem-estar pessoal, familiar ou profissional atrav\u00e9s de conflitos actuais, padr\u00f5es repetitivos ou atitudes\/comportamentos inconscientes e transgeracionais (herdados), etc com o conhecimento dos c\u00f3digos biol\u00f3gicos existentes. &hellip; <\/p>\n<p class=\"link-more\"><a href=\"https:\/\/www.bemnutrir.com\/portal\/?page_id=869\" class=\"more-link\">Continuar a ler <span class=\"screen-reader-text\">&#8220;Desprograma\u00e7\u00e3o Biol\u00f3gica&#8221;<\/span><\/a><\/p>\n","protected":false},"author":1,"featured_media":872,"parent":0,"menu_order":0,"comment_status":"closed","ping_status":"closed","template":"","meta":{"footnotes":""},"class_list":["post-869","page","type-page","status-publish","has-post-thumbnail","hentry"],"_links":{"self":[{"href":"https:\/\/www.bemnutrir.com\/portal\/index.php?rest_route=\/wp\/v2\/pages\/869","targetHints":{"allow":["GET"]}}],"collection":[{"href":"https:\/\/www.bemnutrir.com\/portal\/index.php?rest_route=\/wp\/v2\/pages"}],"about":[{"href":"https:\/\/www.bemnutrir.com\/portal\/index.php?rest_route=\/wp\/v2\/types\/page"}],"author":[{"embeddable":true,"href":"https:\/\/www.bemnutrir.com\/portal\/index.php?rest_route=\/wp\/v2\/users\/1"}],"replies":[{"embeddable":true,"href":"https:\/\/www.bemnutrir.com\/portal\/index.php?rest_route=%2Fwp%2Fv2%2Fcomments&post=869"}],"version-history":[{"count":0,"href":"https:\/\/www.bemnutrir.com\/portal\/index.php?rest_route=\/wp\/v2\/pages\/869\/revisions"}],"wp:featuredmedia":[{"embeddable":true,"href":"https:\/\/www.bemnutrir.com\/portal\/index.php?rest_route=\/wp\/v2\/media\/872"}],"wp:attachment":[{"href":"https:\/\/www.bemnutrir.com\/portal\/index.php?rest_route=%2Fwp%2Fv2%2Fmedia&parent=869"}],"curies":[{"name":"wp","href":"https:\/\/api.w.org\/{rel}","templated":true}]}}