{"id":977,"date":"2018-03-19T17:05:54","date_gmt":"2018-03-19T16:05:54","guid":{"rendered":"https:\/\/www.bemnutrir.com\/portal\/?page_id=977"},"modified":"2018-03-23T16:34:41","modified_gmt":"2018-03-23T15:34:41","slug":"calculo-de-imc","status":"publish","type":"page","link":"https:\/\/www.bemnutrir.com\/portal\/?page_id=977","title":{"rendered":"C\u00e1lculo de IMC"},"content":{"rendered":"<p style=\"text-align: justify;\"><span style=\"color: #000000;\">O IMC, de uso muito difundido pela classe m\u00e9dica, \u00e9 uma f\u00f3rmula utilizada para identificar a obesidade. Deve-se dividir o peso (em kg) pela altura (em metros) elevada ao quadrado. Preencha seus dados para obter o valor de seu \u00edndice de massa corporal:<\/span><\/p>\n<p><span style=\"color: #000000;\"><script data-category=\"functional\" type=\"text\/javascript\" src=\"https:\/\/www.bemnutrir.com\/portal\/wp-includes\/js\/jquery\/jquery.js\"><\/script><script data-category=\"functional\" type=\"text\/javascript\" src=\"https:\/\/www.bemnutrir.com\/portal\/wp-includes\/js\/jquery\/ui\/core.min.js\"><\/script><script data-category=\"functional\" type=\"text\/javascript\" src=\"https:\/\/www.bemnutrir.com\/portal\/wp-includes\/js\/jquery\/ui\/datepicker.min.js\"><\/script><script data-category=\"functional\" type=\"text\/javascript\" src=\"https:\/\/www.bemnutrir.com\/portal\/wp-includes\/js\/jquery\/ui\/tooltip.min.js\"><\/script><script data-category=\"functional\" type=\"text\/javascript\" src=\"https:\/\/www.bemnutrir.com\/portal\/wp-includes\/js\/jquery\/ui\/mouse.min.js\"><\/script><script data-category=\"functional\" type=\"text\/javascript\" src=\"https:\/\/www.bemnutrir.com\/portal\/wp-includes\/js\/jquery\/ui\/slider.min.js\"><\/script>\t\t\t\t\t<script data-category=\"functional\" type='text\/javascript'> if( typeof fbuilderjQuery == 'undefined' && typeof jQuery != 'undefined' ) fbuilderjQuery = jQuery;<\/script>\n\t\t\t\t\t<script data-category=\"functional\" type='text\/javascript' src='https:\/\/www.bemnutrir.com\/portal\/wp-content\/plugins\/calculated-fields-form\/vendors\/jquery.validate.js'><\/script>\n\t\t\t\t\t<script data-category=\"functional\" type='text\/javascript' src='https:\/\/www.bemnutrir.com\/portal\/wp-content\/plugins\/calculated-fields-form\/vendors\/purify.min.js'><\/script>\n\t\t\t\t\t<script data-category=\"functional\" type='text\/javascript' src='https:\/\/www.bemnutrir.com\/portal\/wp-content\/plugins\/calculated-fields-form\/js\/cache\/all.js?ver=5.4.5.5'><\/script>\n\t\t\t\t\t\t\t\t\t<pre style=\"display:none !important;\"><script data-category=\"functional\" type='text\/javascript'>cp_calculatedfieldsf_fbuilder_config_1={\"obj\":{\"pub\":true,\"form\":\"8\",\"identifier\":\"_1\",\"messages\":{\"required\":\"Campo obrigat\\u00f3rio!\",\"email\":\"Please enter a valid email address.\",\"datemmddyyyy\":\"Please enter a valid date with this format(mm\\\/dd\\\/yyyy)\",\"dateddmmyyyy\":\"Please enter a valid date with this format(dd\\\/mm\\\/yyyy)\",\"number\":\"Please enter a valid number.\",\"digits\":\"Please enter only digits.\",\"max\":\"Please enter a value less than or equal to {0}.\",\"min\":\"Please enter a value greater than or equal to {0}.\",\"previous\":\"Previous\",\"next\":\"Next\",\"pageof\":\"Page {0} of {0}\",\"audio_tutorial\":\"Help\",\"ai_assistant_button\":\"Apply suggestion\",\"ai_assistant_generating\":\"Generating suggestion...\",\"minlength\":\"Please enter at least {0} characters.\",\"maxlength\":\"Please enter no more than {0} characters.\",\"equalTo\":\"Please enter the same value again.\",\"accept\":\"Please enter a value with a valid extension.\",\"upload_size\":\"The file you've chosen is too big, maximum is {0} kB.\",\"phone\":\"Invalid phone number.\",\"currency\":\"Please enter a valid currency value.\"}}};<\/script><\/pre>\n\t\t\t\t<link href=\"https:\/\/www.bemnutrir.com\/portal\/wp-content\/plugins\/calculated-fields-form\/templates\/12\/style.css?ver=5.4.5.5\" type=\"text\/css\" rel=\"stylesheet\" property=\"stylesheet\" \/><script data-category=\"functional\" src=\"https:\/\/www.bemnutrir.com\/portal\/wp-content\/plugins\/calculated-fields-form\/templates\/12\/js.js?ver=5.4.5.5\"><\/script><style>@media (max-width:480px){#cp_calculatedfieldsf_pform_1{min-height:685px;}}@media (max-width:1024px){#cp_calculatedfieldsf_pform_1{min-height:500px;}}@media (min-width:1024px){#cp_calculatedfieldsf_pform_1{min-height:504px;}}<\/style><form name=\"cp_calculatedfieldsf_pform_1\" id=\"cp_calculatedfieldsf_pform_1\" action=\"https:\/\/www.bemnutrir.com\/portal\/?page_id=977\" method=\"post\" enctype=\"multipart\/form-data\" onsubmit=\"return fbuilderjQuery.fbuilder.doValidate(this);\" class=\"cff-form no-prefetch  cff-form-8 cp_cff_12\"  data-nonce=\"1c2f11542f\">\n<input type=\"hidden\" name=\"cp_calculatedfieldsf_pform_psequence\" value=\"_1\" \/>\n<input type=\"hidden\" name=\"cp_calculatedfieldsf_id\" value=\"8\" \/>\n<input type=\"hidden\" name=\"cp_ref_page\" value=\"https:\/\/www.bemnutrir.com\/portal\" \/>\n<pre style=\"display:none !important;\"><script data-category=\"functional\" type=\"text\/javascript\">form_structure_1=[[{\"form_identifier\":\"\",\"name\":\"fieldname2\",\"shortlabel\":\"peso\",\"index\":0,\"ftype\":\"fnumber\",\"userhelp\":\"Introduza valor em quilogramas.\",\"userhelpTooltip\":true,\"csslayout\":\"\",\"title\":\"O seu peso em quilogramas\",\"predefined\":\"50\",\"predefinedClick\":false,\"required\":true,\"readonly\":false,\"size\":\"small\",\"thousandSeparator\":\"\",\"decimalSymbol\":\".\",\"min\":\"\",\"max\":\"\",\"formatDynamically\":false,\"dformat\":\"number\",\"formats\":[\"digits\",\"number\"],\"fBuild\":{},\"parent\":\"\"},{\"form_identifier\":\"\",\"name\":\"fieldname3\",\"shortlabel\":\"\",\"index\":1,\"ftype\":\"fnumber\",\"userhelp\":\"Introduza valor em metros.\",\"userhelpTooltip\":true,\"csslayout\":\"\",\"title\":\"A sua altura em metros\",\"predefined\":\"1.50\",\"predefinedClick\":false,\"required\":true,\"readonly\":false,\"size\":\"small\",\"thousandSeparator\":\"\",\"decimalSymbol\":\".\",\"min\":\"\",\"max\":\"\",\"formatDynamically\":false,\"dformat\":\"number\",\"formats\":[\"digits\",\"number\"],\"fBuild\":{},\"parent\":\"\"},{\"form_identifier\":\"\",\"name\":\"separator1\",\"shortlabel\":\"\",\"index\":2,\"ftype\":\"fSectionBreak\",\"userhelp\":\"\",\"userhelpTooltip\":false,\"csslayout\":\"\",\"title\":\"O seu IMC \",\"fBuild\":{},\"parent\":\"\"},{\"form_identifier\":\"\",\"name\":\"fieldname1\",\"shortlabel\":\"\",\"index\":3,\"ftype\":\"fCalculated\",\"userhelp\":\"\",\"userhelpTooltip\":false,\"csslayout\":\"\",\"title\":\"\",\"predefined\":\"\",\"required\":false,\"size\":\"small\",\"toolbar\":\"default|mathematical\",\"eq\":\"PREC(fieldname2\\\/(fieldname3*fieldname3),2)\",\"suffix\":\"\",\"prefix\":\"\",\"decimalsymbol\":\".\",\"groupingsymbol\":\"\",\"dependencies\":[{\"rule\":\"value!=1\",\"complex\":false,\"fields\":[\"fieldname4\"]}],\"readonly\":true,\"hidefield\":false,\"fBuild\":{},\"parent\":\"\"},{\"form_identifier\":\"\",\"name\":\"fieldname10\",\"shortlabel\":\"\",\"index\":4,\"ftype\":\"fSectionBreak\",\"userhelp\":\"\",\"userhelpTooltip\":false,\"csslayout\":\"\",\"title\":\"Categoria:\",\"fBuild\":{},\"parent\":\"\"},{\"form_identifier\":\"\",\"name\":\"fieldname9\",\"shortlabel\":\"categoria\",\"index\":5,\"ftype\":\"fCalculated\",\"userhelp\":\"\",\"userhelpTooltip\":false,\"csslayout\":\"\",\"title\":\"\",\"predefined\":\"-\",\"required\":false,\"size\":\"large\",\"toolbar\":\"default|mathematical\",\"eq\":\"(function(){\\n\\nif(fieldname1 \\u003E 45) return fieldname12;\\nif(fieldname1 \\u003E= 40) return fieldname11;\\nif(fieldname1 \\u003E= 35) return fieldname8;\\nif(fieldname1 \\u003E= 30) return fieldname7;\\nif(fieldname1 \\u003E= 25) return fieldname6;\\nif(fieldname1 \\u003E= 20) return fieldname5;\\nif(fieldname1 \\u003C 20) return fieldname4;\\n\\n})();\",\"suffix\":\"\",\"prefix\":\"\",\"decimalsymbol\":\".\",\"groupingsymbol\":\"\",\"dependencies\":[{\"rule\":\"\",\"complex\":false,\"fields\":[\"\"]}],\"readonly\":true,\"hidefield\":false,\"fBuild\":{},\"parent\":\"\"},{\"form_identifier\":\"\",\"name\":\"fieldname4\",\"shortlabel\":\"magreza\",\"index\":6,\"ftype\":\"fhidden\",\"userhelp\":\"\",\"userhelpTooltip\":false,\"csslayout\":\"\",\"title\":\"Hidden\",\"predefined\":\"Baixo peso - Risco de doen\\u00e7as cr\\u00f3nicas baixo (aumento do risco de car\\u00eancias nutricionais.\",\"fBuild\":{},\"parent\":\"\"},{\"form_identifier\":\"\",\"name\":\"fieldname5\",\"shortlabel\":\"normal\",\"index\":7,\"ftype\":\"fhidden\",\"userhelp\":\"\",\"userhelpTooltip\":false,\"csslayout\":\"\",\"title\":\"Hidden\",\"predefined\":\"Peso normal.\",\"fBuild\":{},\"parent\":\"\"},{\"form_identifier\":\"\",\"name\":\"fieldname6\",\"shortlabel\":\"excesso\",\"index\":8,\"ftype\":\"fhidden\",\"userhelp\":\"\",\"userhelpTooltip\":false,\"csslayout\":\"\",\"title\":\"Hidden\",\"predefined\":\"Pr\\u00e9 obesidade - Risco de doen\\u00e7as cr\\u00f3nicas aumentado.\",\"fBuild\":{},\"parent\":\"\"},{\"form_identifier\":\"\",\"name\":\"fieldname7\",\"shortlabel\":\"grau i\",\"index\":9,\"ftype\":\"fhidden\",\"userhelp\":\"\",\"userhelpTooltip\":false,\"csslayout\":\"\",\"title\":\"Hidden\",\"predefined\":\"Obesidade grau I - Risco de doen\\u00e7as cr\\u00f3nicas moderado.\",\"fBuild\":{},\"parent\":\"\"},{\"form_identifier\":\"\",\"name\":\"fieldname8\",\"shortlabel\":\"grau ii\",\"index\":10,\"ftype\":\"fhidden\",\"userhelp\":\"\",\"userhelpTooltip\":false,\"csslayout\":\"\",\"title\":\"Hidden\",\"predefined\":\"Obesidade grau II - Risco de doen\\u00e7as cr\\u00f3nicas acentuado.\",\"fBuild\":{},\"parent\":\"\"},{\"form_identifier\":\"\",\"name\":\"fieldname11\",\"shortlabel\":\"morbida\",\"index\":11,\"ftype\":\"fhidden\",\"userhelp\":\"\",\"userhelpTooltip\":false,\"csslayout\":\"\",\"title\":\"Hidden\",\"predefined\":\"Obesidade grau III - Risco de doen\\u00e7as cr\\u00f3nicas muito acentuado.\",\"fBuild\":{},\"parent\":\"\"},{\"form_identifier\":\"\",\"name\":\"fieldname12\",\"shortlabel\":\"grau ii\",\"index\":12,\"ftype\":\"fhidden\",\"userhelp\":\"\",\"userhelpTooltip\":false,\"csslayout\":\"\",\"title\":\"Hidden\",\"predefined\":\"Obesidade m\\u00f3rbida - Risco de doen\\u00e7as cr\\u00f3nicas muit\\u00edssimo acentuado.\",\"fBuild\":{},\"parent\":\"\"}],{\"0\":{\"title\":\"\",\"description\":\"Por n\\u00e3o considerar factores individuais importantes na determina\\u00e7\\u00e3o da composi\\u00e7\\u00e3o corporal, este m\\u00e9todo n\\u00e3o \\u00e9 indicado para uma avalia\\u00e7\\u00e3o pormenorizada.\",\"formlayout\":\"top_aligned\",\"autocomplete\":0,\"formtemplate\":\"cp_cff_12\",\"evalequations\":1,\"persistence\":0,\"customstyles\":\"\"},\"formid\":\"cp_calculatedfieldsf_pform_1\"}];<\/script><\/pre>\n<div id=\"fbuilder\">\n\t\t<div id=\"fbuilder_1\">\n\t\t<div id=\"formheader_1\"><\/div>\n\t\t<div id=\"fieldlist_1\"><\/div>\n\t\t<div class=\"clearer\"><\/div>\n\t<\/div>\n<\/div>\n\t<div id=\"cp_subbtn_1\" class=\"cp_subbtn\" style=\"display:none;\"><\/div><div class=\"clearer\"><\/div>\n\t<input type=\"hidden\" id=\"_cpcff_public_nonce\" name=\"_cpcff_public_nonce\" value=\"e426b3d4a6\" \/><input type=\"hidden\" name=\"_wp_http_referer\" value=\"\/portal\/index.php?rest_route=%2Fwp%2Fv2%2Fpages%2F977\" \/><input type=\"hidden\" name=\"cff_form_start_time\" value=\"DIznVWwM2uzkuC3HOXWlLA==\"><\/form>\n\t<\/span><\/p>\n<p><span style=\"color: #000000;\">O \u00edndice de massa corporal indica se o peso est\u00e1 ou n\u00e3o dentro do intervalo considerado normal (18,5 &#8211; 24,9).<\/span><\/p>\n<p><a href=\"https:\/\/www.bemnutrir.com\/portal\/?page_id=988\">\u2190 Controlo do peso<\/a><\/p>\n","protected":false},"excerpt":{"rendered":"<p>O IMC, de uso muito difundido pela classe m\u00e9dica, \u00e9 uma f\u00f3rmula utilizada para identificar a obesidade. Deve-se dividir o peso (em kg) pela altura (em metros) elevada ao quadrado. Preencha seus dados para obter o valor de seu \u00edndice de massa corporal: O \u00edndice de massa corporal indica se o peso est\u00e1 ou n\u00e3o &hellip; <\/p>\n<p class=\"link-more\"><a href=\"https:\/\/www.bemnutrir.com\/portal\/?page_id=977\" class=\"more-link\">Continuar a ler <span class=\"screen-reader-text\">&#8220;C\u00e1lculo de IMC&#8221;<\/span><\/a><\/p>\n","protected":false},"author":1,"featured_media":722,"parent":0,"menu_order":0,"comment_status":"closed","ping_status":"closed","template":"","meta":{"footnotes":""},"class_list":["post-977","page","type-page","status-publish","has-post-thumbnail","hentry"],"_links":{"self":[{"href":"https:\/\/www.bemnutrir.com\/portal\/index.php?rest_route=\/wp\/v2\/pages\/977","targetHints":{"allow":["GET"]}}],"collection":[{"href":"https:\/\/www.bemnutrir.com\/portal\/index.php?rest_route=\/wp\/v2\/pages"}],"about":[{"href":"https:\/\/www.bemnutrir.com\/portal\/index.php?rest_route=\/wp\/v2\/types\/page"}],"author":[{"embeddable":true,"href":"https:\/\/www.bemnutrir.com\/portal\/index.php?rest_route=\/wp\/v2\/users\/1"}],"replies":[{"embeddable":true,"href":"https:\/\/www.bemnutrir.com\/portal\/index.php?rest_route=%2Fwp%2Fv2%2Fcomments&post=977"}],"version-history":[{"count":0,"href":"https:\/\/www.bemnutrir.com\/portal\/index.php?rest_route=\/wp\/v2\/pages\/977\/revisions"}],"wp:featuredmedia":[{"embeddable":true,"href":"https:\/\/www.bemnutrir.com\/portal\/index.php?rest_route=\/wp\/v2\/media\/722"}],"wp:attachment":[{"href":"https:\/\/www.bemnutrir.com\/portal\/index.php?rest_route=%2Fwp%2Fv2%2Fmedia&parent=977"}],"curies":[{"name":"wp","href":"https:\/\/api.w.org\/{rel}","templated":true}]}}